{"id":12260,"date":"2023-03-27T10:54:27","date_gmt":"2023-03-27T16:54:27","guid":{"rendered":"https:\/\/osagreatadventure.com\/costa-ricas-reisefuehrer-blog"},"modified":"2024-03-17T17:09:41","modified_gmt":"2024-03-17T23:09:41","slug":"costa-ricas-reisefuehrer-blog","status":"publish","type":"page","link":"https:\/\/osagreatadventure.com\/de\/costa-ricas-reisefuehrer-blog","title":{"rendered":"Costa Ricas Reisef\u00fchrer-Blog"},"content":{"rendered":"\t\t<div data-elementor-type=\"wp-page\" data-elementor-id=\"12260\" class=\"elementor elementor-12260 elementor-7032\" data-elementor-post-type=\"page\">\n\t\t\t\t<div class=\"elementor-element elementor-element-bcf31d6 e-flex e-con-boxed e-con e-parent\" data-id=\"bcf31d6\" data-element_type=\"container\" data-e-type=\"container\">\n\t\t\t\t\t<div class=\"e-con-inner\">\n\t\t\t\t<div class=\"elementor-element elementor-element-a09a9f4 elementor-search-form--skin-classic elementor-search-form--button-type-icon elementor-search-form--icon-search elementor-widget elementor-widget-search-form\" data-id=\"a09a9f4\" data-element_type=\"widget\" data-e-type=\"widget\" data-settings=\"{&quot;skin&quot;:&quot;classic&quot;}\" data-widget_type=\"search-form.default\">\n\t\t\t\t<div class=\"elementor-widget-container\">\n\t\t\t\t\t\t\t<search role=\"search\">\n\t\t\t<form class=\"elementor-search-form\" action=\"https:\/\/osagreatadventure.com\/de\" method=\"get\">\n\t\t\t\t\t\t\t\t\t\t\t\t<div class=\"elementor-search-form__container\">\n\t\t\t\t\t<label class=\"elementor-screen-only\" for=\"elementor-search-form-a09a9f4\">Suche<\/label>\n\n\t\t\t\t\t\n\t\t\t\t\t<input id=\"elementor-search-form-a09a9f4\" placeholder=\"Suchen...\" class=\"elementor-search-form__input\" type=\"search\" name=\"s\" value=\"\">\n\t\t\t\t\t<input type='hidden' name='lang' value='de' \/>\n\t\t\t\t\t\t\t\t\t\t\t<button class=\"elementor-search-form__submit\" type=\"submit\" aria-label=\"Suche\">\n\t\t\t\t\t\t\t\t\t\t\t\t\t\t\t<div class=\"e-font-icon-svg-container\"><svg class=\"fa fa-search e-font-icon-svg e-fas-search\" viewBox=\"0 0 512 512\" xmlns=\"http:\/\/www.w3.org\/2000\/svg\"><path d=\"M505 442.7L405.3 343c-4.5-4.5-10.6-7-17-7H372c27.6-35.3 44-79.7 44-128C416 93.1 322.9 0 208 0S0 93.1 0 208s93.1 208 208 208c48.3 0 92.7-16.4 128-44v16.3c0 6.4 2.5 12.5 7 17l99.7 99.7c9.4 9.4 24.6 9.4 33.9 0l28.3-28.3c9.4-9.4 9.4-24.6.1-34zM208 336c-70.7 0-128-57.2-128-128 0-70.7 57.2-128 128-128 70.7 0 128 57.2 128 128 0 70.7-57.2 128-128 128z\"><\/path><\/svg><\/div>\t\t\t\t\t\t\t\t\t\t\t\t\t<\/button>\n\t\t\t\t\t\n\t\t\t\t\t\t\t\t\t<\/div>\n\t\t\t<\/form>\n\t\t<\/search>\n\t\t\t\t\t\t<\/div>\n\t\t\t\t<\/div>\n\t\t\t\t\t<\/div>\n\t\t\t\t<\/div>\n\t\t\t\t<section class=\"elementor-section elementor-top-section elementor-element elementor-element-c453d2a elementor-section-boxed elementor-section-height-default elementor-section-height-default\" data-id=\"c453d2a\" data-element_type=\"section\" data-e-type=\"section\">\n\t\t\t\t\t\t<div class=\"elementor-container elementor-column-gap-default\">\n\t\t\t\t\t<div class=\"elementor-column elementor-col-100 elementor-top-column elementor-element elementor-element-d889b50\" data-id=\"d889b50\" data-element_type=\"column\" data-e-type=\"column\">\n\t\t\t<div class=\"elementor-widget-wrap elementor-element-populated\">\n\t\t\t\t\t\t<div class=\"elementor-element elementor-element-636070f elementor-grid-4 elementor-grid-tablet-2 elementor-grid-mobile-1 elementor-posts--thumbnail-top elementor-card-shadow-yes elementor-posts__hover-gradient elementor-widget elementor-widget-posts\" data-id=\"636070f\" data-element_type=\"widget\" data-e-type=\"widget\" data-settings=\"{&quot;cards_columns&quot;:&quot;4&quot;,&quot;cards_columns_tablet&quot;:&quot;2&quot;,&quot;cards_columns_mobile&quot;:&quot;1&quot;,&quot;cards_row_gap&quot;:{&quot;unit&quot;:&quot;px&quot;,&quot;size&quot;:35,&quot;sizes&quot;:[]},&quot;cards_row_gap_tablet&quot;:{&quot;unit&quot;:&quot;px&quot;,&quot;size&quot;:&quot;&quot;,&quot;sizes&quot;:[]},&quot;cards_row_gap_mobile&quot;:{&quot;unit&quot;:&quot;px&quot;,&quot;size&quot;:&quot;&quot;,&quot;sizes&quot;:[]}}\" data-widget_type=\"posts.cards\">\n\t\t\t\t<div class=\"elementor-widget-container\">\n\t\t\t\t\t\t\t<div class=\"elementor-posts-container elementor-posts elementor-posts--skin-cards elementor-grid\" role=\"list\">\n\t\t\t\t<article class=\"elementor-post elementor-grid-item post-12479 post type-post status-publish format-standard has-post-thumbnail hentry category-blog-de\" role=\"listitem\">\n\t\t\t<div class=\"elementor-post__card\">\n\t\t\t\t<a class=\"elementor-post__thumbnail__link\" href=\"https:\/\/osagreatadventure.com\/de\/blog-de\/artikelliste-die-sie-fuer-ihren-urlaub-nach-costa-rica-mitbringen-koennen-pdf\" tabindex=\"-1\" ><div class=\"elementor-post__thumbnail\"><img fetchpriority=\"high\" decoding=\"async\" width=\"300\" height=\"169\" src=\"https:\/\/osagreatadventure.com\/wp-content\/uploads\/2021\/06\/Items-List-of-things-you-must-bring-to-Costa-Rica-300x169.png\" class=\"attachment-medium size-medium wp-image-9411\" alt=\"\" srcset=\"https:\/\/osagreatadventure.com\/wp-content\/uploads\/2021\/06\/Items-List-of-things-you-must-bring-to-Costa-Rica-300x169.png 300w, https:\/\/osagreatadventure.com\/wp-content\/uploads\/2021\/06\/Items-List-of-things-you-must-bring-to-Costa-Rica.png 400w\" sizes=\"(max-width: 300px) 100vw, 300px\" \/><\/div><\/a>\n\t\t\t\t<div class=\"elementor-post__badge\">Blog<\/div>\n\t\t\t\t<div class=\"elementor-post__text\">\n\t\t\t\t<h1 class=\"elementor-post__title\">\n\t\t\t<a href=\"https:\/\/osagreatadventure.com\/de\/blog-de\/artikelliste-die-sie-fuer-ihren-urlaub-nach-costa-rica-mitbringen-koennen-pdf\" >\n\t\t\t\tArtikelliste, die Sie f\u00fcr Ihren Urlaub nach Costa Rica mitbringen k\u00f6nnen PDF\t\t\t<\/a>\n\t\t<\/h1>\n\t\t\t\t<div class=\"elementor-post__excerpt\">\n\t\t\t<p>Es ist v\u00f6llig verst\u00e4ndlich, dass man bei Costa Rica als n\u00e4chstes Urlaubsziel nur an Sonne, Strand, Tiere und Abenteuer denkt, aber die Tatsache ignoriert, dass es an manchen Orten kalt, matschig oder regnerisch sein kann.<br \/>\nSie k\u00f6nnen entscheiden, welcher Artikel hilfreich sein k\u00f6nnte, um ihn Ihrem Gep\u00e4ck hinzuzuf\u00fcgen.<\/p>\n\t\t<\/div>\n\t\t\n\t\t<a class=\"elementor-post__read-more\" href=\"https:\/\/osagreatadventure.com\/de\/blog-de\/artikelliste-die-sie-fuer-ihren-urlaub-nach-costa-rica-mitbringen-koennen-pdf\" aria-label=\"Mehr \u00fcber Artikelliste, die Sie f\u00fcr Ihren Urlaub nach Costa Rica mitbringen k\u00f6nnen PDF\" tabindex=\"-1\" >\n\t\t\tWeiterlesen \u00bb\t\t<\/a>\n\n\t\t\t\t<\/div>\n\t\t\t\t<div class=\"elementor-post__meta-data\">\n\t\t\t\t\t<span class=\"elementor-post-author\">\n\t\t\tAllan Guevara.\t\t<\/span>\n\t\t\t\t<span class=\"elementor-post-date\">\n\t\t\t28 M\u00e4rz, 2023\t\t<\/span>\n\t\t\t\t<\/div>\n\t\t\t\t\t<\/div>\n\t\t<\/article>\n\t\t\t\t<article class=\"elementor-post elementor-grid-item post-12469 post type-post status-publish format-standard has-post-thumbnail hentry category-blog-de\" role=\"listitem\">\n\t\t\t<div class=\"elementor-post__card\">\n\t\t\t\t<a class=\"elementor-post__thumbnail__link\" href=\"https:\/\/osagreatadventure.com\/de\/blog-de\/durch-zecken-uebertragene-krankheiten-in-costa-rica\" tabindex=\"-1\" ><div class=\"elementor-post__thumbnail\"><img decoding=\"async\" width=\"300\" height=\"300\" src=\"https:\/\/osagreatadventure.com\/wp-content\/uploads\/2021\/05\/Lyme-born-desieses-in-Costa-Rica-1-300x300.png\" class=\"attachment-medium size-medium wp-image-9116\" alt=\"\" srcset=\"https:\/\/osagreatadventure.com\/wp-content\/uploads\/2021\/05\/Lyme-born-desieses-in-Costa-Rica-1-300x300.png 300w, https:\/\/osagreatadventure.com\/wp-content\/uploads\/2021\/05\/Lyme-born-desieses-in-Costa-Rica-1-1024x1024.png 1024w, https:\/\/osagreatadventure.com\/wp-content\/uploads\/2021\/05\/Lyme-born-desieses-in-Costa-Rica-1-150x150.png 150w, https:\/\/osagreatadventure.com\/wp-content\/uploads\/2021\/05\/Lyme-born-desieses-in-Costa-Rica-1-768x768.png 768w, https:\/\/osagreatadventure.com\/wp-content\/uploads\/2021\/05\/Lyme-born-desieses-in-Costa-Rica-1.png 1080w\" sizes=\"(max-width: 300px) 100vw, 300px\" \/><\/div><\/a>\n\t\t\t\t<div class=\"elementor-post__badge\">Blog<\/div>\n\t\t\t\t<div class=\"elementor-post__text\">\n\t\t\t\t<h1 class=\"elementor-post__title\">\n\t\t\t<a href=\"https:\/\/osagreatadventure.com\/de\/blog-de\/durch-zecken-uebertragene-krankheiten-in-costa-rica\" >\n\t\t\t\tDurch Zecken \u00fcbertragene Krankheiten in Costa Rica\t\t\t<\/a>\n\t\t<\/h1>\n\t\t\t\t<div class=\"elementor-post__excerpt\">\n\t\t\t<p>Durch Zecken \u00fcbertragene Krankheiten in Costa Rica sind ein Thema, das normalerweise von Reisenden diskutiert wird, die herausfinden, dass sie sich bei einem Spaziergang in der Natur eine angesteckt haben, und hier habe ich n\u00fctzliche Informationen zu diesem speziellen Thema.<\/p>\n\t\t<\/div>\n\t\t\n\t\t<a class=\"elementor-post__read-more\" href=\"https:\/\/osagreatadventure.com\/de\/blog-de\/durch-zecken-uebertragene-krankheiten-in-costa-rica\" aria-label=\"Mehr \u00fcber Durch Zecken \u00fcbertragene Krankheiten in Costa Rica\" tabindex=\"-1\" >\n\t\t\tWeiterlesen \u00bb\t\t<\/a>\n\n\t\t\t\t<\/div>\n\t\t\t\t<div class=\"elementor-post__meta-data\">\n\t\t\t\t\t<span class=\"elementor-post-author\">\n\t\t\tAllan Guevara.\t\t<\/span>\n\t\t\t\t<span class=\"elementor-post-date\">\n\t\t\t28 M\u00e4rz, 2023\t\t<\/span>\n\t\t\t\t<\/div>\n\t\t\t\t\t<\/div>\n\t\t<\/article>\n\t\t\t\t<article class=\"elementor-post elementor-grid-item post-12448 post type-post status-publish format-standard has-post-thumbnail hentry category-blog-de\" role=\"listitem\">\n\t\t\t<div class=\"elementor-post__card\">\n\t\t\t\t<a class=\"elementor-post__thumbnail__link\" href=\"https:\/\/osagreatadventure.com\/de\/blog-de\/puma-angriffe-im-corcovado-nationalpark-costa-rica\" tabindex=\"-1\" ><div class=\"elementor-post__thumbnail\"><img decoding=\"async\" width=\"300\" height=\"165\" src=\"https:\/\/osagreatadventure.com\/wp-content\/uploads\/2021\/05\/puma-attack-in-Corcovado-Costa-Rica-300x165.jpeg\" class=\"attachment-medium size-medium wp-image-9052\" alt=\"\" srcset=\"https:\/\/osagreatadventure.com\/wp-content\/uploads\/2021\/05\/puma-attack-in-Corcovado-Costa-Rica-300x165.jpeg 300w, https:\/\/osagreatadventure.com\/wp-content\/uploads\/2021\/05\/puma-attack-in-Corcovado-Costa-Rica.jpeg 640w\" sizes=\"(max-width: 300px) 100vw, 300px\" \/><\/div><\/a>\n\t\t\t\t<div class=\"elementor-post__badge\">Blog<\/div>\n\t\t\t\t<div class=\"elementor-post__text\">\n\t\t\t\t<h1 class=\"elementor-post__title\">\n\t\t\t<a href=\"https:\/\/osagreatadventure.com\/de\/blog-de\/puma-angriffe-im-corcovado-nationalpark-costa-rica\" >\n\t\t\t\tPuma-Angriffe im Corcovado-Nationalpark, Costa Rica\t\t\t<\/a>\n\t\t<\/h1>\n\t\t\t\t<div class=\"elementor-post__excerpt\">\n\t\t\t<p>Auch wenn Puma-Angriffe im Corcovado-Nationalpark sporadisch dokumentiert wurden, sind in den letzten Jahren einige F\u00e4lle aufgetreten. Wir werden dar\u00fcber sprechen, wie es m\u00f6glich w\u00e4re und wie man sich w\u00e4hrend einer Puma-Begegnung verhalten sollte.<\/p>\n\t\t<\/div>\n\t\t\n\t\t<a class=\"elementor-post__read-more\" href=\"https:\/\/osagreatadventure.com\/de\/blog-de\/puma-angriffe-im-corcovado-nationalpark-costa-rica\" aria-label=\"Mehr \u00fcber Puma-Angriffe im Corcovado-Nationalpark, Costa Rica\" tabindex=\"-1\" >\n\t\t\tWeiterlesen \u00bb\t\t<\/a>\n\n\t\t\t\t<\/div>\n\t\t\t\t<div class=\"elementor-post__meta-data\">\n\t\t\t\t\t<span class=\"elementor-post-author\">\n\t\t\tAllan Guevara.\t\t<\/span>\n\t\t\t\t<span class=\"elementor-post-date\">\n\t\t\t28 M\u00e4rz, 2023\t\t<\/span>\n\t\t\t\t<\/div>\n\t\t\t\t\t<\/div>\n\t\t<\/article>\n\t\t\t\t<\/div>\n\t\t\n\t\t\t\t\t\t<\/div>\n\t\t\t\t<\/div>\n\t\t\t\t\t<\/div>\n\t\t<\/div>\n\t\t\t\t\t<\/div>\n\t\t<\/section>\n\t\t\t\t<\/div>\n\t\t","protected":false},"excerpt":{"rendered":"","protected":false},"author":2,"featured_media":0,"parent":0,"menu_order":0,"comment_status":"closed","ping_status":"closed","template":"elementor_header_footer","meta":{"footnotes":""},"class_list":["post-12260","page","type-page","status-publish","hentry"],"yoast_head":"<!-- This site is optimized with the Yoast SEO plugin v26.9 - https:\/\/yoast.com\/product\/yoast-seo-wordpress\/ -->\n<title>Costa Ricas Reisef\u00fchrer-Blog | Osa Great Adventure<\/title>\n<meta name=\"robots\" content=\"index, follow, max-snippet:-1, max-image-preview:large, max-video-preview:-1\" \/>\n<link rel=\"canonical\" href=\"https:\/\/osagreatadventure.com\/de\/costa-ricas-reisefuehrer-blog\" \/>\n<meta property=\"og:locale\" content=\"de_DE\" \/>\n<meta property=\"og:type\" content=\"article\" \/>\n<meta property=\"og:title\" content=\"Costa Ricas Reisef\u00fchrer-Blog | Osa Great Adventure\" \/>\n<meta property=\"og:url\" content=\"https:\/\/osagreatadventure.com\/de\/costa-ricas-reisefuehrer-blog\" \/>\n<meta property=\"og:site_name\" content=\"Osa Great Adventure\" \/>\n<meta property=\"article:publisher\" content=\"https:\/\/www.facebook.com\/OsaGreatAdventure\/\" \/>\n<meta property=\"article:modified_time\" content=\"2024-03-17T23:09:41+00:00\" \/>\n<script type=\"application\/ld+json\" class=\"yoast-schema-graph\">{\"@context\":\"https:\/\/schema.org\",\"@graph\":[{\"@type\":\"WebPage\",\"@id\":\"https:\/\/osagreatadventure.com\/de\/costa-ricas-reisefuehrer-blog\",\"url\":\"https:\/\/osagreatadventure.com\/de\/costa-ricas-reisefuehrer-blog\",\"name\":\"Costa Ricas Reisef\u00fchrer-Blog | Osa Great Adventure\",\"isPartOf\":{\"@id\":\"https:\/\/osagreatadventure.com\/de#website\"},\"datePublished\":\"2023-03-27T16:54:27+00:00\",\"dateModified\":\"2024-03-17T23:09:41+00:00\",\"breadcrumb\":{\"@id\":\"https:\/\/osagreatadventure.com\/de\/costa-ricas-reisefuehrer-blog#breadcrumb\"},\"inLanguage\":\"de\",\"potentialAction\":[{\"@type\":\"ReadAction\",\"target\":[\"https:\/\/osagreatadventure.com\/de\/costa-ricas-reisefuehrer-blog\"]}]},{\"@type\":\"BreadcrumbList\",\"@id\":\"https:\/\/osagreatadventure.com\/de\/costa-ricas-reisefuehrer-blog#breadcrumb\",\"itemListElement\":[{\"@type\":\"ListItem\",\"position\":1,\"name\":\"Home\",\"item\":\"https:\/\/osagreatadventure.com\/de\"},{\"@type\":\"ListItem\",\"position\":2,\"name\":\"Costa Ricas Reisef\u00fchrer-Blog\"}]},{\"@type\":\"WebSite\",\"@id\":\"https:\/\/osagreatadventure.com\/de#website\",\"url\":\"https:\/\/osagreatadventure.com\/de\",\"name\":\"Osa Great Adventure\",\"description\":\"Wildlife Observation Experts\",\"publisher\":{\"@id\":\"https:\/\/osagreatadventure.com\/de#organization\"},\"potentialAction\":[{\"@type\":\"SearchAction\",\"target\":{\"@type\":\"EntryPoint\",\"urlTemplate\":\"https:\/\/osagreatadventure.com\/de?s={search_term_string}\"},\"query-input\":{\"@type\":\"PropertyValueSpecification\",\"valueRequired\":true,\"valueName\":\"search_term_string\"}}],\"inLanguage\":\"de\"},{\"@type\":\"Organization\",\"@id\":\"https:\/\/osagreatadventure.com\/de#organization\",\"name\":\"Osa Great Adventure\",\"url\":\"https:\/\/osagreatadventure.com\/de\",\"logo\":{\"@type\":\"ImageObject\",\"inLanguage\":\"de\",\"@id\":\"https:\/\/osagreatadventure.com\/de#\/schema\/logo\/image\/\",\"url\":\"https:\/\/osagreatadventure.com\/wp-content\/uploads\/2018\/04\/logo-osa-great-adventure-1.png\",\"contentUrl\":\"https:\/\/osagreatadventure.com\/wp-content\/uploads\/2018\/04\/logo-osa-great-adventure-1.png\",\"width\":153,\"height\":151,\"caption\":\"Osa Great Adventure\"},\"image\":{\"@id\":\"https:\/\/osagreatadventure.com\/de#\/schema\/logo\/image\/\"},\"sameAs\":[\"https:\/\/www.facebook.com\/OsaGreatAdventure\/\",\"https:\/\/x.com\/osa84488724\",\"https:\/\/www.instagram.com\/osa_great_adventure\/\",\"https:\/\/www.linkedin.com\/in\/osa-great-adventure-8624a964\/\",\"https:\/\/www.pinterest.es\/osagreatadventu\/\",\"https:\/\/www.youtube.com\/channel\/UC7AEPnai7kjfdj8JPVn7w-g?view_as=subscriber\"]}]}<\/script>\n<!-- \/ Yoast SEO plugin. -->","yoast_head_json":{"title":"Costa Ricas Reisef\u00fchrer-Blog | Osa Great Adventure","robots":{"index":"index","follow":"follow","max-snippet":"max-snippet:-1","max-image-preview":"max-image-preview:large","max-video-preview":"max-video-preview:-1"},"canonical":"https:\/\/osagreatadventure.com\/de\/costa-ricas-reisefuehrer-blog","og_locale":"de_DE","og_type":"article","og_title":"Costa Ricas Reisef\u00fchrer-Blog | Osa Great Adventure","og_url":"https:\/\/osagreatadventure.com\/de\/costa-ricas-reisefuehrer-blog","og_site_name":"Osa Great Adventure","article_publisher":"https:\/\/www.facebook.com\/OsaGreatAdventure\/","article_modified_time":"2024-03-17T23:09:41+00:00","schema":{"@context":"https:\/\/schema.org","@graph":[{"@type":"WebPage","@id":"https:\/\/osagreatadventure.com\/de\/costa-ricas-reisefuehrer-blog","url":"https:\/\/osagreatadventure.com\/de\/costa-ricas-reisefuehrer-blog","name":"Costa Ricas Reisef\u00fchrer-Blog | Osa Great Adventure","isPartOf":{"@id":"https:\/\/osagreatadventure.com\/de#website"},"datePublished":"2023-03-27T16:54:27+00:00","dateModified":"2024-03-17T23:09:41+00:00","breadcrumb":{"@id":"https:\/\/osagreatadventure.com\/de\/costa-ricas-reisefuehrer-blog#breadcrumb"},"inLanguage":"de","potentialAction":[{"@type":"ReadAction","target":["https:\/\/osagreatadventure.com\/de\/costa-ricas-reisefuehrer-blog"]}]},{"@type":"BreadcrumbList","@id":"https:\/\/osagreatadventure.com\/de\/costa-ricas-reisefuehrer-blog#breadcrumb","itemListElement":[{"@type":"ListItem","position":1,"name":"Home","item":"https:\/\/osagreatadventure.com\/de"},{"@type":"ListItem","position":2,"name":"Costa Ricas Reisef\u00fchrer-Blog"}]},{"@type":"WebSite","@id":"https:\/\/osagreatadventure.com\/de#website","url":"https:\/\/osagreatadventure.com\/de","name":"Osa Great Adventure","description":"Wildlife Observation Experts","publisher":{"@id":"https:\/\/osagreatadventure.com\/de#organization"},"potentialAction":[{"@type":"SearchAction","target":{"@type":"EntryPoint","urlTemplate":"https:\/\/osagreatadventure.com\/de?s={search_term_string}"},"query-input":{"@type":"PropertyValueSpecification","valueRequired":true,"valueName":"search_term_string"}}],"inLanguage":"de"},{"@type":"Organization","@id":"https:\/\/osagreatadventure.com\/de#organization","name":"Osa Great Adventure","url":"https:\/\/osagreatadventure.com\/de","logo":{"@type":"ImageObject","inLanguage":"de","@id":"https:\/\/osagreatadventure.com\/de#\/schema\/logo\/image\/","url":"https:\/\/osagreatadventure.com\/wp-content\/uploads\/2018\/04\/logo-osa-great-adventure-1.png","contentUrl":"https:\/\/osagreatadventure.com\/wp-content\/uploads\/2018\/04\/logo-osa-great-adventure-1.png","width":153,"height":151,"caption":"Osa Great Adventure"},"image":{"@id":"https:\/\/osagreatadventure.com\/de#\/schema\/logo\/image\/"},"sameAs":["https:\/\/www.facebook.com\/OsaGreatAdventure\/","https:\/\/x.com\/osa84488724","https:\/\/www.instagram.com\/osa_great_adventure\/","https:\/\/www.linkedin.com\/in\/osa-great-adventure-8624a964\/","https:\/\/www.pinterest.es\/osagreatadventu\/","https:\/\/www.youtube.com\/channel\/UC7AEPnai7kjfdj8JPVn7w-g?view_as=subscriber"]}]}},"_links":{"self":[{"href":"https:\/\/osagreatadventure.com\/de\/wp-json\/wp\/v2\/pages\/12260","targetHints":{"allow":["GET"]}}],"collection":[{"href":"https:\/\/osagreatadventure.com\/de\/wp-json\/wp\/v2\/pages"}],"about":[{"href":"https:\/\/osagreatadventure.com\/de\/wp-json\/wp\/v2\/types\/page"}],"author":[{"embeddable":true,"href":"https:\/\/osagreatadventure.com\/de\/wp-json\/wp\/v2\/users\/2"}],"replies":[{"embeddable":true,"href":"https:\/\/osagreatadventure.com\/de\/wp-json\/wp\/v2\/comments?post=12260"}],"version-history":[{"count":1,"href":"https:\/\/osagreatadventure.com\/de\/wp-json\/wp\/v2\/pages\/12260\/revisions"}],"predecessor-version":[{"id":12262,"href":"https:\/\/osagreatadventure.com\/de\/wp-json\/wp\/v2\/pages\/12260\/revisions\/12262"}],"wp:attachment":[{"href":"https:\/\/osagreatadventure.com\/de\/wp-json\/wp\/v2\/media?parent=12260"}],"curies":[{"name":"wp","href":"https:\/\/api.w.org\/{rel}","templated":true}]}}