{"id":12333,"date":"2023-03-28T02:26:21","date_gmt":"2023-03-28T08:26:21","guid":{"rendered":"https:\/\/osagreatadventure.com\/bootstour-durch-die-mangroven-des-flusses-sierpe-costa-rica"},"modified":"2024-03-18T14:14:26","modified_gmt":"2024-03-18T20:14:26","slug":"bootstour-durch-die-mangroven-des-flusses-sierpe-costa-rica","status":"publish","type":"page","link":"https:\/\/osagreatadventure.com\/de\/bootstour-durch-die-mangroven-des-flusses-sierpe-costa-rica","title":{"rendered":"Bootstour durch die Mangroven des Flusses Sierpe-Costa Rica"},"content":{"rendered":"\t\t<div data-elementor-type=\"wp-page\" data-elementor-id=\"12333\" class=\"elementor elementor-12333 elementor-6665\" data-elementor-post-type=\"page\">\n\t\t\t\t\t\t<section class=\"elementor-section elementor-top-section elementor-element elementor-element-1fca90c elementor-section-boxed elementor-section-height-default elementor-section-height-default\" data-id=\"1fca90c\" data-element_type=\"section\" data-e-type=\"section\">\n\t\t\t\t\t\t<div class=\"elementor-container elementor-column-gap-default\">\n\t\t\t\t\t<div class=\"elementor-column elementor-col-100 elementor-top-column elementor-element elementor-element-a2073c9\" data-id=\"a2073c9\" data-element_type=\"column\" data-e-type=\"column\">\n\t\t\t<div class=\"elementor-widget-wrap elementor-element-populated\">\n\t\t\t\t\t\t<div class=\"elementor-element elementor-element-e22c865 elementor-widget elementor-widget-heading\" data-id=\"e22c865\" data-element_type=\"widget\" data-e-type=\"widget\" data-widget_type=\"heading.default\">\n\t\t\t\t<div class=\"elementor-widget-container\">\n\t\t\t\t\t<h1 class=\"elementor-heading-title elementor-size-default\">Mangroven-Tour auf dem Sierpe-Fluss mit dem Boot<\/h1>\t\t\t\t<\/div>\n\t\t\t\t<\/div>\n\t\t\t\t<div class=\"elementor-element elementor-element-66b3e9b elementor-widget elementor-widget-text-editor\" data-id=\"66b3e9b\" data-element_type=\"widget\" data-e-type=\"widget\" data-widget_type=\"text-editor.default\">\n\t\t\t\t<div class=\"elementor-widget-container\">\n\t\t\t\t\t\t\t\t\t<div>Dies ist eine ausgezeichnete Option f\u00fcr Reisende, die Tiere sehen m\u00f6chten, ohne laufen zu m\u00fcssen.<\/div>\n\t\t\t\t\t\t\t\t<\/div>\n\t\t\t\t<\/div>\n\t\t\t\t\t<\/div>\n\t\t<\/div>\n\t\t\t\t\t<\/div>\n\t\t<\/section>\n\t\t\t\t<section class=\"elementor-section elementor-top-section elementor-element elementor-element-f938e57 elementor-section-stretched elementor-section-full_width elementor-section-height-default elementor-section-height-default\" data-id=\"f938e57\" data-element_type=\"section\" data-e-type=\"section\" data-settings=\"{&quot;stretch_section&quot;:&quot;section-stretched&quot;,&quot;background_background&quot;:&quot;classic&quot;,&quot;background_motion_fx_motion_fx_scrolling&quot;:&quot;yes&quot;,&quot;background_motion_fx_translateX_effect&quot;:&quot;yes&quot;,&quot;background_motion_fx_devices&quot;:[&quot;desktop&quot;,&quot;tablet&quot;],&quot;background_motion_fx_translateX_speed&quot;:{&quot;unit&quot;:&quot;px&quot;,&quot;size&quot;:4,&quot;sizes&quot;:[]},&quot;background_motion_fx_translateX_affectedRange&quot;:{&quot;unit&quot;:&quot;%&quot;,&quot;size&quot;:&quot;&quot;,&quot;sizes&quot;:{&quot;start&quot;:0,&quot;end&quot;:100}}}\">\n\t\t\t\t\t\t\t<div class=\"elementor-background-overlay\"><\/div>\n\t\t\t\t\t\t\t<div class=\"elementor-container elementor-column-gap-default\">\n\t\t\t\t\t<div class=\"elementor-column elementor-col-100 elementor-top-column elementor-element elementor-element-e6d6687\" data-id=\"e6d6687\" data-element_type=\"column\" data-e-type=\"column\" data-settings=\"{&quot;background_background&quot;:&quot;classic&quot;}\">\n\t\t\t<div class=\"elementor-widget-wrap elementor-element-populated\">\n\t\t\t\t\t\t<div class=\"elementor-element elementor-element-20cef27 elementor-widget elementor-widget-heading\" data-id=\"20cef27\" data-element_type=\"widget\" data-e-type=\"widget\" data-widget_type=\"heading.default\">\n\t\t\t\t<div class=\"elementor-widget-container\">\n\t\t\t\t\t<h1 class=\"elementor-heading-title elementor-size-default\">Mangroventour auf dem Fluss Sierpe auf einem Boot<\/h1>\t\t\t\t<\/div>\n\t\t\t\t<\/div>\n\t\t\t\t<div class=\"elementor-element elementor-element-e31de55 elementor-widget elementor-widget-heading\" data-id=\"e31de55\" data-element_type=\"widget\" data-e-type=\"widget\" data-widget_type=\"heading.default\">\n\t\t\t\t<div class=\"elementor-widget-container\">\n\t\t\t\t\t<h2 class=\"elementor-heading-title elementor-size-default\">Von Drake Bay<\/h2>\t\t\t\t<\/div>\n\t\t\t\t<\/div>\n\t\t\t\t<div class=\"elementor-element elementor-element-b4bd3ee elementor-widget elementor-widget-text-editor\" data-id=\"b4bd3ee\" data-element_type=\"widget\" data-e-type=\"widget\" data-widget_type=\"text-editor.default\">\n\t\t\t\t<div class=\"elementor-widget-container\">\n\t\t\t\t\t\t\t\t\t<div>Diese Tour kann von Drake Bay oder Sierpe aus starten. Es dauert etwa f\u00fcnf Stunden und kann morgens oder nachmittags beginnen. Von Drake Bay fahren wir vom Strand ab, aber wenn Ihr Hotel direkt am Strand liegt, k\u00f6nnen wir Sie von dort abholen und zur\u00fcckbringen. Wenn Ihr Hotel weit vom Strand entfernt ist, k\u00f6nnen wir Ihnen helfen, ein Taxi zum Strand und zur\u00fcck zu Ihrem Hotel zu bekommen. Private Touren sind teurer, bitte buchen Sie im Voraus, um die Aktivit\u00e4t entweder privat oder in einer Gruppe zu arrangieren. Die Mangroven Tour Sierpe ist eine wunderbare Gelegenheit, den gr\u00f6\u00dften Mangrovenwald Mittelamerikas und seine exotischen Tiere vom Boot aus zu entdecken!<\/div>\n\t\t\t\t\t\t\t\t<\/div>\n\t\t\t\t<\/div>\n\t\t\t\t<div class=\"elementor-element elementor-element-004c028 elementor-widget elementor-widget-toggle\" data-id=\"004c028\" data-element_type=\"widget\" data-e-type=\"widget\" data-widget_type=\"toggle.default\">\n\t\t\t\t<div class=\"elementor-widget-container\">\n\t\t\t\t\t\t\t<div class=\"elementor-toggle\">\n\t\t\t\t\t\t\t<div class=\"elementor-toggle-item\">\n\t\t\t\t\t<div id=\"elementor-tab-title-3111\" class=\"elementor-tab-title\" data-tab=\"1\" role=\"button\" aria-controls=\"elementor-tab-content-3111\" aria-expanded=\"false\">\n\t\t\t\t\t\t\t\t\t\t\t\t<span class=\"elementor-toggle-icon elementor-toggle-icon-left\" aria-hidden=\"true\">\n\t\t\t\t\t\t\t\t\t\t\t\t\t\t\t<span class=\"elementor-toggle-icon-closed\"><svg class=\"e-font-icon-svg e-fas-caret-right\" viewBox=\"0 0 192 512\" xmlns=\"http:\/\/www.w3.org\/2000\/svg\"><path d=\"M0 384.662V127.338c0-17.818 21.543-26.741 34.142-14.142l128.662 128.662c7.81 7.81 7.81 20.474 0 28.284L34.142 398.804C21.543 411.404 0 402.48 0 384.662z\"><\/path><\/svg><\/span>\n\t\t\t\t\t\t\t\t<span class=\"elementor-toggle-icon-opened\"><svg class=\"elementor-toggle-icon-opened e-font-icon-svg e-fas-caret-up\" viewBox=\"0 0 320 512\" xmlns=\"http:\/\/www.w3.org\/2000\/svg\"><path d=\"M288.662 352H31.338c-17.818 0-26.741-21.543-14.142-34.142l128.662-128.662c7.81-7.81 20.474-7.81 28.284 0l128.662 128.662c12.6 12.599 3.676 34.142-14.142 34.142z\"><\/path><\/svg><\/span>\n\t\t\t\t\t\t\t\t\t\t\t\t\t<\/span>\n\t\t\t\t\t\t\t\t\t\t\t\t<a class=\"elementor-toggle-title\" tabindex=\"0\">Beinhaltet<\/a>\n\t\t\t\t\t<\/div>\n\n\t\t\t\t\t<div id=\"elementor-tab-content-3111\" class=\"elementor-tab-content elementor-clearfix\" data-tab=\"1\" role=\"region\" aria-labelledby=\"elementor-tab-title-3111\"><ul>\n<li>Erfrischungsgetr\u00e4nke und Obst.<\/li>\n<li>Reisef\u00fchrer (Englisch und Spanisch).<\/li>\n<\/ul>\n<\/div>\n\t\t\t\t<\/div>\n\t\t\t\t\t\t\t<div class=\"elementor-toggle-item\">\n\t\t\t\t\t<div id=\"elementor-tab-title-3112\" class=\"elementor-tab-title\" data-tab=\"2\" role=\"button\" aria-controls=\"elementor-tab-content-3112\" aria-expanded=\"false\">\n\t\t\t\t\t\t\t\t\t\t\t\t<span class=\"elementor-toggle-icon elementor-toggle-icon-left\" aria-hidden=\"true\">\n\t\t\t\t\t\t\t\t\t\t\t\t\t\t\t<span class=\"elementor-toggle-icon-closed\"><svg class=\"e-font-icon-svg e-fas-caret-right\" viewBox=\"0 0 192 512\" xmlns=\"http:\/\/www.w3.org\/2000\/svg\"><path d=\"M0 384.662V127.338c0-17.818 21.543-26.741 34.142-14.142l128.662 128.662c7.81 7.81 7.81 20.474 0 28.284L34.142 398.804C21.543 411.404 0 402.48 0 384.662z\"><\/path><\/svg><\/span>\n\t\t\t\t\t\t\t\t<span class=\"elementor-toggle-icon-opened\"><svg class=\"elementor-toggle-icon-opened e-font-icon-svg e-fas-caret-up\" viewBox=\"0 0 320 512\" xmlns=\"http:\/\/www.w3.org\/2000\/svg\"><path d=\"M288.662 352H31.338c-17.818 0-26.741-21.543-14.142-34.142l128.662-128.662c7.81-7.81 20.474-7.81 28.284 0l128.662 128.662c12.6 12.599 3.676 34.142-14.142 34.142z\"><\/path><\/svg><\/span>\n\t\t\t\t\t\t\t\t\t\t\t\t\t<\/span>\n\t\t\t\t\t\t\t\t\t\t\t\t<a class=\"elementor-toggle-title\" tabindex=\"0\">Empfehlungen<\/a>\n\t\t\t\t\t<\/div>\n\n\t\t\t\t\t<div id=\"elementor-tab-content-3112\" class=\"elementor-tab-content elementor-clearfix\" data-tab=\"2\" role=\"region\" aria-labelledby=\"elementor-tab-title-3112\"><ul>\n<li>Sonnenbrille.<\/li>\n<li>Sonnencreme.<\/li>\n<li>Insektenschutzmittel.<\/li>\n<li>Poncho und Kunststoffr\u00fccken bei Regen.<\/li>\n<li>Bringen Sie gen\u00fcgend Wasser f\u00fcr die Tour mit.<\/li>\n<\/ul>\n<p>Notiz:<\/p>\n<p>Die Tour wird bei sch\u00f6nem Wetter durchgef\u00fchrt<\/p>\n<\/div>\n\t\t\t\t<\/div>\n\t\t\t\t\t\t\t<div class=\"elementor-toggle-item\">\n\t\t\t\t\t<div id=\"elementor-tab-title-3113\" class=\"elementor-tab-title\" data-tab=\"3\" role=\"button\" aria-controls=\"elementor-tab-content-3113\" aria-expanded=\"false\">\n\t\t\t\t\t\t\t\t\t\t\t\t<span class=\"elementor-toggle-icon elementor-toggle-icon-left\" aria-hidden=\"true\">\n\t\t\t\t\t\t\t\t\t\t\t\t\t\t\t<span class=\"elementor-toggle-icon-closed\"><svg class=\"e-font-icon-svg e-fas-caret-right\" viewBox=\"0 0 192 512\" xmlns=\"http:\/\/www.w3.org\/2000\/svg\"><path d=\"M0 384.662V127.338c0-17.818 21.543-26.741 34.142-14.142l128.662 128.662c7.81 7.81 7.81 20.474 0 28.284L34.142 398.804C21.543 411.404 0 402.48 0 384.662z\"><\/path><\/svg><\/span>\n\t\t\t\t\t\t\t\t<span class=\"elementor-toggle-icon-opened\"><svg class=\"elementor-toggle-icon-opened e-font-icon-svg e-fas-caret-up\" viewBox=\"0 0 320 512\" xmlns=\"http:\/\/www.w3.org\/2000\/svg\"><path d=\"M288.662 352H31.338c-17.818 0-26.741-21.543-14.142-34.142l128.662-128.662c7.81-7.81 20.474-7.81 28.284 0l128.662 128.662c12.6 12.599 3.676 34.142-14.142 34.142z\"><\/path><\/svg><\/span>\n\t\t\t\t\t\t\t\t\t\t\t\t\t<\/span>\n\t\t\t\t\t\t\t\t\t\t\t\t<a class=\"elementor-toggle-title\" tabindex=\"0\">Preis<\/a>\n\t\t\t\t\t<\/div>\n\n\t\t\t\t\t<div id=\"elementor-tab-content-3113\" class=\"elementor-tab-content elementor-clearfix\" data-tab=\"3\" role=\"region\" aria-labelledby=\"elementor-tab-title-3113\"><p>$125 pro Person.<\/p>\n<ul>\n<li>Mindestens 4 Personen pro Buchung.<\/li>\n<\/ul>\n<p style=\"text-align: left;\">\n<\/div>\n\t\t\t\t<\/div>\n\t\t\t\t\t\t\t\t<\/div>\n\t\t\t\t\t\t<\/div>\n\t\t\t\t<\/div>\n\t\t\t\t<section class=\"elementor-section elementor-inner-section elementor-element elementor-element-6c0275f elementor-section-boxed elementor-section-height-default elementor-section-height-default\" data-id=\"6c0275f\" data-element_type=\"section\" data-e-type=\"section\">\n\t\t\t\t\t\t<div class=\"elementor-container elementor-column-gap-default\">\n\t\t\t\t\t<div class=\"elementor-column elementor-col-50 elementor-inner-column elementor-element elementor-element-42c0893\" data-id=\"42c0893\" data-element_type=\"column\" data-e-type=\"column\">\n\t\t\t<div class=\"elementor-widget-wrap elementor-element-populated\">\n\t\t\t\t\t\t<div class=\"elementor-element elementor-element-054a3a2 elementor-widget elementor-widget-image\" data-id=\"054a3a2\" data-element_type=\"widget\" data-e-type=\"widget\" data-widget_type=\"image.default\">\n\t\t\t\t<div class=\"elementor-widget-container\">\n\t\t\t\t\t\t\t\t\t\t\t\t\t\t\t<img fetchpriority=\"high\" decoding=\"async\" width=\"800\" height=\"534\" src=\"https:\/\/osagreatadventure.com\/wp-content\/uploads\/2019\/07\/Corcovado-Tour-Costa-Rica.jpg\" class=\"attachment-large size-large wp-image-6140\" alt=\"\" srcset=\"https:\/\/osagreatadventure.com\/wp-content\/uploads\/2019\/07\/Corcovado-Tour-Costa-Rica.jpg 922w, https:\/\/osagreatadventure.com\/wp-content\/uploads\/2019\/07\/Corcovado-Tour-Costa-Rica-300x200.jpg 300w, https:\/\/osagreatadventure.com\/wp-content\/uploads\/2019\/07\/Corcovado-Tour-Costa-Rica-768x512.jpg 768w\" sizes=\"(max-width: 800px) 100vw, 800px\" \/>\t\t\t\t\t\t\t\t\t\t\t\t\t\t\t<\/div>\n\t\t\t\t<\/div>\n\t\t\t\t\t<\/div>\n\t\t<\/div>\n\t\t\t\t<div class=\"elementor-column elementor-col-50 elementor-inner-column elementor-element elementor-element-42dffea\" data-id=\"42dffea\" data-element_type=\"column\" data-e-type=\"column\">\n\t\t\t<div class=\"elementor-widget-wrap elementor-element-populated\">\n\t\t\t\t\t\t<div class=\"elementor-element elementor-element-a45173f elementor-align-center elementor-mobile-align-center elementor-tablet-align-center elementor-widget elementor-widget-button\" data-id=\"a45173f\" data-element_type=\"widget\" data-e-type=\"widget\" data-widget_type=\"button.default\">\n\t\t\t\t<div class=\"elementor-widget-container\">\n\t\t\t\t\t\t\t\t\t<div class=\"elementor-button-wrapper\">\n\t\t\t\t\t<a class=\"elementor-button elementor-button-link elementor-size-md elementor-animation-grow\" href=\"https:\/\/osagreatadventure.com\/de\/reservierungen\">\n\t\t\t\t\t\t<span class=\"elementor-button-content-wrapper\">\n\t\t\t\t\t\t<span class=\"elementor-button-icon\">\n\t\t\t\t<svg aria-hidden=\"true\" class=\"e-font-icon-svg e-fas-arrow-right\" viewBox=\"0 0 448 512\" xmlns=\"http:\/\/www.w3.org\/2000\/svg\"><path d=\"M190.5 66.9l22.2-22.2c9.4-9.4 24.6-9.4 33.9 0L441 239c9.4 9.4 9.4 24.6 0 33.9L246.6 467.3c-9.4 9.4-24.6 9.4-33.9 0l-22.2-22.2c-9.5-9.5-9.3-25 .4-34.3L311.4 296H24c-13.3 0-24-10.7-24-24v-32c0-13.3 10.7-24 24-24h287.4L190.9 101.2c-9.8-9.3-10-24.8-.4-34.3z\"><\/path><\/svg>\t\t\t<\/span>\n\t\t\t\t\t\t\t\t\t<span class=\"elementor-button-text\">Env\u00edanos un correo<\/span>\n\t\t\t\t\t<\/span>\n\t\t\t\t\t<\/a>\n\t\t\t\t<\/div>\n\t\t\t\t\t\t\t\t<\/div>\n\t\t\t\t<\/div>\n\t\t\t\t\t<\/div>\n\t\t<\/div>\n\t\t\t\t\t<\/div>\n\t\t<\/section>\n\t\t\t\t\t<\/div>\n\t\t<\/div>\n\t\t\t\t\t<\/div>\n\t\t<\/section>\n\t\t\t\t<\/div>\n\t\t","protected":false},"excerpt":{"rendered":"<p>\/*! elementor &#8211; v3.20.0 &#8211; 13-03-2024 *\/ .elementor-heading-title{padding:0;margin:0;line-height:1}.elementor-widget-heading .elementor-heading-title[class*=elementor-size-]&gt;a{color:inherit;font-size:inherit;line-height:inherit}.elementor-widget-heading .elementor-heading-title.elementor-size-small{font-size:15px}.elementor-widget-heading .elementor-heading-title.elementor-size-medium{font-size:19px}.elementor-widget-heading .elementor-heading-title.elementor-size-large{font-size:29px}.elementor-widget-heading .elementor-heading-title.elementor-size-xl{font-size:39px}.elementor-widget-heading .elementor-heading-title.elementor-size-xxl{font-size:59px} Mangroven-Tour auf dem Sierpe-Fluss mit dem Boot Dies ist eine ausgezeichnete Option f\u00fcr Reisende, die Tiere sehen m\u00f6chten, ohne laufen zu m\u00fcssen. Mangroventour auf dem Fluss Sierpe auf einem Boot Von Drake Bay Diese Tour kann von Drake Bay oder Sierpe [&hellip;]<\/p>\n","protected":false},"author":2,"featured_media":0,"parent":0,"menu_order":0,"comment_status":"closed","ping_status":"closed","template":"elementor_header_footer","meta":{"footnotes":""},"class_list":["post-12333","page","type-page","status-publish","hentry"],"yoast_head":"<!-- This site is optimized with the Yoast SEO plugin v26.9 - https:\/\/yoast.com\/product\/yoast-seo-wordpress\/ -->\n<title>Bootstour durch die Mangroven des Flusses Sierpe-Costa Rica | Osa Great Adventure<\/title>\n<meta name=\"description\" content=\"\/*! elementor - v3.20.0 - 13-03-2024 *\/ .elementor-heading-title{padding:0;margin:0;line-height:1}.elementor-widget-heading\" \/>\n<meta name=\"robots\" content=\"index, follow, max-snippet:-1, max-image-preview:large, max-video-preview:-1\" \/>\n<link rel=\"canonical\" href=\"https:\/\/osagreatadventure.com\/de\/bootstour-durch-die-mangroven-des-flusses-sierpe-costa-rica\" \/>\n<meta property=\"og:locale\" content=\"de_DE\" \/>\n<meta property=\"og:type\" content=\"article\" \/>\n<meta property=\"og:title\" content=\"Bootstour durch die Mangroven des Flusses Sierpe-Costa Rica | Osa Great Adventure\" \/>\n<meta property=\"og:description\" content=\"\/*! elementor - v3.20.0 - 13-03-2024 *\/ .elementor-heading-title{padding:0;margin:0;line-height:1}.elementor-widget-heading\" \/>\n<meta property=\"og:url\" content=\"https:\/\/osagreatadventure.com\/de\/bootstour-durch-die-mangroven-des-flusses-sierpe-costa-rica\" \/>\n<meta property=\"og:site_name\" content=\"Osa Great Adventure\" \/>\n<meta property=\"article:publisher\" content=\"https:\/\/www.facebook.com\/OsaGreatAdventure\/\" \/>\n<meta property=\"article:modified_time\" content=\"2024-03-18T20:14:26+00:00\" \/>\n<meta property=\"og:image\" content=\"https:\/\/osagreatadventure.com\/wp-content\/uploads\/2019\/07\/Corcovado-Tour-Costa-Rica.jpg\" \/>\n<meta name=\"twitter:label1\" content=\"Gesch\u00e4tzte Lesezeit\" \/>\n\t<meta name=\"twitter:data1\" content=\"2\u00a0Minuten\" \/>\n<script type=\"application\/ld+json\" class=\"yoast-schema-graph\">{\"@context\":\"https:\/\/schema.org\",\"@graph\":[{\"@type\":\"WebPage\",\"@id\":\"https:\/\/osagreatadventure.com\/de\/bootstour-durch-die-mangroven-des-flusses-sierpe-costa-rica\",\"url\":\"https:\/\/osagreatadventure.com\/de\/bootstour-durch-die-mangroven-des-flusses-sierpe-costa-rica\",\"name\":\"Bootstour durch die Mangroven des Flusses Sierpe-Costa Rica | Osa Great Adventure\",\"isPartOf\":{\"@id\":\"https:\/\/osagreatadventure.com\/de#website\"},\"primaryImageOfPage\":{\"@id\":\"https:\/\/osagreatadventure.com\/de\/bootstour-durch-die-mangroven-des-flusses-sierpe-costa-rica#primaryimage\"},\"image\":{\"@id\":\"https:\/\/osagreatadventure.com\/de\/bootstour-durch-die-mangroven-des-flusses-sierpe-costa-rica#primaryimage\"},\"thumbnailUrl\":\"https:\/\/osagreatadventure.com\/wp-content\/uploads\/2019\/07\/Corcovado-Tour-Costa-Rica.jpg\",\"datePublished\":\"2023-03-28T08:26:21+00:00\",\"dateModified\":\"2024-03-18T20:14:26+00:00\",\"description\":\"\/*! elementor - v3.20.0 - 13-03-2024 *\/ .elementor-heading-title{padding:0;margin:0;line-height:1}.elementor-widget-heading\",\"breadcrumb\":{\"@id\":\"https:\/\/osagreatadventure.com\/de\/bootstour-durch-die-mangroven-des-flusses-sierpe-costa-rica#breadcrumb\"},\"inLanguage\":\"de\",\"potentialAction\":[{\"@type\":\"ReadAction\",\"target\":[\"https:\/\/osagreatadventure.com\/de\/bootstour-durch-die-mangroven-des-flusses-sierpe-costa-rica\"]}]},{\"@type\":\"ImageObject\",\"inLanguage\":\"de\",\"@id\":\"https:\/\/osagreatadventure.com\/de\/bootstour-durch-die-mangroven-des-flusses-sierpe-costa-rica#primaryimage\",\"url\":\"https:\/\/osagreatadventure.com\/wp-content\/uploads\/2019\/07\/Corcovado-Tour-Costa-Rica.jpg\",\"contentUrl\":\"https:\/\/osagreatadventure.com\/wp-content\/uploads\/2019\/07\/Corcovado-Tour-Costa-Rica.jpg\"},{\"@type\":\"BreadcrumbList\",\"@id\":\"https:\/\/osagreatadventure.com\/de\/bootstour-durch-die-mangroven-des-flusses-sierpe-costa-rica#breadcrumb\",\"itemListElement\":[{\"@type\":\"ListItem\",\"position\":1,\"name\":\"Home\",\"item\":\"https:\/\/osagreatadventure.com\/de\"},{\"@type\":\"ListItem\",\"position\":2,\"name\":\"Bootstour durch die Mangroven des Flusses Sierpe-Costa Rica\"}]},{\"@type\":\"WebSite\",\"@id\":\"https:\/\/osagreatadventure.com\/de#website\",\"url\":\"https:\/\/osagreatadventure.com\/de\",\"name\":\"Osa Great Adventure\",\"description\":\"Wildlife Observation Experts\",\"publisher\":{\"@id\":\"https:\/\/osagreatadventure.com\/de#organization\"},\"potentialAction\":[{\"@type\":\"SearchAction\",\"target\":{\"@type\":\"EntryPoint\",\"urlTemplate\":\"https:\/\/osagreatadventure.com\/de?s={search_term_string}\"},\"query-input\":{\"@type\":\"PropertyValueSpecification\",\"valueRequired\":true,\"valueName\":\"search_term_string\"}}],\"inLanguage\":\"de\"},{\"@type\":\"Organization\",\"@id\":\"https:\/\/osagreatadventure.com\/de#organization\",\"name\":\"Osa Great Adventure\",\"url\":\"https:\/\/osagreatadventure.com\/de\",\"logo\":{\"@type\":\"ImageObject\",\"inLanguage\":\"de\",\"@id\":\"https:\/\/osagreatadventure.com\/de#\/schema\/logo\/image\/\",\"url\":\"https:\/\/osagreatadventure.com\/wp-content\/uploads\/2018\/04\/logo-osa-great-adventure-1.png\",\"contentUrl\":\"https:\/\/osagreatadventure.com\/wp-content\/uploads\/2018\/04\/logo-osa-great-adventure-1.png\",\"width\":153,\"height\":151,\"caption\":\"Osa Great Adventure\"},\"image\":{\"@id\":\"https:\/\/osagreatadventure.com\/de#\/schema\/logo\/image\/\"},\"sameAs\":[\"https:\/\/www.facebook.com\/OsaGreatAdventure\/\",\"https:\/\/x.com\/osa84488724\",\"https:\/\/www.instagram.com\/osa_great_adventure\/\",\"https:\/\/www.linkedin.com\/in\/osa-great-adventure-8624a964\/\",\"https:\/\/www.pinterest.es\/osagreatadventu\/\",\"https:\/\/www.youtube.com\/channel\/UC7AEPnai7kjfdj8JPVn7w-g?view_as=subscriber\"]}]}<\/script>\n<!-- \/ Yoast SEO plugin. -->","yoast_head_json":{"title":"Bootstour durch die Mangroven des Flusses Sierpe-Costa Rica | Osa Great Adventure","description":"\/*! elementor - v3.20.0 - 13-03-2024 *\/ .elementor-heading-title{padding:0;margin:0;line-height:1}.elementor-widget-heading","robots":{"index":"index","follow":"follow","max-snippet":"max-snippet:-1","max-image-preview":"max-image-preview:large","max-video-preview":"max-video-preview:-1"},"canonical":"https:\/\/osagreatadventure.com\/de\/bootstour-durch-die-mangroven-des-flusses-sierpe-costa-rica","og_locale":"de_DE","og_type":"article","og_title":"Bootstour durch die Mangroven des Flusses Sierpe-Costa Rica | Osa Great Adventure","og_description":"\/*! elementor - v3.20.0 - 13-03-2024 *\/ .elementor-heading-title{padding:0;margin:0;line-height:1}.elementor-widget-heading","og_url":"https:\/\/osagreatadventure.com\/de\/bootstour-durch-die-mangroven-des-flusses-sierpe-costa-rica","og_site_name":"Osa Great Adventure","article_publisher":"https:\/\/www.facebook.com\/OsaGreatAdventure\/","article_modified_time":"2024-03-18T20:14:26+00:00","og_image":[{"url":"https:\/\/osagreatadventure.com\/wp-content\/uploads\/2019\/07\/Corcovado-Tour-Costa-Rica.jpg","type":"","width":"","height":""}],"twitter_misc":{"Gesch\u00e4tzte Lesezeit":"2\u00a0Minuten"},"schema":{"@context":"https:\/\/schema.org","@graph":[{"@type":"WebPage","@id":"https:\/\/osagreatadventure.com\/de\/bootstour-durch-die-mangroven-des-flusses-sierpe-costa-rica","url":"https:\/\/osagreatadventure.com\/de\/bootstour-durch-die-mangroven-des-flusses-sierpe-costa-rica","name":"Bootstour durch die Mangroven des Flusses Sierpe-Costa Rica | Osa Great Adventure","isPartOf":{"@id":"https:\/\/osagreatadventure.com\/de#website"},"primaryImageOfPage":{"@id":"https:\/\/osagreatadventure.com\/de\/bootstour-durch-die-mangroven-des-flusses-sierpe-costa-rica#primaryimage"},"image":{"@id":"https:\/\/osagreatadventure.com\/de\/bootstour-durch-die-mangroven-des-flusses-sierpe-costa-rica#primaryimage"},"thumbnailUrl":"https:\/\/osagreatadventure.com\/wp-content\/uploads\/2019\/07\/Corcovado-Tour-Costa-Rica.jpg","datePublished":"2023-03-28T08:26:21+00:00","dateModified":"2024-03-18T20:14:26+00:00","description":"\/*! elementor - v3.20.0 - 13-03-2024 *\/ .elementor-heading-title{padding:0;margin:0;line-height:1}.elementor-widget-heading","breadcrumb":{"@id":"https:\/\/osagreatadventure.com\/de\/bootstour-durch-die-mangroven-des-flusses-sierpe-costa-rica#breadcrumb"},"inLanguage":"de","potentialAction":[{"@type":"ReadAction","target":["https:\/\/osagreatadventure.com\/de\/bootstour-durch-die-mangroven-des-flusses-sierpe-costa-rica"]}]},{"@type":"ImageObject","inLanguage":"de","@id":"https:\/\/osagreatadventure.com\/de\/bootstour-durch-die-mangroven-des-flusses-sierpe-costa-rica#primaryimage","url":"https:\/\/osagreatadventure.com\/wp-content\/uploads\/2019\/07\/Corcovado-Tour-Costa-Rica.jpg","contentUrl":"https:\/\/osagreatadventure.com\/wp-content\/uploads\/2019\/07\/Corcovado-Tour-Costa-Rica.jpg"},{"@type":"BreadcrumbList","@id":"https:\/\/osagreatadventure.com\/de\/bootstour-durch-die-mangroven-des-flusses-sierpe-costa-rica#breadcrumb","itemListElement":[{"@type":"ListItem","position":1,"name":"Home","item":"https:\/\/osagreatadventure.com\/de"},{"@type":"ListItem","position":2,"name":"Bootstour durch die Mangroven des Flusses Sierpe-Costa Rica"}]},{"@type":"WebSite","@id":"https:\/\/osagreatadventure.com\/de#website","url":"https:\/\/osagreatadventure.com\/de","name":"Osa Great Adventure","description":"Wildlife Observation Experts","publisher":{"@id":"https:\/\/osagreatadventure.com\/de#organization"},"potentialAction":[{"@type":"SearchAction","target":{"@type":"EntryPoint","urlTemplate":"https:\/\/osagreatadventure.com\/de?s={search_term_string}"},"query-input":{"@type":"PropertyValueSpecification","valueRequired":true,"valueName":"search_term_string"}}],"inLanguage":"de"},{"@type":"Organization","@id":"https:\/\/osagreatadventure.com\/de#organization","name":"Osa Great Adventure","url":"https:\/\/osagreatadventure.com\/de","logo":{"@type":"ImageObject","inLanguage":"de","@id":"https:\/\/osagreatadventure.com\/de#\/schema\/logo\/image\/","url":"https:\/\/osagreatadventure.com\/wp-content\/uploads\/2018\/04\/logo-osa-great-adventure-1.png","contentUrl":"https:\/\/osagreatadventure.com\/wp-content\/uploads\/2018\/04\/logo-osa-great-adventure-1.png","width":153,"height":151,"caption":"Osa Great Adventure"},"image":{"@id":"https:\/\/osagreatadventure.com\/de#\/schema\/logo\/image\/"},"sameAs":["https:\/\/www.facebook.com\/OsaGreatAdventure\/","https:\/\/x.com\/osa84488724","https:\/\/www.instagram.com\/osa_great_adventure\/","https:\/\/www.linkedin.com\/in\/osa-great-adventure-8624a964\/","https:\/\/www.pinterest.es\/osagreatadventu\/","https:\/\/www.youtube.com\/channel\/UC7AEPnai7kjfdj8JPVn7w-g?view_as=subscriber"]}]}},"_links":{"self":[{"href":"https:\/\/osagreatadventure.com\/de\/wp-json\/wp\/v2\/pages\/12333","targetHints":{"allow":["GET"]}}],"collection":[{"href":"https:\/\/osagreatadventure.com\/de\/wp-json\/wp\/v2\/pages"}],"about":[{"href":"https:\/\/osagreatadventure.com\/de\/wp-json\/wp\/v2\/types\/page"}],"author":[{"embeddable":true,"href":"https:\/\/osagreatadventure.com\/de\/wp-json\/wp\/v2\/users\/2"}],"replies":[{"embeddable":true,"href":"https:\/\/osagreatadventure.com\/de\/wp-json\/wp\/v2\/comments?post=12333"}],"version-history":[{"count":15,"href":"https:\/\/osagreatadventure.com\/de\/wp-json\/wp\/v2\/pages\/12333\/revisions"}],"predecessor-version":[{"id":14144,"href":"https:\/\/osagreatadventure.com\/de\/wp-json\/wp\/v2\/pages\/12333\/revisions\/14144"}],"wp:attachment":[{"href":"https:\/\/osagreatadventure.com\/de\/wp-json\/wp\/v2\/media?parent=12333"}],"curies":[{"name":"wp","href":"https:\/\/api.w.org\/{rel}","templated":true}]}}