{"id":12352,"date":"2023-03-28T02:57:48","date_gmt":"2023-03-28T08:57:48","guid":{"rendered":"https:\/\/osagreatadventure.com\/geschaeftsbedingungen"},"modified":"2025-09-17T13:43:56","modified_gmt":"2025-09-17T19:43:56","slug":"geschaeftsbedingungen","status":"publish","type":"page","link":"https:\/\/osagreatadventure.com\/de\/geschaeftsbedingungen","title":{"rendered":"Gesch\u00e4ftsbedingungen"},"content":{"rendered":"\t\t<div data-elementor-type=\"wp-page\" data-elementor-id=\"12352\" class=\"elementor elementor-12352 elementor-7654\" data-elementor-post-type=\"page\">\n\t\t\t\t\t\t<section class=\"elementor-section elementor-top-section elementor-element elementor-element-4c758eeb elementor-section-boxed elementor-section-height-default elementor-section-height-default\" data-id=\"4c758eeb\" data-element_type=\"section\" data-e-type=\"section\">\n\t\t\t\t\t\t<div class=\"elementor-container elementor-column-gap-default\">\n\t\t\t\t\t<div class=\"elementor-column elementor-col-100 elementor-top-column elementor-element elementor-element-8dc6ad4\" data-id=\"8dc6ad4\" data-element_type=\"column\" data-e-type=\"column\">\n\t\t\t<div class=\"elementor-widget-wrap elementor-element-populated\">\n\t\t\t\t\t\t<div class=\"elementor-element elementor-element-ca9f71a elementor-widget elementor-widget-heading\" data-id=\"ca9f71a\" data-element_type=\"widget\" data-e-type=\"widget\" data-widget_type=\"heading.default\">\n\t\t\t\t<div class=\"elementor-widget-container\">\n\t\t\t\t\t<h1 class=\"elementor-heading-title elementor-size-default\">Osa Great Adventure-Tour Agency<\/h1>\t\t\t\t<\/div>\n\t\t\t\t<\/div>\n\t\t\t\t<div class=\"elementor-element elementor-element-570e638 elementor-widget elementor-widget-heading\" data-id=\"570e638\" data-element_type=\"widget\" data-e-type=\"widget\" data-widget_type=\"heading.default\">\n\t\t\t\t<div class=\"elementor-widget-container\">\n\t\t\t\t\t<h2 class=\"elementor-heading-title elementor-size-default\">Gesch\u00e4ftsbedingungen<\/h2>\t\t\t\t<\/div>\n\t\t\t\t<\/div>\n\t\t\t\t<div class=\"elementor-element elementor-element-76db634 elementor-widget elementor-widget-text-editor\" data-id=\"76db634\" data-element_type=\"widget\" data-e-type=\"widget\" data-widget_type=\"text-editor.default\">\n\t\t\t\t<div class=\"elementor-widget-container\">\n\t\t\t\t\t\t\t\t\t<div><strong>Bedingungen<\/strong><\/div><br><div><\/div><br><ul>\r\n \t<li><strong data-start=\"1312\" data-end=\"1363\">Buchungsanfragen \u00fcber <a class=\"\" href=\"https:\/\/www.osagreatadventure.com\" target=\"_new\" rel=\"noopener\" data-start=\"1336\" data-end=\"1361\">www.osagreatadventure.com<\/a><\/strong><br data-start=\"1363\" data-end=\"1366\" \/>Alle Buchungsanfragen, die \u00fcber das Reservierungssystem auf unserer offiziellen Website (<a class=\"\" href=\"https:\/\/www.osagreatadventure.com\" target=\"_new\" rel=\"noopener\" data-start=\"1455\" data-end=\"1480\">www.osagreatadventure.com<\/a>) eingehen, werden manuell gepr\u00fcft. Eine Anfrage stellt <strong data-start=\"1536\" data-end=\"1564\">keine best\u00e4tigte Buchung<\/strong> dar. Die Best\u00e4tigung erfolgt per E-Mail innerhalb von <strong data-start=\"1619\" data-end=\"1633\">48 Stunden<\/strong> nach Absenden der Anfrage.<br data-start=\"1660\" data-end=\"1663\" \/>Wird eine Anfrage <strong data-start=\"1681\" data-end=\"1694\">abgelehnt<\/strong>, erh\u00e4lt der Kunde eine <strong data-start=\"1718\" data-end=\"1757\">vollst\u00e4ndige R\u00fcckerstattung (100\u202f%)<\/strong>, ohne zus\u00e4tzliche Geb\u00fchren oder Nachfragen.<\/li>\r\n \t<li>Alle Verk\u00e4ufe sind endg\u00fcltig, sobald die Buchung best\u00e4tigt wurde.<\/li>\r\n \t<li>Osa Great Adventure f\u00f6rdert hohe Werte und toleriert keine Handlungen von Rassismus, Vorurteilen oder Sexismus, daher wird jede Person, die dies nicht respektiert, nicht ohne R\u00fcckerstattung in unsere Aktivit\u00e4ten aufgenommen.<\/li>\r\n \t<li>Die Zeitpl\u00e4ne der Touren k\u00f6nnen aus Sicherheitsgr\u00fcnden und zum Wohle des Betriebs ge\u00e4ndert werden.<\/li>\r\n \t<li>Osa Great Adventure ist eine Reiseagentur und wird als solche auch Dienste von Drittanbietern in Anspruch nehmen, um sicherzustellen, dass die Aktivit\u00e4ten erfolgreich durchgef\u00fchrt werden.<\/li>\r\n \t<li>Die Barzahlungsbetr\u00e4ge werden am Tag vor der F\u00fchrung bar bezahlt.<\/li>\r\n \t<li>Die Preise auf unserer Website beinhalten 13 %.<\/li>\r\n \t<li>Osa Great Adventure ist eine virtuelle Reiseagentur, und deshalb besuchen wir unsere Kunden am Tag vor der Tour im Hotel.<\/li>\r\n \t<li>Sobald die Anzahlung f\u00fcr die Aktivit\u00e4ten vom K\u00e4ufer unserer Dienstleistungen geleistet wurde, werden unsere Stornierungsbedingungen und Bedingungen akzeptiert.<\/li>\r\n \t<li>Wir empfehlen, uns am Tag vor der Tour per E-Mail unter info@osagreatadventure.com oder WhatsApp unter +50661025934 zu kontaktieren, um klarzustellen, wo Sie sich f\u00fcr die Touren und Transfers befinden m\u00fcssen, damit Sie sich nicht verlaufen.<\/li>\r\n<\/ul>\t\t\t\t\t\t\t\t<\/div>\n\t\t\t\t<\/div>\n\t\t\t\t<div class=\"elementor-element elementor-element-2778665 elementor-widget elementor-widget-text-editor\" data-id=\"2778665\" data-element_type=\"widget\" data-e-type=\"widget\" data-widget_type=\"text-editor.default\">\n\t\t\t\t<div class=\"elementor-widget-container\">\n\t\t\t\t\t\t\t\t\t<p><strong>Haftungsausschluss f\u00fcr Getriebesch\u00e4den<\/strong><\/p>\n<p>Osa Great Adventure \u00fcbernimmt keine Verantwortung f\u00fcr besch\u00e4digte Ausr\u00fcstung. Aufgrund der tropischen Bedingungen, bei denen pl\u00f6tzliche Regenf\u00e4lle und \u00dcberschwemmungen \u00fcblich sind, ist eine ordnungsgem\u00e4\u00dfe und selbst durchgef\u00fchrte Pflege der Ausr\u00fcstung ein Muss. Wasserdichter Schutz sowie Hartschalenkoffer werden empfohlen, wenn Sie einige der tiefsten Gebiete erkunden, Regenw\u00e4lder in den Neotropen.<\/p>\n\t\t\t\t\t\t\t\t<\/div>\n\t\t\t\t<\/div>\n\t\t\t\t<div class=\"elementor-element elementor-element-3582e87 elementor-widget elementor-widget-text-editor\" data-id=\"3582e87\" data-element_type=\"widget\" data-e-type=\"widget\" data-widget_type=\"text-editor.default\">\n\t\t\t\t<div class=\"elementor-widget-container\">\n\t\t\t\t\t\t\t\t\t<div><strong>R\u00fccksendungen und Verfahren bei versp\u00e4teter Zahlung von Rechnungen <\/strong><\/div>\n<p><\/p>\n<div><\/div>\n<p><\/p>\n<ul>\n<li>Rechnungen werden verschickt und m\u00fcssen so schnell wie m\u00f6glich bezahlt werden, da die Pl\u00e4tze an einen anderen Reisenden verkauft werden k\u00f6nnten, der vorher bezahlt, und in einigen F\u00e4llen haben Reservierungen wie Nationalparks und Hotels eine Zahlungsfrist.<\/li>\n<li>Wenn eine Rechnung versp\u00e4tet bezahlt wird und die vorgenommene Reservierung nicht mehr verf\u00fcgbar ist, wird das Geld zur\u00fcckerstattet. In diesem Fall muss der K\u00e4ufer den Provisionsbetrag von PayPal oder einer anderen Quelle bezahlen, die wir zum Sammeln der Touren, Unterk\u00fcnfte oder Pakete verwenden.<\/li>\n<\/ul>\n\t\t\t\t\t\t\t\t<\/div>\n\t\t\t\t<\/div>\n\t\t\t\t\t<\/div>\n\t\t<\/div>\n\t\t\t\t\t<\/div>\n\t\t<\/section>\n\t\t\t\t<\/div>\n\t\t","protected":false},"excerpt":{"rendered":"<p>Osa Great Adventure-Tour Agency Gesch\u00e4ftsbedingungen Bedingungen Buchungsanfragen \u00fcber www.osagreatadventure.comAlle Buchungsanfragen, die \u00fcber das Reservierungssystem auf unserer offiziellen Website (www.osagreatadventure.com) eingehen, werden manuell gepr\u00fcft. Eine Anfrage stellt keine best\u00e4tigte Buchung dar. Die Best\u00e4tigung erfolgt per E-Mail innerhalb von 48 Stunden nach Absenden der Anfrage.Wird eine Anfrage abgelehnt, erh\u00e4lt der Kunde eine vollst\u00e4ndige R\u00fcckerstattung (100\u202f%), ohne zus\u00e4tzliche [&hellip;]<\/p>\n","protected":false},"author":2,"featured_media":0,"parent":0,"menu_order":0,"comment_status":"closed","ping_status":"closed","template":"elementor_header_footer","meta":{"footnotes":""},"class_list":["post-12352","page","type-page","status-publish","hentry"],"yoast_head":"<!-- This site is optimized with the Yoast SEO plugin v26.9 - https:\/\/yoast.com\/product\/yoast-seo-wordpress\/ -->\n<title>Gesch\u00e4ftsbedingungen | Osa Great Adventure<\/title>\n<meta name=\"description\" content=\"Osa Great Adventure-Tour Agency Gesch\u00e4ftsbedingungen Bedingungen Buchungsanfragen \u00fcber www.osagreatadventure.comAlle Buchungsanfragen, die \u00fcber das\" \/>\n<meta name=\"robots\" content=\"index, follow, max-snippet:-1, max-image-preview:large, max-video-preview:-1\" \/>\n<link rel=\"canonical\" href=\"https:\/\/osagreatadventure.com\/de\/geschaeftsbedingungen\" \/>\n<meta property=\"og:locale\" content=\"de_DE\" \/>\n<meta property=\"og:type\" content=\"article\" \/>\n<meta property=\"og:title\" content=\"Gesch\u00e4ftsbedingungen | Osa Great Adventure\" \/>\n<meta property=\"og:description\" content=\"Osa Great Adventure-Tour Agency Gesch\u00e4ftsbedingungen Bedingungen Buchungsanfragen \u00fcber www.osagreatadventure.comAlle Buchungsanfragen, die \u00fcber das\" \/>\n<meta property=\"og:url\" content=\"https:\/\/osagreatadventure.com\/de\/geschaeftsbedingungen\" \/>\n<meta property=\"og:site_name\" content=\"Osa Great Adventure\" \/>\n<meta property=\"article:publisher\" content=\"https:\/\/www.facebook.com\/OsaGreatAdventure\/\" \/>\n<meta property=\"article:modified_time\" content=\"2025-09-17T19:43:56+00:00\" \/>\n<meta name=\"twitter:label1\" content=\"Gesch\u00e4tzte Lesezeit\" \/>\n\t<meta name=\"twitter:data1\" content=\"2\u00a0Minuten\" \/>\n<script type=\"application\/ld+json\" class=\"yoast-schema-graph\">{\"@context\":\"https:\/\/schema.org\",\"@graph\":[{\"@type\":\"WebPage\",\"@id\":\"https:\/\/osagreatadventure.com\/de\/geschaeftsbedingungen\",\"url\":\"https:\/\/osagreatadventure.com\/de\/geschaeftsbedingungen\",\"name\":\"Gesch\u00e4ftsbedingungen | Osa Great Adventure\",\"isPartOf\":{\"@id\":\"https:\/\/osagreatadventure.com\/de#website\"},\"datePublished\":\"2023-03-28T08:57:48+00:00\",\"dateModified\":\"2025-09-17T19:43:56+00:00\",\"description\":\"Osa Great Adventure-Tour Agency Gesch\u00e4ftsbedingungen Bedingungen Buchungsanfragen \u00fcber www.osagreatadventure.comAlle Buchungsanfragen, die \u00fcber das\",\"breadcrumb\":{\"@id\":\"https:\/\/osagreatadventure.com\/de\/geschaeftsbedingungen#breadcrumb\"},\"inLanguage\":\"de\",\"potentialAction\":[{\"@type\":\"ReadAction\",\"target\":[\"https:\/\/osagreatadventure.com\/de\/geschaeftsbedingungen\"]}]},{\"@type\":\"BreadcrumbList\",\"@id\":\"https:\/\/osagreatadventure.com\/de\/geschaeftsbedingungen#breadcrumb\",\"itemListElement\":[{\"@type\":\"ListItem\",\"position\":1,\"name\":\"Home\",\"item\":\"https:\/\/osagreatadventure.com\/de\"},{\"@type\":\"ListItem\",\"position\":2,\"name\":\"Gesch\u00e4ftsbedingungen\"}]},{\"@type\":\"WebSite\",\"@id\":\"https:\/\/osagreatadventure.com\/de#website\",\"url\":\"https:\/\/osagreatadventure.com\/de\",\"name\":\"Osa Great Adventure\",\"description\":\"Wildlife Observation Experts\",\"publisher\":{\"@id\":\"https:\/\/osagreatadventure.com\/de#organization\"},\"potentialAction\":[{\"@type\":\"SearchAction\",\"target\":{\"@type\":\"EntryPoint\",\"urlTemplate\":\"https:\/\/osagreatadventure.com\/de?s={search_term_string}\"},\"query-input\":{\"@type\":\"PropertyValueSpecification\",\"valueRequired\":true,\"valueName\":\"search_term_string\"}}],\"inLanguage\":\"de\"},{\"@type\":\"Organization\",\"@id\":\"https:\/\/osagreatadventure.com\/de#organization\",\"name\":\"Osa Great Adventure\",\"url\":\"https:\/\/osagreatadventure.com\/de\",\"logo\":{\"@type\":\"ImageObject\",\"inLanguage\":\"de\",\"@id\":\"https:\/\/osagreatadventure.com\/de#\/schema\/logo\/image\/\",\"url\":\"https:\/\/osagreatadventure.com\/wp-content\/uploads\/2018\/04\/logo-osa-great-adventure-1.png\",\"contentUrl\":\"https:\/\/osagreatadventure.com\/wp-content\/uploads\/2018\/04\/logo-osa-great-adventure-1.png\",\"width\":153,\"height\":151,\"caption\":\"Osa Great Adventure\"},\"image\":{\"@id\":\"https:\/\/osagreatadventure.com\/de#\/schema\/logo\/image\/\"},\"sameAs\":[\"https:\/\/www.facebook.com\/OsaGreatAdventure\/\",\"https:\/\/x.com\/osa84488724\",\"https:\/\/www.instagram.com\/osa_great_adventure\/\",\"https:\/\/www.linkedin.com\/in\/osa-great-adventure-8624a964\/\",\"https:\/\/www.pinterest.es\/osagreatadventu\/\",\"https:\/\/www.youtube.com\/channel\/UC7AEPnai7kjfdj8JPVn7w-g?view_as=subscriber\"]}]}<\/script>\n<!-- \/ Yoast SEO plugin. -->","yoast_head_json":{"title":"Gesch\u00e4ftsbedingungen | Osa Great Adventure","description":"Osa Great Adventure-Tour Agency Gesch\u00e4ftsbedingungen Bedingungen Buchungsanfragen \u00fcber www.osagreatadventure.comAlle Buchungsanfragen, die \u00fcber das","robots":{"index":"index","follow":"follow","max-snippet":"max-snippet:-1","max-image-preview":"max-image-preview:large","max-video-preview":"max-video-preview:-1"},"canonical":"https:\/\/osagreatadventure.com\/de\/geschaeftsbedingungen","og_locale":"de_DE","og_type":"article","og_title":"Gesch\u00e4ftsbedingungen | Osa Great Adventure","og_description":"Osa Great Adventure-Tour Agency Gesch\u00e4ftsbedingungen Bedingungen Buchungsanfragen \u00fcber www.osagreatadventure.comAlle Buchungsanfragen, die \u00fcber das","og_url":"https:\/\/osagreatadventure.com\/de\/geschaeftsbedingungen","og_site_name":"Osa Great Adventure","article_publisher":"https:\/\/www.facebook.com\/OsaGreatAdventure\/","article_modified_time":"2025-09-17T19:43:56+00:00","twitter_misc":{"Gesch\u00e4tzte Lesezeit":"2\u00a0Minuten"},"schema":{"@context":"https:\/\/schema.org","@graph":[{"@type":"WebPage","@id":"https:\/\/osagreatadventure.com\/de\/geschaeftsbedingungen","url":"https:\/\/osagreatadventure.com\/de\/geschaeftsbedingungen","name":"Gesch\u00e4ftsbedingungen | Osa Great Adventure","isPartOf":{"@id":"https:\/\/osagreatadventure.com\/de#website"},"datePublished":"2023-03-28T08:57:48+00:00","dateModified":"2025-09-17T19:43:56+00:00","description":"Osa Great Adventure-Tour Agency Gesch\u00e4ftsbedingungen Bedingungen Buchungsanfragen \u00fcber www.osagreatadventure.comAlle Buchungsanfragen, die \u00fcber das","breadcrumb":{"@id":"https:\/\/osagreatadventure.com\/de\/geschaeftsbedingungen#breadcrumb"},"inLanguage":"de","potentialAction":[{"@type":"ReadAction","target":["https:\/\/osagreatadventure.com\/de\/geschaeftsbedingungen"]}]},{"@type":"BreadcrumbList","@id":"https:\/\/osagreatadventure.com\/de\/geschaeftsbedingungen#breadcrumb","itemListElement":[{"@type":"ListItem","position":1,"name":"Home","item":"https:\/\/osagreatadventure.com\/de"},{"@type":"ListItem","position":2,"name":"Gesch\u00e4ftsbedingungen"}]},{"@type":"WebSite","@id":"https:\/\/osagreatadventure.com\/de#website","url":"https:\/\/osagreatadventure.com\/de","name":"Osa Great Adventure","description":"Wildlife Observation Experts","publisher":{"@id":"https:\/\/osagreatadventure.com\/de#organization"},"potentialAction":[{"@type":"SearchAction","target":{"@type":"EntryPoint","urlTemplate":"https:\/\/osagreatadventure.com\/de?s={search_term_string}"},"query-input":{"@type":"PropertyValueSpecification","valueRequired":true,"valueName":"search_term_string"}}],"inLanguage":"de"},{"@type":"Organization","@id":"https:\/\/osagreatadventure.com\/de#organization","name":"Osa Great Adventure","url":"https:\/\/osagreatadventure.com\/de","logo":{"@type":"ImageObject","inLanguage":"de","@id":"https:\/\/osagreatadventure.com\/de#\/schema\/logo\/image\/","url":"https:\/\/osagreatadventure.com\/wp-content\/uploads\/2018\/04\/logo-osa-great-adventure-1.png","contentUrl":"https:\/\/osagreatadventure.com\/wp-content\/uploads\/2018\/04\/logo-osa-great-adventure-1.png","width":153,"height":151,"caption":"Osa Great Adventure"},"image":{"@id":"https:\/\/osagreatadventure.com\/de#\/schema\/logo\/image\/"},"sameAs":["https:\/\/www.facebook.com\/OsaGreatAdventure\/","https:\/\/x.com\/osa84488724","https:\/\/www.instagram.com\/osa_great_adventure\/","https:\/\/www.linkedin.com\/in\/osa-great-adventure-8624a964\/","https:\/\/www.pinterest.es\/osagreatadventu\/","https:\/\/www.youtube.com\/channel\/UC7AEPnai7kjfdj8JPVn7w-g?view_as=subscriber"]}]}},"_links":{"self":[{"href":"https:\/\/osagreatadventure.com\/de\/wp-json\/wp\/v2\/pages\/12352","targetHints":{"allow":["GET"]}}],"collection":[{"href":"https:\/\/osagreatadventure.com\/de\/wp-json\/wp\/v2\/pages"}],"about":[{"href":"https:\/\/osagreatadventure.com\/de\/wp-json\/wp\/v2\/types\/page"}],"author":[{"embeddable":true,"href":"https:\/\/osagreatadventure.com\/de\/wp-json\/wp\/v2\/users\/2"}],"replies":[{"embeddable":true,"href":"https:\/\/osagreatadventure.com\/de\/wp-json\/wp\/v2\/comments?post=12352"}],"version-history":[{"count":15,"href":"https:\/\/osagreatadventure.com\/de\/wp-json\/wp\/v2\/pages\/12352\/revisions"}],"predecessor-version":[{"id":19188,"href":"https:\/\/osagreatadventure.com\/de\/wp-json\/wp\/v2\/pages\/12352\/revisions\/19188"}],"wp:attachment":[{"href":"https:\/\/osagreatadventure.com\/de\/wp-json\/wp\/v2\/media?parent=12352"}],"curies":[{"name":"wp","href":"https:\/\/api.w.org\/{rel}","templated":true}]}}