{"id":5522,"date":"2018-12-01T15:58:46","date_gmt":"2018-12-01T21:58:46","guid":{"rendered":"https:\/\/osagreatadventure.com\/kayak-touren-drake-bay-sierpe-mangrovenwald"},"modified":"2024-03-20T07:09:47","modified_gmt":"2024-03-20T13:09:47","slug":"kayak-touren-drake-bay-sierpe-mangrovenwald","status":"publish","type":"page","link":"https:\/\/osagreatadventure.com\/de\/kayak-touren-drake-bay-sierpe-mangrovenwald","title":{"rendered":"Kayak Touren-Drake Bay-Sierpe-Mangrovenwald"},"content":{"rendered":"\t\t<div data-elementor-type=\"wp-post\" data-elementor-id=\"5522\" class=\"elementor elementor-5522 elementor-3323\" data-elementor-post-type=\"page\">\n\t\t\t\t\t\t<section class=\"elementor-section elementor-top-section elementor-element elementor-element-9a9d47e elementor-section-boxed elementor-section-height-default elementor-section-height-default\" data-id=\"9a9d47e\" data-element_type=\"section\" data-e-type=\"section\">\n\t\t\t\t\t\t<div class=\"elementor-container elementor-column-gap-default\">\n\t\t\t\t\t<div class=\"elementor-column elementor-col-100 elementor-top-column elementor-element elementor-element-8d941d5\" data-id=\"8d941d5\" data-element_type=\"column\" data-e-type=\"column\">\n\t\t\t<div class=\"elementor-widget-wrap elementor-element-populated\">\n\t\t\t\t\t\t<div class=\"elementor-element elementor-element-848204a elementor-widget elementor-widget-heading\" data-id=\"848204a\" data-element_type=\"widget\" data-e-type=\"widget\" data-widget_type=\"heading.default\">\n\t\t\t\t<div class=\"elementor-widget-container\">\n\t\t\t\t\t<h1 class=\"elementor-heading-title elementor-size-xl\">Tour en kayak en el r\u00edo Manglares de Sierpe<\/h1>\t\t\t\t<\/div>\n\t\t\t\t<\/div>\n\t\t\t\t<div class=\"elementor-element elementor-element-baa8a55 elementor-widget elementor-widget-text-editor\" data-id=\"baa8a55\" data-element_type=\"widget\" data-e-type=\"widget\" data-widget_type=\"text-editor.default\">\n\t\t\t\t<div class=\"elementor-widget-container\">\n\t\t\t\t\t\t\t\t\t<p>El r\u00edo Sierpe tiene el bosque de manglares m\u00e1s grande de Am\u00e9rica Central y tambi\u00e9n es el m\u00e1s conservado.<\/p>\n\t\t\t\t\t\t\t\t<\/div>\n\t\t\t\t<\/div>\n\t\t\t\t\t<\/div>\n\t\t<\/div>\n\t\t\t\t\t<\/div>\n\t\t<\/section>\n\t\t\t\t<section class=\"elementor-section elementor-top-section elementor-element elementor-element-4d4b441 elementor-section-stretched elementor-section-full_width elementor-section-height-default elementor-section-height-default\" data-id=\"4d4b441\" data-element_type=\"section\" data-e-type=\"section\" data-settings=\"{&quot;stretch_section&quot;:&quot;section-stretched&quot;,&quot;background_background&quot;:&quot;classic&quot;,&quot;background_motion_fx_motion_fx_scrolling&quot;:&quot;yes&quot;,&quot;background_motion_fx_translateX_effect&quot;:&quot;yes&quot;,&quot;background_motion_fx_devices&quot;:[&quot;desktop&quot;,&quot;tablet&quot;],&quot;background_motion_fx_translateX_speed&quot;:{&quot;unit&quot;:&quot;px&quot;,&quot;size&quot;:4,&quot;sizes&quot;:[]},&quot;background_motion_fx_translateX_affectedRange&quot;:{&quot;unit&quot;:&quot;%&quot;,&quot;size&quot;:&quot;&quot;,&quot;sizes&quot;:{&quot;start&quot;:0,&quot;end&quot;:100}}}\">\n\t\t\t\t\t\t\t<div class=\"elementor-background-overlay\"><\/div>\n\t\t\t\t\t\t\t<div class=\"elementor-container elementor-column-gap-default\">\n\t\t\t\t\t<div class=\"elementor-column elementor-col-100 elementor-top-column elementor-element elementor-element-b03d9cf\" data-id=\"b03d9cf\" data-element_type=\"column\" data-e-type=\"column\" data-settings=\"{&quot;background_background&quot;:&quot;classic&quot;}\">\n\t\t\t<div class=\"elementor-widget-wrap elementor-element-populated\">\n\t\t\t\t\t\t<div class=\"elementor-element elementor-element-383db98 elementor-widget elementor-widget-heading\" data-id=\"383db98\" data-element_type=\"widget\" data-e-type=\"widget\" data-widget_type=\"heading.default\">\n\t\t\t\t<div class=\"elementor-widget-container\">\n\t\t\t\t\t<h1 class=\"elementor-heading-title elementor-size-large\">Tour en kayak por el bosque de manglares de Sierpe desde Bah\u00eda Drake<\/h1>\t\t\t\t<\/div>\n\t\t\t\t<\/div>\n\t\t\t\t<div class=\"elementor-element elementor-element-b696307 elementor-widget elementor-widget-heading\" data-id=\"b696307\" data-element_type=\"widget\" data-e-type=\"widget\" data-widget_type=\"heading.default\">\n\t\t\t\t<div class=\"elementor-widget-container\">\n\t\t\t\t\t<h2 class=\"elementor-heading-title elementor-size-medium\">Disfruta del ecosistema cambiante en los humedales T\u00e9rraba-Sierpe<\/h2>\t\t\t\t<\/div>\n\t\t\t\t<\/div>\n\t\t\t\t<div class=\"elementor-element elementor-element-499ca58 elementor-widget elementor-widget-text-editor\" data-id=\"499ca58\" data-element_type=\"widget\" data-e-type=\"widget\" data-widget_type=\"text-editor.default\">\n\t\t\t\t<div class=\"elementor-widget-container\">\n\t\t\t\t\t\t\t\t\t<p>Este tour comienza a las 7:00 p.m. el bote lo recoge en Playa Colorada en Bah\u00eda Drake. El bote inicia un viaje hacia el Manglar de Sierpe, donde los kayaks los estar\u00e1n esperando.<\/p>\n<p>El kayak se realiza a trav\u00e9s de canales y el r\u00edo. Durante este viaje, es posible ver al menos dos especies de \u00e1rboles de mangle y otras especies que toleran altas cantidades de salinidad.<\/p>\n<p>Cangrejos, p\u00e1jaros, serpientes y algunos mam\u00edferos son algunos de los animales que podr\u00e1s ver durante este viaje.<\/p>\n<p>El viaje de regreso comienza alrededor de las 11:00 a.m. hacia Bah\u00eda Drake, y se tarda unos 20 minutos en llegar al pueblo.<\/p>\n<p>Este viaje puede realizarse en un horario diferente dependiendo de las mareas y sus requisitos.<\/p>\n\t\t\t\t\t\t\t\t<\/div>\n\t\t\t\t<\/div>\n\t\t\t\t<div class=\"elementor-element elementor-element-38bca64 elementor-widget elementor-widget-toggle\" data-id=\"38bca64\" data-element_type=\"widget\" data-e-type=\"widget\" data-widget_type=\"toggle.default\">\n\t\t\t\t<div class=\"elementor-widget-container\">\n\t\t\t\t\t\t\t<div class=\"elementor-toggle\">\n\t\t\t\t\t\t\t<div class=\"elementor-toggle-item\">\n\t\t\t\t\t<div id=\"elementor-tab-title-5941\" class=\"elementor-tab-title\" data-tab=\"1\" role=\"button\" aria-controls=\"elementor-tab-content-5941\" aria-expanded=\"false\">\n\t\t\t\t\t\t\t\t\t\t\t\t<span class=\"elementor-toggle-icon elementor-toggle-icon-left\" aria-hidden=\"true\">\n\t\t\t\t\t\t\t\t\t\t\t\t\t\t\t<span class=\"elementor-toggle-icon-closed\"><svg class=\"e-font-icon-svg e-fas-caret-right\" viewBox=\"0 0 192 512\" xmlns=\"http:\/\/www.w3.org\/2000\/svg\"><path d=\"M0 384.662V127.338c0-17.818 21.543-26.741 34.142-14.142l128.662 128.662c7.81 7.81 7.81 20.474 0 28.284L34.142 398.804C21.543 411.404 0 402.48 0 384.662z\"><\/path><\/svg><\/span>\n\t\t\t\t\t\t\t\t<span class=\"elementor-toggle-icon-opened\"><svg class=\"elementor-toggle-icon-opened e-font-icon-svg e-fas-caret-up\" viewBox=\"0 0 320 512\" xmlns=\"http:\/\/www.w3.org\/2000\/svg\"><path d=\"M288.662 352H31.338c-17.818 0-26.741-21.543-14.142-34.142l128.662-128.662c7.81-7.81 20.474-7.81 28.284 0l128.662 128.662c12.6 12.599 3.676 34.142-14.142 34.142z\"><\/path><\/svg><\/span>\n\t\t\t\t\t\t\t\t\t\t\t\t\t<\/span>\n\t\t\t\t\t\t\t\t\t\t\t\t<a class=\"elementor-toggle-title\" tabindex=\"0\">Incluye<\/a>\n\t\t\t\t\t<\/div>\n\n\t\t\t\t\t<div id=\"elementor-tab-content-5941\" class=\"elementor-tab-content elementor-clearfix\" data-tab=\"1\" role=\"region\" aria-labelledby=\"elementor-tab-title-5941\"><ul>\n<li>Kayak.<\/li>\n<li>Gu\u00eda tur\u00edstico naturalista.<\/li>\n<li>Chaleco salvavidas.<\/li>\n<li>Transporte en bote taxi colectivo al r\u00edo Sierpe.<\/li>\n<\/ul>\n<\/div>\n\t\t\t\t<\/div>\n\t\t\t\t\t\t\t<div class=\"elementor-toggle-item\">\n\t\t\t\t\t<div id=\"elementor-tab-title-5942\" class=\"elementor-tab-title\" data-tab=\"2\" role=\"button\" aria-controls=\"elementor-tab-content-5942\" aria-expanded=\"false\">\n\t\t\t\t\t\t\t\t\t\t\t\t<span class=\"elementor-toggle-icon elementor-toggle-icon-left\" aria-hidden=\"true\">\n\t\t\t\t\t\t\t\t\t\t\t\t\t\t\t<span class=\"elementor-toggle-icon-closed\"><svg class=\"e-font-icon-svg e-fas-caret-right\" viewBox=\"0 0 192 512\" xmlns=\"http:\/\/www.w3.org\/2000\/svg\"><path d=\"M0 384.662V127.338c0-17.818 21.543-26.741 34.142-14.142l128.662 128.662c7.81 7.81 7.81 20.474 0 28.284L34.142 398.804C21.543 411.404 0 402.48 0 384.662z\"><\/path><\/svg><\/span>\n\t\t\t\t\t\t\t\t<span class=\"elementor-toggle-icon-opened\"><svg class=\"elementor-toggle-icon-opened e-font-icon-svg e-fas-caret-up\" viewBox=\"0 0 320 512\" xmlns=\"http:\/\/www.w3.org\/2000\/svg\"><path d=\"M288.662 352H31.338c-17.818 0-26.741-21.543-14.142-34.142l128.662-128.662c7.81-7.81 20.474-7.81 28.284 0l128.662 128.662c12.6 12.599 3.676 34.142-14.142 34.142z\"><\/path><\/svg><\/span>\n\t\t\t\t\t\t\t\t\t\t\t\t\t<\/span>\n\t\t\t\t\t\t\t\t\t\t\t\t<a class=\"elementor-toggle-title\" tabindex=\"0\">Recommendaciones<\/a>\n\t\t\t\t\t<\/div>\n\n\t\t\t\t\t<div id=\"elementor-tab-content-5942\" class=\"elementor-tab-content elementor-clearfix\" data-tab=\"2\" role=\"region\" aria-labelledby=\"elementor-tab-title-5942\"><ul>\n<li>Camiseta de manga larga.<\/li>\n<li>Protector solar.<\/li>\n<li>Repelente contra mosquitos.<\/li>\n<li>Gafas de sol.<\/li>\n<li>Agua.<\/li>\n<\/ul>\n<\/div>\n\t\t\t\t<\/div>\n\t\t\t\t\t\t\t<div class=\"elementor-toggle-item\">\n\t\t\t\t\t<div id=\"elementor-tab-title-5943\" class=\"elementor-tab-title\" data-tab=\"3\" role=\"button\" aria-controls=\"elementor-tab-content-5943\" aria-expanded=\"false\">\n\t\t\t\t\t\t\t\t\t\t\t\t<span class=\"elementor-toggle-icon elementor-toggle-icon-left\" aria-hidden=\"true\">\n\t\t\t\t\t\t\t\t\t\t\t\t\t\t\t<span class=\"elementor-toggle-icon-closed\"><svg class=\"e-font-icon-svg e-fas-caret-right\" viewBox=\"0 0 192 512\" xmlns=\"http:\/\/www.w3.org\/2000\/svg\"><path d=\"M0 384.662V127.338c0-17.818 21.543-26.741 34.142-14.142l128.662 128.662c7.81 7.81 7.81 20.474 0 28.284L34.142 398.804C21.543 411.404 0 402.48 0 384.662z\"><\/path><\/svg><\/span>\n\t\t\t\t\t\t\t\t<span class=\"elementor-toggle-icon-opened\"><svg class=\"elementor-toggle-icon-opened e-font-icon-svg e-fas-caret-up\" viewBox=\"0 0 320 512\" xmlns=\"http:\/\/www.w3.org\/2000\/svg\"><path d=\"M288.662 352H31.338c-17.818 0-26.741-21.543-14.142-34.142l128.662-128.662c7.81-7.81 20.474-7.81 28.284 0l128.662 128.662c12.6 12.599 3.676 34.142-14.142 34.142z\"><\/path><\/svg><\/span>\n\t\t\t\t\t\t\t\t\t\t\t\t\t<\/span>\n\t\t\t\t\t\t\t\t\t\t\t\t<a class=\"elementor-toggle-title\" tabindex=\"0\">Precio<\/a>\n\t\t\t\t\t<\/div>\n\n\t\t\t\t\t<div id=\"elementor-tab-content-5943\" class=\"elementor-tab-content elementor-clearfix\" data-tab=\"3\" role=\"region\" aria-labelledby=\"elementor-tab-title-5943\"><p>$125 por persona<\/p>\n<\/div>\n\t\t\t\t<\/div>\n\t\t\t\t\t\t\t\t<\/div>\n\t\t\t\t\t\t<\/div>\n\t\t\t\t<\/div>\n\t\t\t\t<section class=\"elementor-section elementor-inner-section elementor-element elementor-element-1a71ddc elementor-section-boxed elementor-section-height-default elementor-section-height-default\" data-id=\"1a71ddc\" data-element_type=\"section\" data-e-type=\"section\">\n\t\t\t\t\t\t<div class=\"elementor-container elementor-column-gap-default\">\n\t\t\t\t\t<div class=\"elementor-column elementor-col-50 elementor-inner-column elementor-element elementor-element-970edb8\" data-id=\"970edb8\" data-element_type=\"column\" data-e-type=\"column\">\n\t\t\t<div class=\"elementor-widget-wrap elementor-element-populated\">\n\t\t\t\t\t\t<div class=\"elementor-element elementor-element-90a0076 elementor-widget elementor-widget-image\" data-id=\"90a0076\" data-element_type=\"widget\" data-e-type=\"widget\" data-widget_type=\"image.default\">\n\t\t\t\t<div class=\"elementor-widget-container\">\n\t\t\t\t\t\t\t\t\t\t\t\t\t\t\t<img fetchpriority=\"high\" decoding=\"async\" width=\"500\" height=\"375\" src=\"https:\/\/osagreatadventure.com\/wp-content\/uploads\/2020\/03\/Drake-Bay-Mangrove-Tour-Sierpe-River-Costa-Rica..jpeg\" class=\"attachment-large size-large wp-image-7007\" alt=\"\" srcset=\"https:\/\/osagreatadventure.com\/wp-content\/uploads\/2020\/03\/Drake-Bay-Mangrove-Tour-Sierpe-River-Costa-Rica..jpeg 500w, https:\/\/osagreatadventure.com\/wp-content\/uploads\/2020\/03\/Drake-Bay-Mangrove-Tour-Sierpe-River-Costa-Rica.-300x225.jpeg 300w\" sizes=\"(max-width: 500px) 100vw, 500px\" \/>\t\t\t\t\t\t\t\t\t\t\t\t\t\t\t<\/div>\n\t\t\t\t<\/div>\n\t\t\t\t\t<\/div>\n\t\t<\/div>\n\t\t\t\t<div class=\"elementor-column elementor-col-50 elementor-inner-column elementor-element elementor-element-9832d16\" data-id=\"9832d16\" data-element_type=\"column\" data-e-type=\"column\">\n\t\t\t<div class=\"elementor-widget-wrap elementor-element-populated\">\n\t\t\t\t\t\t<div class=\"elementor-element elementor-element-f74d1b6 elementor-align-center elementor-mobile-align-center elementor-tablet-align-center elementor-widget elementor-widget-button\" data-id=\"f74d1b6\" data-element_type=\"widget\" data-e-type=\"widget\" data-widget_type=\"button.default\">\n\t\t\t\t<div class=\"elementor-widget-container\">\n\t\t\t\t\t\t\t\t\t<div class=\"elementor-button-wrapper\">\n\t\t\t\t\t<a class=\"elementor-button elementor-button-link elementor-size-md elementor-animation-grow\" href=\"https:\/\/osagreatadventure.com\/de\/reservierungen\">\n\t\t\t\t\t\t<span class=\"elementor-button-content-wrapper\">\n\t\t\t\t\t\t<span class=\"elementor-button-icon\">\n\t\t\t\t<svg aria-hidden=\"true\" class=\"e-font-icon-svg e-fas-arrow-right\" viewBox=\"0 0 448 512\" xmlns=\"http:\/\/www.w3.org\/2000\/svg\"><path d=\"M190.5 66.9l22.2-22.2c9.4-9.4 24.6-9.4 33.9 0L441 239c9.4 9.4 9.4 24.6 0 33.9L246.6 467.3c-9.4 9.4-24.6 9.4-33.9 0l-22.2-22.2c-9.5-9.5-9.3-25 .4-34.3L311.4 296H24c-13.3 0-24-10.7-24-24v-32c0-13.3 10.7-24 24-24h287.4L190.9 101.2c-9.8-9.3-10-24.8-.4-34.3z\"><\/path><\/svg>\t\t\t<\/span>\n\t\t\t\t\t\t\t\t\t<span class=\"elementor-button-text\">Env\u00edanos un correo<\/span>\n\t\t\t\t\t<\/span>\n\t\t\t\t\t<\/a>\n\t\t\t\t<\/div>\n\t\t\t\t\t\t\t\t<\/div>\n\t\t\t\t<\/div>\n\t\t\t\t\t<\/div>\n\t\t<\/div>\n\t\t\t\t\t<\/div>\n\t\t<\/section>\n\t\t\t\t\t<\/div>\n\t\t<\/div>\n\t\t\t\t\t<\/div>\n\t\t<\/section>\n\t\t\t\t<\/div>\n\t\t","protected":false},"excerpt":{"rendered":"<p>Tour en kayak en el r\u00edo Manglares de Sierpe El r\u00edo Sierpe tiene el bosque de manglares m\u00e1s grande de Am\u00e9rica Central y tambi\u00e9n es el m\u00e1s conservado. Tour en kayak por el bosque de manglares de Sierpe desde Bah\u00eda Drake Disfruta del ecosistema cambiante en los humedales T\u00e9rraba-Sierpe Este tour comienza a las 7:00 [&hellip;]<\/p>\n","protected":false},"author":2,"featured_media":0,"parent":0,"menu_order":0,"comment_status":"closed","ping_status":"closed","template":"elementor_header_footer","meta":{"footnotes":""},"class_list":["post-5522","page","type-page","status-publish","hentry"],"yoast_head":"<!-- This site is optimized with the Yoast SEO plugin v26.9 - https:\/\/yoast.com\/product\/yoast-seo-wordpress\/ -->\n<title>Kayak Touren-Drake Bay-Sierpe-Mangrovenwald | Osa Great Adventure<\/title>\n<meta name=\"description\" content=\"Tour en kayak en el r\u00edo Manglares de Sierpe El r\u00edo Sierpe tiene el bosque de manglares m\u00e1s grande de Am\u00e9rica Central y tambi\u00e9n es el m\u00e1s conservado. Tour El Tour en Kayak es un imperdible en Bah\u00eda Drake y el Manglar de Sierpe. Se puede hacer por la tarde o temprano en la ma\u00f1ana. Tenemos varias opciones para ti.\" \/>\n<meta name=\"robots\" content=\"index, follow, max-snippet:-1, max-image-preview:large, max-video-preview:-1\" \/>\n<link rel=\"canonical\" href=\"https:\/\/osagreatadventure.com\/de\/kayak-touren-drake-bay-sierpe-mangrovenwald\" \/>\n<meta property=\"og:locale\" content=\"de_DE\" \/>\n<meta property=\"og:type\" content=\"article\" \/>\n<meta property=\"og:title\" content=\"Kayak Touren-Drake Bay-Sierpe-Mangrovenwald | Osa Great Adventure\" \/>\n<meta property=\"og:description\" content=\"Tour en kayak en el r\u00edo Manglares de Sierpe El r\u00edo Sierpe tiene el bosque de manglares m\u00e1s grande de Am\u00e9rica Central y tambi\u00e9n es el m\u00e1s conservado. Tour El Tour en Kayak es un imperdible en Bah\u00eda Drake y el Manglar de Sierpe. Se puede hacer por la tarde o temprano en la ma\u00f1ana. Tenemos varias opciones para ti.\" \/>\n<meta property=\"og:url\" content=\"https:\/\/osagreatadventure.com\/de\/kayak-touren-drake-bay-sierpe-mangrovenwald\" \/>\n<meta property=\"og:site_name\" content=\"Osa Great Adventure\" \/>\n<meta property=\"article:publisher\" content=\"https:\/\/www.facebook.com\/OsaGreatAdventure\/\" \/>\n<meta property=\"article:modified_time\" content=\"2024-03-20T13:09:47+00:00\" \/>\n<meta property=\"og:image\" content=\"https:\/\/osagreatadventure.com\/wp-content\/uploads\/2020\/03\/Drake-Bay-Mangrove-Tour-Sierpe-River-Costa-Rica..jpeg\" \/>\n<meta name=\"twitter:label1\" content=\"Gesch\u00e4tzte Lesezeit\" \/>\n\t<meta name=\"twitter:data1\" content=\"1\u00a0Minute\" \/>\n<script type=\"application\/ld+json\" class=\"yoast-schema-graph\">{\"@context\":\"https:\/\/schema.org\",\"@graph\":[{\"@type\":\"WebPage\",\"@id\":\"https:\/\/osagreatadventure.com\/de\/kayak-touren-drake-bay-sierpe-mangrovenwald\",\"url\":\"https:\/\/osagreatadventure.com\/de\/kayak-touren-drake-bay-sierpe-mangrovenwald\",\"name\":\"Kayak Touren-Drake Bay-Sierpe-Mangrovenwald | Osa Great Adventure\",\"isPartOf\":{\"@id\":\"https:\/\/osagreatadventure.com\/de#website\"},\"primaryImageOfPage\":{\"@id\":\"https:\/\/osagreatadventure.com\/de\/kayak-touren-drake-bay-sierpe-mangrovenwald#primaryimage\"},\"image\":{\"@id\":\"https:\/\/osagreatadventure.com\/de\/kayak-touren-drake-bay-sierpe-mangrovenwald#primaryimage\"},\"thumbnailUrl\":\"https:\/\/osagreatadventure.com\/wp-content\/uploads\/2020\/03\/Drake-Bay-Mangrove-Tour-Sierpe-River-Costa-Rica..jpeg\",\"datePublished\":\"2018-12-01T21:58:46+00:00\",\"dateModified\":\"2024-03-20T13:09:47+00:00\",\"description\":\"Tour en kayak en el r\u00edo Manglares de Sierpe El r\u00edo Sierpe tiene el bosque de manglares m\u00e1s grande de Am\u00e9rica Central y tambi\u00e9n es el m\u00e1s conservado. Tour El Tour en Kayak es un imperdible en Bah\u00eda Drake y el Manglar de Sierpe. Se puede hacer por la tarde o temprano en la ma\u00f1ana. Tenemos varias opciones para ti.\",\"breadcrumb\":{\"@id\":\"https:\/\/osagreatadventure.com\/de\/kayak-touren-drake-bay-sierpe-mangrovenwald#breadcrumb\"},\"inLanguage\":\"de\",\"potentialAction\":[{\"@type\":\"ReadAction\",\"target\":[\"https:\/\/osagreatadventure.com\/de\/kayak-touren-drake-bay-sierpe-mangrovenwald\"]}]},{\"@type\":\"ImageObject\",\"inLanguage\":\"de\",\"@id\":\"https:\/\/osagreatadventure.com\/de\/kayak-touren-drake-bay-sierpe-mangrovenwald#primaryimage\",\"url\":\"https:\/\/osagreatadventure.com\/wp-content\/uploads\/2020\/03\/Drake-Bay-Mangrove-Tour-Sierpe-River-Costa-Rica..jpeg\",\"contentUrl\":\"https:\/\/osagreatadventure.com\/wp-content\/uploads\/2020\/03\/Drake-Bay-Mangrove-Tour-Sierpe-River-Costa-Rica..jpeg\"},{\"@type\":\"BreadcrumbList\",\"@id\":\"https:\/\/osagreatadventure.com\/de\/kayak-touren-drake-bay-sierpe-mangrovenwald#breadcrumb\",\"itemListElement\":[{\"@type\":\"ListItem\",\"position\":1,\"name\":\"Home\",\"item\":\"https:\/\/osagreatadventure.com\/de\"},{\"@type\":\"ListItem\",\"position\":2,\"name\":\"Kayak Touren-Drake Bay-Sierpe-Mangrovenwald\"}]},{\"@type\":\"WebSite\",\"@id\":\"https:\/\/osagreatadventure.com\/de#website\",\"url\":\"https:\/\/osagreatadventure.com\/de\",\"name\":\"Osa Great Adventure\",\"description\":\"Wildlife Observation Experts\",\"publisher\":{\"@id\":\"https:\/\/osagreatadventure.com\/de#organization\"},\"potentialAction\":[{\"@type\":\"SearchAction\",\"target\":{\"@type\":\"EntryPoint\",\"urlTemplate\":\"https:\/\/osagreatadventure.com\/de?s={search_term_string}\"},\"query-input\":{\"@type\":\"PropertyValueSpecification\",\"valueRequired\":true,\"valueName\":\"search_term_string\"}}],\"inLanguage\":\"de\"},{\"@type\":\"Organization\",\"@id\":\"https:\/\/osagreatadventure.com\/de#organization\",\"name\":\"Osa Great Adventure\",\"url\":\"https:\/\/osagreatadventure.com\/de\",\"logo\":{\"@type\":\"ImageObject\",\"inLanguage\":\"de\",\"@id\":\"https:\/\/osagreatadventure.com\/de#\/schema\/logo\/image\/\",\"url\":\"https:\/\/osagreatadventure.com\/wp-content\/uploads\/2018\/04\/logo-osa-great-adventure-1.png\",\"contentUrl\":\"https:\/\/osagreatadventure.com\/wp-content\/uploads\/2018\/04\/logo-osa-great-adventure-1.png\",\"width\":153,\"height\":151,\"caption\":\"Osa Great Adventure\"},\"image\":{\"@id\":\"https:\/\/osagreatadventure.com\/de#\/schema\/logo\/image\/\"},\"sameAs\":[\"https:\/\/www.facebook.com\/OsaGreatAdventure\/\",\"https:\/\/x.com\/osa84488724\",\"https:\/\/www.instagram.com\/osa_great_adventure\/\",\"https:\/\/www.linkedin.com\/in\/osa-great-adventure-8624a964\/\",\"https:\/\/www.pinterest.es\/osagreatadventu\/\",\"https:\/\/www.youtube.com\/channel\/UC7AEPnai7kjfdj8JPVn7w-g?view_as=subscriber\"]}]}<\/script>\n<!-- \/ Yoast SEO plugin. -->","yoast_head_json":{"title":"Kayak Touren-Drake Bay-Sierpe-Mangrovenwald | Osa Great Adventure","description":"Tour en kayak en el r\u00edo Manglares de Sierpe El r\u00edo Sierpe tiene el bosque de manglares m\u00e1s grande de Am\u00e9rica Central y tambi\u00e9n es el m\u00e1s conservado. Tour El Tour en Kayak es un imperdible en Bah\u00eda Drake y el Manglar de Sierpe. Se puede hacer por la tarde o temprano en la ma\u00f1ana. Tenemos varias opciones para ti.","robots":{"index":"index","follow":"follow","max-snippet":"max-snippet:-1","max-image-preview":"max-image-preview:large","max-video-preview":"max-video-preview:-1"},"canonical":"https:\/\/osagreatadventure.com\/de\/kayak-touren-drake-bay-sierpe-mangrovenwald","og_locale":"de_DE","og_type":"article","og_title":"Kayak Touren-Drake Bay-Sierpe-Mangrovenwald | Osa Great Adventure","og_description":"Tour en kayak en el r\u00edo Manglares de Sierpe El r\u00edo Sierpe tiene el bosque de manglares m\u00e1s grande de Am\u00e9rica Central y tambi\u00e9n es el m\u00e1s conservado. Tour El Tour en Kayak es un imperdible en Bah\u00eda Drake y el Manglar de Sierpe. Se puede hacer por la tarde o temprano en la ma\u00f1ana. Tenemos varias opciones para ti.","og_url":"https:\/\/osagreatadventure.com\/de\/kayak-touren-drake-bay-sierpe-mangrovenwald","og_site_name":"Osa Great Adventure","article_publisher":"https:\/\/www.facebook.com\/OsaGreatAdventure\/","article_modified_time":"2024-03-20T13:09:47+00:00","og_image":[{"url":"https:\/\/osagreatadventure.com\/wp-content\/uploads\/2020\/03\/Drake-Bay-Mangrove-Tour-Sierpe-River-Costa-Rica..jpeg","type":"","width":"","height":""}],"twitter_misc":{"Gesch\u00e4tzte Lesezeit":"1\u00a0Minute"},"schema":{"@context":"https:\/\/schema.org","@graph":[{"@type":"WebPage","@id":"https:\/\/osagreatadventure.com\/de\/kayak-touren-drake-bay-sierpe-mangrovenwald","url":"https:\/\/osagreatadventure.com\/de\/kayak-touren-drake-bay-sierpe-mangrovenwald","name":"Kayak Touren-Drake Bay-Sierpe-Mangrovenwald | Osa Great Adventure","isPartOf":{"@id":"https:\/\/osagreatadventure.com\/de#website"},"primaryImageOfPage":{"@id":"https:\/\/osagreatadventure.com\/de\/kayak-touren-drake-bay-sierpe-mangrovenwald#primaryimage"},"image":{"@id":"https:\/\/osagreatadventure.com\/de\/kayak-touren-drake-bay-sierpe-mangrovenwald#primaryimage"},"thumbnailUrl":"https:\/\/osagreatadventure.com\/wp-content\/uploads\/2020\/03\/Drake-Bay-Mangrove-Tour-Sierpe-River-Costa-Rica..jpeg","datePublished":"2018-12-01T21:58:46+00:00","dateModified":"2024-03-20T13:09:47+00:00","description":"Tour en kayak en el r\u00edo Manglares de Sierpe El r\u00edo Sierpe tiene el bosque de manglares m\u00e1s grande de Am\u00e9rica Central y tambi\u00e9n es el m\u00e1s conservado. Tour El Tour en Kayak es un imperdible en Bah\u00eda Drake y el Manglar de Sierpe. Se puede hacer por la tarde o temprano en la ma\u00f1ana. Tenemos varias opciones para ti.","breadcrumb":{"@id":"https:\/\/osagreatadventure.com\/de\/kayak-touren-drake-bay-sierpe-mangrovenwald#breadcrumb"},"inLanguage":"de","potentialAction":[{"@type":"ReadAction","target":["https:\/\/osagreatadventure.com\/de\/kayak-touren-drake-bay-sierpe-mangrovenwald"]}]},{"@type":"ImageObject","inLanguage":"de","@id":"https:\/\/osagreatadventure.com\/de\/kayak-touren-drake-bay-sierpe-mangrovenwald#primaryimage","url":"https:\/\/osagreatadventure.com\/wp-content\/uploads\/2020\/03\/Drake-Bay-Mangrove-Tour-Sierpe-River-Costa-Rica..jpeg","contentUrl":"https:\/\/osagreatadventure.com\/wp-content\/uploads\/2020\/03\/Drake-Bay-Mangrove-Tour-Sierpe-River-Costa-Rica..jpeg"},{"@type":"BreadcrumbList","@id":"https:\/\/osagreatadventure.com\/de\/kayak-touren-drake-bay-sierpe-mangrovenwald#breadcrumb","itemListElement":[{"@type":"ListItem","position":1,"name":"Home","item":"https:\/\/osagreatadventure.com\/de"},{"@type":"ListItem","position":2,"name":"Kayak Touren-Drake Bay-Sierpe-Mangrovenwald"}]},{"@type":"WebSite","@id":"https:\/\/osagreatadventure.com\/de#website","url":"https:\/\/osagreatadventure.com\/de","name":"Osa Great Adventure","description":"Wildlife Observation Experts","publisher":{"@id":"https:\/\/osagreatadventure.com\/de#organization"},"potentialAction":[{"@type":"SearchAction","target":{"@type":"EntryPoint","urlTemplate":"https:\/\/osagreatadventure.com\/de?s={search_term_string}"},"query-input":{"@type":"PropertyValueSpecification","valueRequired":true,"valueName":"search_term_string"}}],"inLanguage":"de"},{"@type":"Organization","@id":"https:\/\/osagreatadventure.com\/de#organization","name":"Osa Great Adventure","url":"https:\/\/osagreatadventure.com\/de","logo":{"@type":"ImageObject","inLanguage":"de","@id":"https:\/\/osagreatadventure.com\/de#\/schema\/logo\/image\/","url":"https:\/\/osagreatadventure.com\/wp-content\/uploads\/2018\/04\/logo-osa-great-adventure-1.png","contentUrl":"https:\/\/osagreatadventure.com\/wp-content\/uploads\/2018\/04\/logo-osa-great-adventure-1.png","width":153,"height":151,"caption":"Osa Great Adventure"},"image":{"@id":"https:\/\/osagreatadventure.com\/de#\/schema\/logo\/image\/"},"sameAs":["https:\/\/www.facebook.com\/OsaGreatAdventure\/","https:\/\/x.com\/osa84488724","https:\/\/www.instagram.com\/osa_great_adventure\/","https:\/\/www.linkedin.com\/in\/osa-great-adventure-8624a964\/","https:\/\/www.pinterest.es\/osagreatadventu\/","https:\/\/www.youtube.com\/channel\/UC7AEPnai7kjfdj8JPVn7w-g?view_as=subscriber"]}]}},"_links":{"self":[{"href":"https:\/\/osagreatadventure.com\/de\/wp-json\/wp\/v2\/pages\/5522","targetHints":{"allow":["GET"]}}],"collection":[{"href":"https:\/\/osagreatadventure.com\/de\/wp-json\/wp\/v2\/pages"}],"about":[{"href":"https:\/\/osagreatadventure.com\/de\/wp-json\/wp\/v2\/types\/page"}],"author":[{"embeddable":true,"href":"https:\/\/osagreatadventure.com\/de\/wp-json\/wp\/v2\/users\/2"}],"replies":[{"embeddable":true,"href":"https:\/\/osagreatadventure.com\/de\/wp-json\/wp\/v2\/comments?post=5522"}],"version-history":[{"count":17,"href":"https:\/\/osagreatadventure.com\/de\/wp-json\/wp\/v2\/pages\/5522\/revisions"}],"predecessor-version":[{"id":14083,"href":"https:\/\/osagreatadventure.com\/de\/wp-json\/wp\/v2\/pages\/5522\/revisions\/14083"}],"wp:attachment":[{"href":"https:\/\/osagreatadventure.com\/de\/wp-json\/wp\/v2\/media?parent=5522"}],"curies":[{"name":"wp","href":"https:\/\/api.w.org\/{rel}","templated":true}]}}