{"id":10726,"date":"2023-02-27T02:52:06","date_gmt":"2023-02-27T08:52:06","guid":{"rendered":"https:\/\/osagreatadventure.com\/isla-del-cano-tour-de-snorkeling-desde-uvita"},"modified":"2024-07-28T06:24:51","modified_gmt":"2024-07-28T12:24:51","slug":"isla-del-cano-tour-de-snorkeling-desde-uvita","status":"publish","type":"page","link":"https:\/\/osagreatadventure.com\/es\/isla-del-cano-tour-de-snorkeling-desde-uvita","title":{"rendered":"Isla del Ca\u00f1o Tour de Snorkeling desde Uvita"},"content":{"rendered":"\t\t<div data-elementor-type=\"wp-page\" data-elementor-id=\"10726\" class=\"elementor elementor-10726 elementor-8905\" data-elementor-post-type=\"page\">\n\t\t\t\t\t\t<section class=\"elementor-section elementor-top-section elementor-element elementor-element-51df768 elementor-section-boxed elementor-section-height-default elementor-section-height-default\" data-id=\"51df768\" data-element_type=\"section\" data-e-type=\"section\">\n\t\t\t\t\t\t<div class=\"elementor-container elementor-column-gap-default\">\n\t\t\t\t\t<div class=\"elementor-column elementor-col-100 elementor-top-column elementor-element elementor-element-09d58bb\" data-id=\"09d58bb\" data-element_type=\"column\" data-e-type=\"column\">\n\t\t\t<div class=\"elementor-widget-wrap elementor-element-populated\">\n\t\t\t\t\t\t<div class=\"elementor-element elementor-element-0353214 elementor-widget elementor-widget-heading\" data-id=\"0353214\" data-element_type=\"widget\" data-e-type=\"widget\" data-widget_type=\"heading.default\">\n\t\t\t\t<div class=\"elementor-widget-container\">\n\t\t\t\t\t<h1 class=\"elementor-heading-title elementor-size-xl\">Isla del Ca\u00f1o Tour de Snorkeling<\/h1>\t\t\t\t<\/div>\n\t\t\t\t<\/div>\n\t\t\t\t<div class=\"elementor-element elementor-element-9072648 elementor-widget elementor-widget-heading\" data-id=\"9072648\" data-element_type=\"widget\" data-e-type=\"widget\" data-widget_type=\"heading.default\">\n\t\t\t\t<div class=\"elementor-widget-container\">\n\t\t\t\t\t<h2 class=\"elementor-heading-title elementor-size-medium\">Snorkeling en Isla del Ca\u00f1o desde Uvita<\/h2>\t\t\t\t<\/div>\n\t\t\t\t<\/div>\n\t\t\t\t<div class=\"elementor-element elementor-element-1eca628 elementor-widget elementor-widget-text-editor\" data-id=\"1eca628\" data-element_type=\"widget\" data-e-type=\"widget\" data-widget_type=\"text-editor.default\">\n\t\t\t\t<div class=\"elementor-widget-container\">\n\t\t\t\t\t\t\t\t\t<p>Visita Isla del Ca\u00f1o desde Uvita en un viaje que te dejar\u00e1 grandes recuerdos.<\/p>\n<p>&nbsp;<\/p>\n\t\t\t\t\t\t\t\t<\/div>\n\t\t\t\t<\/div>\n\t\t\t\t\t<\/div>\n\t\t<\/div>\n\t\t\t\t\t<\/div>\n\t\t<\/section>\n\t\t\t\t<section class=\"elementor-section elementor-top-section elementor-element elementor-element-c176e8d elementor-section-stretched elementor-section-full_width elementor-section-height-default elementor-section-height-default\" data-id=\"c176e8d\" data-element_type=\"section\" data-e-type=\"section\" data-settings=\"{&quot;stretch_section&quot;:&quot;section-stretched&quot;,&quot;background_background&quot;:&quot;classic&quot;,&quot;background_motion_fx_motion_fx_scrolling&quot;:&quot;yes&quot;,&quot;background_motion_fx_translateX_effect&quot;:&quot;yes&quot;,&quot;background_motion_fx_devices&quot;:[&quot;desktop&quot;,&quot;tablet&quot;],&quot;background_motion_fx_translateX_speed&quot;:{&quot;unit&quot;:&quot;px&quot;,&quot;size&quot;:4,&quot;sizes&quot;:[]},&quot;background_motion_fx_translateX_affectedRange&quot;:{&quot;unit&quot;:&quot;%&quot;,&quot;size&quot;:&quot;&quot;,&quot;sizes&quot;:{&quot;start&quot;:0,&quot;end&quot;:100}}}\">\n\t\t\t\t\t\t\t<div class=\"elementor-background-overlay\"><\/div>\n\t\t\t\t\t\t\t<div class=\"elementor-container elementor-column-gap-default\">\n\t\t\t\t\t<div class=\"elementor-column elementor-col-100 elementor-top-column elementor-element elementor-element-454518c\" data-id=\"454518c\" data-element_type=\"column\" data-e-type=\"column\" data-settings=\"{&quot;background_background&quot;:&quot;classic&quot;}\">\n\t\t\t<div class=\"elementor-widget-wrap elementor-element-populated\">\n\t\t\t\t\t\t<div class=\"elementor-element elementor-element-9b25703 elementor-widget elementor-widget-heading\" data-id=\"9b25703\" data-element_type=\"widget\" data-e-type=\"widget\" data-widget_type=\"heading.default\">\n\t\t\t\t<div class=\"elementor-widget-container\">\n\t\t\t\t\t<h1 class=\"elementor-heading-title elementor-size-large\">Tour De Snorkel En La Isla Del Ca\u00f1o Desde Uvita<\/h1>\t\t\t\t<\/div>\n\t\t\t\t<\/div>\n\t\t\t\t<div class=\"elementor-element elementor-element-6aa87d6 elementor-widget elementor-widget-text-editor\" data-id=\"6aa87d6\" data-element_type=\"widget\" data-e-type=\"widget\" data-widget_type=\"text-editor.default\">\n\t\t\t\t<div class=\"elementor-widget-container\">\n\t\t\t\t\t\t\t\t\t<p>El tour de snorkel en la Isla del Ca\u00f1o desde Uvita comienza en la oficina a las 6.30 am con fruta, caf\u00e9, jugo y galletas, seguido de una breve charla de seguridad.<br \/>\nAproximadamente 1:30 horas se dedican al viaje en bote a la Isla del Ca\u00f1o, seguido de dos snorkels de aproximadamente 45 minutos cada uno en los puntos de mejor visibilidad de las islas.<br \/>\nEn la isla del Ca\u00f1o, pueden visitar el mirador y utilizar las instalaciones.<br \/>\nEl almuerzo se proporciona en el restaurante Ballena Oriental o en Playa San Josecito (una hermosa playa).<br \/>\nHay posibilidades de ver delfines, ballenas, tortugas y aves en el camino (ya que es un h\u00e1bitat natural). El recorrido finaliza aproximadamente a las 3.00 pm en el Parque Nacional Marino Ballena.<\/p>\n<p>&nbsp;<\/p>\n\t\t\t\t\t\t\t\t<\/div>\n\t\t\t\t<\/div>\n\t\t\t\t<div class=\"elementor-element elementor-element-db34257 elementor-widget elementor-widget-toggle\" data-id=\"db34257\" data-element_type=\"widget\" data-e-type=\"widget\" data-widget_type=\"toggle.default\">\n\t\t\t\t<div class=\"elementor-widget-container\">\n\t\t\t\t\t\t\t<div class=\"elementor-toggle\">\n\t\t\t\t\t\t\t<div class=\"elementor-toggle-item\">\n\t\t\t\t\t<div id=\"elementor-tab-title-2291\" class=\"elementor-tab-title\" data-tab=\"1\" role=\"button\" aria-controls=\"elementor-tab-content-2291\" aria-expanded=\"false\">\n\t\t\t\t\t\t\t\t\t\t\t\t<span class=\"elementor-toggle-icon elementor-toggle-icon-left\" aria-hidden=\"true\">\n\t\t\t\t\t\t\t\t\t\t\t\t\t\t\t<span class=\"elementor-toggle-icon-closed\"><svg class=\"e-font-icon-svg e-fas-caret-right\" viewBox=\"0 0 192 512\" xmlns=\"http:\/\/www.w3.org\/2000\/svg\"><path d=\"M0 384.662V127.338c0-17.818 21.543-26.741 34.142-14.142l128.662 128.662c7.81 7.81 7.81 20.474 0 28.284L34.142 398.804C21.543 411.404 0 402.48 0 384.662z\"><\/path><\/svg><\/span>\n\t\t\t\t\t\t\t\t<span class=\"elementor-toggle-icon-opened\"><svg class=\"elementor-toggle-icon-opened e-font-icon-svg e-fas-caret-up\" viewBox=\"0 0 320 512\" xmlns=\"http:\/\/www.w3.org\/2000\/svg\"><path d=\"M288.662 352H31.338c-17.818 0-26.741-21.543-14.142-34.142l128.662-128.662c7.81-7.81 20.474-7.81 28.284 0l128.662 128.662c12.6 12.599 3.676 34.142-14.142 34.142z\"><\/path><\/svg><\/span>\n\t\t\t\t\t\t\t\t\t\t\t\t\t<\/span>\n\t\t\t\t\t\t\t\t\t\t\t\t<a class=\"elementor-toggle-title\" tabindex=\"0\">Incluye<\/a>\n\t\t\t\t\t<\/div>\n\n\t\t\t\t\t<div id=\"elementor-tab-content-2291\" class=\"elementor-tab-content elementor-clearfix\" data-tab=\"1\" role=\"region\" aria-labelledby=\"elementor-tab-title-2291\"><ul>\n<li>Equipo de snorkel.<\/li>\n<li>Entrada a la Reserva Biol\u00f3gica Isla del Ca\u00f1o.<\/li>\n<li>Gu\u00eda biling\u00fce (ingl\u00e9s y espa\u00f1ol).<\/li>\n<li>Picnic.<\/li>\n<li>Fruta fresca.<\/li>\n<li>Agua.<\/li>\n<li>2 sesiones de snorkel de 45 minutos cada una.<\/li>\n<\/ul>\n<p>&nbsp;<\/p>\n<\/div>\n\t\t\t\t<\/div>\n\t\t\t\t\t\t\t<div class=\"elementor-toggle-item\">\n\t\t\t\t\t<div id=\"elementor-tab-title-2292\" class=\"elementor-tab-title\" data-tab=\"2\" role=\"button\" aria-controls=\"elementor-tab-content-2292\" aria-expanded=\"false\">\n\t\t\t\t\t\t\t\t\t\t\t\t<span class=\"elementor-toggle-icon elementor-toggle-icon-left\" aria-hidden=\"true\">\n\t\t\t\t\t\t\t\t\t\t\t\t\t\t\t<span class=\"elementor-toggle-icon-closed\"><svg class=\"e-font-icon-svg e-fas-caret-right\" viewBox=\"0 0 192 512\" xmlns=\"http:\/\/www.w3.org\/2000\/svg\"><path d=\"M0 384.662V127.338c0-17.818 21.543-26.741 34.142-14.142l128.662 128.662c7.81 7.81 7.81 20.474 0 28.284L34.142 398.804C21.543 411.404 0 402.48 0 384.662z\"><\/path><\/svg><\/span>\n\t\t\t\t\t\t\t\t<span class=\"elementor-toggle-icon-opened\"><svg class=\"elementor-toggle-icon-opened e-font-icon-svg e-fas-caret-up\" viewBox=\"0 0 320 512\" xmlns=\"http:\/\/www.w3.org\/2000\/svg\"><path d=\"M288.662 352H31.338c-17.818 0-26.741-21.543-14.142-34.142l128.662-128.662c7.81-7.81 20.474-7.81 28.284 0l128.662 128.662c12.6 12.599 3.676 34.142-14.142 34.142z\"><\/path><\/svg><\/span>\n\t\t\t\t\t\t\t\t\t\t\t\t\t<\/span>\n\t\t\t\t\t\t\t\t\t\t\t\t<a class=\"elementor-toggle-title\" tabindex=\"0\">Recomendaciones<\/a>\n\t\t\t\t\t<\/div>\n\n\t\t\t\t\t<div id=\"elementor-tab-content-2292\" class=\"elementor-tab-content elementor-clearfix\" data-tab=\"2\" role=\"region\" aria-labelledby=\"elementor-tab-title-2292\"><ul>\n<li>Gafas de sol.<\/li>\n<li>Protector solar.<\/li>\n<li>Toalla.<\/li>\n<li>Aperitivos.<\/li>\n<li>Sandalias o chanclas para la playa.<\/li>\n<li>Llevar agua extra para el tour.<\/li>\n<li>Lleva una bolsa seca para proteger tus dispositivos electr\u00f3nicos y objetos personales.<\/li>\n<\/ul>\n<p>&nbsp;<\/p>\n<\/div>\n\t\t\t\t<\/div>\n\t\t\t\t\t\t\t<div class=\"elementor-toggle-item\">\n\t\t\t\t\t<div id=\"elementor-tab-title-2293\" class=\"elementor-tab-title\" data-tab=\"3\" role=\"button\" aria-controls=\"elementor-tab-content-2293\" aria-expanded=\"false\">\n\t\t\t\t\t\t\t\t\t\t\t\t<span class=\"elementor-toggle-icon elementor-toggle-icon-left\" aria-hidden=\"true\">\n\t\t\t\t\t\t\t\t\t\t\t\t\t\t\t<span class=\"elementor-toggle-icon-closed\"><svg class=\"e-font-icon-svg e-fas-caret-right\" viewBox=\"0 0 192 512\" xmlns=\"http:\/\/www.w3.org\/2000\/svg\"><path d=\"M0 384.662V127.338c0-17.818 21.543-26.741 34.142-14.142l128.662 128.662c7.81 7.81 7.81 20.474 0 28.284L34.142 398.804C21.543 411.404 0 402.48 0 384.662z\"><\/path><\/svg><\/span>\n\t\t\t\t\t\t\t\t<span class=\"elementor-toggle-icon-opened\"><svg class=\"elementor-toggle-icon-opened e-font-icon-svg e-fas-caret-up\" viewBox=\"0 0 320 512\" xmlns=\"http:\/\/www.w3.org\/2000\/svg\"><path d=\"M288.662 352H31.338c-17.818 0-26.741-21.543-14.142-34.142l128.662-128.662c7.81-7.81 20.474-7.81 28.284 0l128.662 128.662c12.6 12.599 3.676 34.142-14.142 34.142z\"><\/path><\/svg><\/span>\n\t\t\t\t\t\t\t\t\t\t\t\t\t<\/span>\n\t\t\t\t\t\t\t\t\t\t\t\t<a class=\"elementor-toggle-title\" tabindex=\"0\">Precio<\/a>\n\t\t\t\t\t<\/div>\n\n\t\t\t\t\t<div id=\"elementor-tab-content-2293\" class=\"elementor-tab-content elementor-clearfix\" data-tab=\"3\" role=\"region\" aria-labelledby=\"elementor-tab-title-2293\"><p>$150 por persona<\/p>\n<\/div>\n\t\t\t\t<\/div>\n\t\t\t\t\t\t\t\t<\/div>\n\t\t\t\t\t\t<\/div>\n\t\t\t\t<\/div>\n\t\t\t\t<section class=\"elementor-section elementor-inner-section elementor-element elementor-element-719d147 elementor-section-boxed elementor-section-height-default elementor-section-height-default\" data-id=\"719d147\" data-element_type=\"section\" data-e-type=\"section\">\n\t\t\t\t\t\t<div class=\"elementor-container elementor-column-gap-default\">\n\t\t\t\t\t<div class=\"elementor-column elementor-col-50 elementor-inner-column elementor-element elementor-element-8bfdf56\" data-id=\"8bfdf56\" data-element_type=\"column\" data-e-type=\"column\">\n\t\t\t<div class=\"elementor-widget-wrap elementor-element-populated\">\n\t\t\t\t\t\t<div class=\"elementor-element elementor-element-f7004b6 elementor-widget elementor-widget-image\" data-id=\"f7004b6\" data-element_type=\"widget\" data-e-type=\"widget\" data-widget_type=\"image.default\">\n\t\t\t\t<div class=\"elementor-widget-container\">\n\t\t\t\t\t\t\t\t\t\t\t\t\t\t\t<img fetchpriority=\"high\" decoding=\"async\" width=\"800\" height=\"536\" src=\"https:\/\/osagreatadventure.com\/wp-content\/uploads\/2023\/03\/Cano-Island-Snorkeling-Tour-2-1024x686.jpg\" class=\"attachment-large size-large wp-image-11981\" alt=\"\" srcset=\"https:\/\/osagreatadventure.com\/wp-content\/uploads\/2023\/03\/Cano-Island-Snorkeling-Tour-2-1024x686.jpg 1024w, https:\/\/osagreatadventure.com\/wp-content\/uploads\/2023\/03\/Cano-Island-Snorkeling-Tour-2-300x201.jpg 300w, https:\/\/osagreatadventure.com\/wp-content\/uploads\/2023\/03\/Cano-Island-Snorkeling-Tour-2-768x515.jpg 768w, https:\/\/osagreatadventure.com\/wp-content\/uploads\/2023\/03\/Cano-Island-Snorkeling-Tour-2-600x402.jpg 600w, https:\/\/osagreatadventure.com\/wp-content\/uploads\/2023\/03\/Cano-Island-Snorkeling-Tour-2.jpg 1094w\" sizes=\"(max-width: 800px) 100vw, 800px\" \/>\t\t\t\t\t\t\t\t\t\t\t\t\t\t\t<\/div>\n\t\t\t\t<\/div>\n\t\t\t\t\t<\/div>\n\t\t<\/div>\n\t\t\t\t<div class=\"elementor-column elementor-col-50 elementor-inner-column elementor-element elementor-element-3404ff9\" data-id=\"3404ff9\" data-element_type=\"column\" data-e-type=\"column\">\n\t\t\t<div class=\"elementor-widget-wrap elementor-element-populated\">\n\t\t\t\t\t\t<div class=\"elementor-element elementor-element-5e009eb elementor-align-center elementor-mobile-align-center elementor-tablet-align-center elementor-widget elementor-widget-button\" data-id=\"5e009eb\" data-element_type=\"widget\" data-e-type=\"widget\" data-widget_type=\"button.default\">\n\t\t\t\t<div class=\"elementor-widget-container\">\n\t\t\t\t\t\t\t\t\t<div class=\"elementor-button-wrapper\">\n\t\t\t\t\t<a class=\"elementor-button elementor-button-link elementor-size-md elementor-animation-grow\" href=\"https:\/\/osagreatadventure.com\/es\/reservaciones\">\n\t\t\t\t\t\t<span class=\"elementor-button-content-wrapper\">\n\t\t\t\t\t\t<span class=\"elementor-button-icon\">\n\t\t\t\t<svg aria-hidden=\"true\" class=\"e-font-icon-svg e-fas-arrow-right\" viewBox=\"0 0 448 512\" xmlns=\"http:\/\/www.w3.org\/2000\/svg\"><path d=\"M190.5 66.9l22.2-22.2c9.4-9.4 24.6-9.4 33.9 0L441 239c9.4 9.4 9.4 24.6 0 33.9L246.6 467.3c-9.4 9.4-24.6 9.4-33.9 0l-22.2-22.2c-9.5-9.5-9.3-25 .4-34.3L311.4 296H24c-13.3 0-24-10.7-24-24v-32c0-13.3 10.7-24 24-24h287.4L190.9 101.2c-9.8-9.3-10-24.8-.4-34.3z\"><\/path><\/svg>\t\t\t<\/span>\n\t\t\t\t\t\t\t\t\t<span class=\"elementor-button-text\">Env\u00edanos un correo<\/span>\n\t\t\t\t\t<\/span>\n\t\t\t\t\t<\/a>\n\t\t\t\t<\/div>\n\t\t\t\t\t\t\t\t<\/div>\n\t\t\t\t<\/div>\n\t\t\t\t\t<\/div>\n\t\t<\/div>\n\t\t\t\t\t<\/div>\n\t\t<\/section>\n\t\t\t\t\t<\/div>\n\t\t<\/div>\n\t\t\t\t\t<\/div>\n\t\t<\/section>\n\t\t\t\t<\/div>\n\t\t","protected":false},"excerpt":{"rendered":"<p>Isla del Ca\u00f1o Tour de Snorkeling Snorkeling en Isla del Ca\u00f1o desde Uvita Visita Isla del Ca\u00f1o desde Uvita en un viaje que te dejar\u00e1 grandes recuerdos. &nbsp; Tour De Snorkel En La Isla Del Ca\u00f1o Desde Uvita El tour de snorkel en la Isla del Ca\u00f1o desde Uvita comienza en la oficina a las [&hellip;]<\/p>\n","protected":false},"author":2,"featured_media":0,"parent":0,"menu_order":0,"comment_status":"closed","ping_status":"closed","template":"elementor_header_footer","meta":{"footnotes":""},"class_list":["post-10726","page","type-page","status-publish","hentry"],"yoast_head":"<!-- This site is optimized with the Yoast SEO plugin v26.9 - https:\/\/yoast.com\/product\/yoast-seo-wordpress\/ -->\n<title>Isla del Ca\u00f1o Tour de Snorkeling desde Uvita | Osa Great Adventure<\/title>\n<meta name=\"description\" content=\"Isla del Ca\u00f1o Tour de Snorkeling Snorkeling en Isla del Ca\u00f1o desde Uvita Visita Isla del Ca\u00f1o desde Uvita en un viaje que te dejar\u00e1 grandes\" \/>\n<meta name=\"robots\" content=\"index, follow, max-snippet:-1, max-image-preview:large, max-video-preview:-1\" \/>\n<link rel=\"canonical\" href=\"https:\/\/osagreatadventure.com\/es\/isla-del-cano-tour-de-snorkeling-desde-uvita\" \/>\n<meta property=\"og:locale\" content=\"es_ES\" \/>\n<meta property=\"og:type\" content=\"article\" \/>\n<meta property=\"og:title\" content=\"Isla del Ca\u00f1o Tour de Snorkeling desde Uvita | Osa Great Adventure\" \/>\n<meta property=\"og:description\" content=\"Isla del Ca\u00f1o Tour de Snorkeling Snorkeling en Isla del Ca\u00f1o desde Uvita Visita Isla del Ca\u00f1o desde Uvita en un viaje que te dejar\u00e1 grandes\" \/>\n<meta property=\"og:url\" content=\"https:\/\/osagreatadventure.com\/es\/isla-del-cano-tour-de-snorkeling-desde-uvita\" \/>\n<meta property=\"og:site_name\" content=\"Osa Great Adventure\" \/>\n<meta property=\"article:publisher\" content=\"https:\/\/www.facebook.com\/OsaGreatAdventure\/\" \/>\n<meta property=\"article:modified_time\" content=\"2024-07-28T12:24:51+00:00\" \/>\n<meta property=\"og:image\" content=\"https:\/\/osagreatadventure.com\/wp-content\/uploads\/2023\/03\/Cano-Island-Snorkeling-Tour-2-1024x686.jpg\" \/>\n<meta name=\"twitter:label1\" content=\"Tiempo de lectura\" \/>\n\t<meta name=\"twitter:data1\" content=\"1 minuto\" \/>\n<script type=\"application\/ld+json\" class=\"yoast-schema-graph\">{\"@context\":\"https:\/\/schema.org\",\"@graph\":[{\"@type\":\"WebPage\",\"@id\":\"https:\/\/osagreatadventure.com\/es\/isla-del-cano-tour-de-snorkeling-desde-uvita\",\"url\":\"https:\/\/osagreatadventure.com\/es\/isla-del-cano-tour-de-snorkeling-desde-uvita\",\"name\":\"Isla del Ca\u00f1o Tour de Snorkeling desde Uvita | Osa Great Adventure\",\"isPartOf\":{\"@id\":\"https:\/\/osagreatadventure.com\/es#website\"},\"primaryImageOfPage\":{\"@id\":\"https:\/\/osagreatadventure.com\/es\/isla-del-cano-tour-de-snorkeling-desde-uvita#primaryimage\"},\"image\":{\"@id\":\"https:\/\/osagreatadventure.com\/es\/isla-del-cano-tour-de-snorkeling-desde-uvita#primaryimage\"},\"thumbnailUrl\":\"https:\/\/osagreatadventure.com\/wp-content\/uploads\/2023\/03\/Cano-Island-Snorkeling-Tour-2-1024x686.webp\",\"datePublished\":\"2023-02-27T08:52:06+00:00\",\"dateModified\":\"2024-07-28T12:24:51+00:00\",\"description\":\"Isla del Ca\u00f1o Tour de Snorkeling Snorkeling en Isla del Ca\u00f1o desde Uvita Visita Isla del Ca\u00f1o desde Uvita en un viaje que te dejar\u00e1 grandes\",\"breadcrumb\":{\"@id\":\"https:\/\/osagreatadventure.com\/es\/isla-del-cano-tour-de-snorkeling-desde-uvita#breadcrumb\"},\"inLanguage\":\"es\",\"potentialAction\":[{\"@type\":\"ReadAction\",\"target\":[\"https:\/\/osagreatadventure.com\/es\/isla-del-cano-tour-de-snorkeling-desde-uvita\"]}]},{\"@type\":\"ImageObject\",\"inLanguage\":\"es\",\"@id\":\"https:\/\/osagreatadventure.com\/es\/isla-del-cano-tour-de-snorkeling-desde-uvita#primaryimage\",\"url\":\"https:\/\/osagreatadventure.com\/wp-content\/uploads\/2023\/03\/Cano-Island-Snorkeling-Tour-2-1024x686.webp\",\"contentUrl\":\"https:\/\/osagreatadventure.com\/wp-content\/uploads\/2023\/03\/Cano-Island-Snorkeling-Tour-2-1024x686.webp\"},{\"@type\":\"BreadcrumbList\",\"@id\":\"https:\/\/osagreatadventure.com\/es\/isla-del-cano-tour-de-snorkeling-desde-uvita#breadcrumb\",\"itemListElement\":[{\"@type\":\"ListItem\",\"position\":1,\"name\":\"Home\",\"item\":\"https:\/\/osagreatadventure.com\/es\"},{\"@type\":\"ListItem\",\"position\":2,\"name\":\"Isla del Ca\u00f1o Tour de Snorkeling desde Uvita\"}]},{\"@type\":\"WebSite\",\"@id\":\"https:\/\/osagreatadventure.com\/es#website\",\"url\":\"https:\/\/osagreatadventure.com\/es\",\"name\":\"Osa Great Adventure\",\"description\":\"Wildlife Observation Experts\",\"publisher\":{\"@id\":\"https:\/\/osagreatadventure.com\/es#organization\"},\"potentialAction\":[{\"@type\":\"SearchAction\",\"target\":{\"@type\":\"EntryPoint\",\"urlTemplate\":\"https:\/\/osagreatadventure.com\/es?s={search_term_string}\"},\"query-input\":{\"@type\":\"PropertyValueSpecification\",\"valueRequired\":true,\"valueName\":\"search_term_string\"}}],\"inLanguage\":\"es\"},{\"@type\":\"Organization\",\"@id\":\"https:\/\/osagreatadventure.com\/es#organization\",\"name\":\"Osa Great Adventure\",\"url\":\"https:\/\/osagreatadventure.com\/es\",\"logo\":{\"@type\":\"ImageObject\",\"inLanguage\":\"es\",\"@id\":\"https:\/\/osagreatadventure.com\/es#\/schema\/logo\/image\/\",\"url\":\"https:\/\/osagreatadventure.com\/wp-content\/uploads\/2018\/04\/logo-osa-great-adventure-1.png\",\"contentUrl\":\"https:\/\/osagreatadventure.com\/wp-content\/uploads\/2018\/04\/logo-osa-great-adventure-1.png\",\"width\":153,\"height\":151,\"caption\":\"Osa Great Adventure\"},\"image\":{\"@id\":\"https:\/\/osagreatadventure.com\/es#\/schema\/logo\/image\/\"},\"sameAs\":[\"https:\/\/www.facebook.com\/OsaGreatAdventure\/\",\"https:\/\/x.com\/osa84488724\",\"https:\/\/www.instagram.com\/osa_great_adventure\/\",\"https:\/\/www.linkedin.com\/in\/osa-great-adventure-8624a964\/\",\"https:\/\/www.pinterest.es\/osagreatadventu\/\",\"https:\/\/www.youtube.com\/channel\/UC7AEPnai7kjfdj8JPVn7w-g?view_as=subscriber\"]}]}<\/script>\n<!-- \/ Yoast SEO plugin. -->","yoast_head_json":{"title":"Isla del Ca\u00f1o Tour de Snorkeling desde Uvita | Osa Great Adventure","description":"Isla del Ca\u00f1o Tour de Snorkeling Snorkeling en Isla del Ca\u00f1o desde Uvita Visita Isla del Ca\u00f1o desde Uvita en un viaje que te dejar\u00e1 grandes","robots":{"index":"index","follow":"follow","max-snippet":"max-snippet:-1","max-image-preview":"max-image-preview:large","max-video-preview":"max-video-preview:-1"},"canonical":"https:\/\/osagreatadventure.com\/es\/isla-del-cano-tour-de-snorkeling-desde-uvita","og_locale":"es_ES","og_type":"article","og_title":"Isla del Ca\u00f1o Tour de Snorkeling desde Uvita | Osa Great Adventure","og_description":"Isla del Ca\u00f1o Tour de Snorkeling Snorkeling en Isla del Ca\u00f1o desde Uvita Visita Isla del Ca\u00f1o desde Uvita en un viaje que te dejar\u00e1 grandes","og_url":"https:\/\/osagreatadventure.com\/es\/isla-del-cano-tour-de-snorkeling-desde-uvita","og_site_name":"Osa Great Adventure","article_publisher":"https:\/\/www.facebook.com\/OsaGreatAdventure\/","article_modified_time":"2024-07-28T12:24:51+00:00","og_image":[{"url":"https:\/\/osagreatadventure.com\/wp-content\/uploads\/2023\/03\/Cano-Island-Snorkeling-Tour-2-1024x686.jpg","type":"","width":"","height":""}],"twitter_misc":{"Tiempo de lectura":"1 minuto"},"schema":{"@context":"https:\/\/schema.org","@graph":[{"@type":"WebPage","@id":"https:\/\/osagreatadventure.com\/es\/isla-del-cano-tour-de-snorkeling-desde-uvita","url":"https:\/\/osagreatadventure.com\/es\/isla-del-cano-tour-de-snorkeling-desde-uvita","name":"Isla del Ca\u00f1o Tour de Snorkeling desde Uvita | Osa Great Adventure","isPartOf":{"@id":"https:\/\/osagreatadventure.com\/es#website"},"primaryImageOfPage":{"@id":"https:\/\/osagreatadventure.com\/es\/isla-del-cano-tour-de-snorkeling-desde-uvita#primaryimage"},"image":{"@id":"https:\/\/osagreatadventure.com\/es\/isla-del-cano-tour-de-snorkeling-desde-uvita#primaryimage"},"thumbnailUrl":"https:\/\/osagreatadventure.com\/wp-content\/uploads\/2023\/03\/Cano-Island-Snorkeling-Tour-2-1024x686.webp","datePublished":"2023-02-27T08:52:06+00:00","dateModified":"2024-07-28T12:24:51+00:00","description":"Isla del Ca\u00f1o Tour de Snorkeling Snorkeling en Isla del Ca\u00f1o desde Uvita Visita Isla del Ca\u00f1o desde Uvita en un viaje que te dejar\u00e1 grandes","breadcrumb":{"@id":"https:\/\/osagreatadventure.com\/es\/isla-del-cano-tour-de-snorkeling-desde-uvita#breadcrumb"},"inLanguage":"es","potentialAction":[{"@type":"ReadAction","target":["https:\/\/osagreatadventure.com\/es\/isla-del-cano-tour-de-snorkeling-desde-uvita"]}]},{"@type":"ImageObject","inLanguage":"es","@id":"https:\/\/osagreatadventure.com\/es\/isla-del-cano-tour-de-snorkeling-desde-uvita#primaryimage","url":"https:\/\/osagreatadventure.com\/wp-content\/uploads\/2023\/03\/Cano-Island-Snorkeling-Tour-2-1024x686.webp","contentUrl":"https:\/\/osagreatadventure.com\/wp-content\/uploads\/2023\/03\/Cano-Island-Snorkeling-Tour-2-1024x686.webp"},{"@type":"BreadcrumbList","@id":"https:\/\/osagreatadventure.com\/es\/isla-del-cano-tour-de-snorkeling-desde-uvita#breadcrumb","itemListElement":[{"@type":"ListItem","position":1,"name":"Home","item":"https:\/\/osagreatadventure.com\/es"},{"@type":"ListItem","position":2,"name":"Isla del Ca\u00f1o Tour de Snorkeling desde Uvita"}]},{"@type":"WebSite","@id":"https:\/\/osagreatadventure.com\/es#website","url":"https:\/\/osagreatadventure.com\/es","name":"Osa Great Adventure","description":"Wildlife Observation Experts","publisher":{"@id":"https:\/\/osagreatadventure.com\/es#organization"},"potentialAction":[{"@type":"SearchAction","target":{"@type":"EntryPoint","urlTemplate":"https:\/\/osagreatadventure.com\/es?s={search_term_string}"},"query-input":{"@type":"PropertyValueSpecification","valueRequired":true,"valueName":"search_term_string"}}],"inLanguage":"es"},{"@type":"Organization","@id":"https:\/\/osagreatadventure.com\/es#organization","name":"Osa Great Adventure","url":"https:\/\/osagreatadventure.com\/es","logo":{"@type":"ImageObject","inLanguage":"es","@id":"https:\/\/osagreatadventure.com\/es#\/schema\/logo\/image\/","url":"https:\/\/osagreatadventure.com\/wp-content\/uploads\/2018\/04\/logo-osa-great-adventure-1.png","contentUrl":"https:\/\/osagreatadventure.com\/wp-content\/uploads\/2018\/04\/logo-osa-great-adventure-1.png","width":153,"height":151,"caption":"Osa Great Adventure"},"image":{"@id":"https:\/\/osagreatadventure.com\/es#\/schema\/logo\/image\/"},"sameAs":["https:\/\/www.facebook.com\/OsaGreatAdventure\/","https:\/\/x.com\/osa84488724","https:\/\/www.instagram.com\/osa_great_adventure\/","https:\/\/www.linkedin.com\/in\/osa-great-adventure-8624a964\/","https:\/\/www.pinterest.es\/osagreatadventu\/","https:\/\/www.youtube.com\/channel\/UC7AEPnai7kjfdj8JPVn7w-g?view_as=subscriber"]}]}},"_links":{"self":[{"href":"https:\/\/osagreatadventure.com\/es\/wp-json\/wp\/v2\/pages\/10726","targetHints":{"allow":["GET"]}}],"collection":[{"href":"https:\/\/osagreatadventure.com\/es\/wp-json\/wp\/v2\/pages"}],"about":[{"href":"https:\/\/osagreatadventure.com\/es\/wp-json\/wp\/v2\/types\/page"}],"author":[{"embeddable":true,"href":"https:\/\/osagreatadventure.com\/es\/wp-json\/wp\/v2\/users\/2"}],"replies":[{"embeddable":true,"href":"https:\/\/osagreatadventure.com\/es\/wp-json\/wp\/v2\/comments?post=10726"}],"version-history":[{"count":15,"href":"https:\/\/osagreatadventure.com\/es\/wp-json\/wp\/v2\/pages\/10726\/revisions"}],"predecessor-version":[{"id":14403,"href":"https:\/\/osagreatadventure.com\/es\/wp-json\/wp\/v2\/pages\/10726\/revisions\/14403"}],"wp:attachment":[{"href":"https:\/\/osagreatadventure.com\/es\/wp-json\/wp\/v2\/media?parent=10726"}],"curies":[{"name":"wp","href":"https:\/\/api.w.org\/{rel}","templated":true}]}}