{"id":10772,"date":"2023-02-27T05:17:59","date_gmt":"2023-02-27T11:17:59","guid":{"rendered":"https:\/\/osagreatadventure.com\/politica-de-privacidad"},"modified":"2024-03-17T21:52:07","modified_gmt":"2024-03-18T03:52:07","slug":"politica-de-privacidad","status":"publish","type":"page","link":"https:\/\/osagreatadventure.com\/es\/politica-de-privacidad","title":{"rendered":"Pol\u00edtica de privacidad"},"content":{"rendered":"\t\t<div data-elementor-type=\"wp-page\" data-elementor-id=\"10772\" class=\"elementor elementor-10772 elementor-7659\" data-elementor-post-type=\"page\">\n\t\t\t\t\t\t<section class=\"elementor-section elementor-top-section elementor-element elementor-element-c5f00f7 elementor-section-boxed elementor-section-height-default elementor-section-height-default\" data-id=\"c5f00f7\" data-element_type=\"section\" data-e-type=\"section\">\n\t\t\t\t\t\t<div class=\"elementor-container elementor-column-gap-default\">\n\t\t\t\t\t<div class=\"elementor-column elementor-col-100 elementor-top-column elementor-element elementor-element-d51569c\" data-id=\"d51569c\" data-element_type=\"column\" data-e-type=\"column\">\n\t\t\t<div class=\"elementor-widget-wrap elementor-element-populated\">\n\t\t\t\t\t\t<div class=\"elementor-element elementor-element-4b6410b elementor-widget elementor-widget-spacer\" data-id=\"4b6410b\" data-element_type=\"widget\" data-e-type=\"widget\" data-widget_type=\"spacer.default\">\n\t\t\t\t<div class=\"elementor-widget-container\">\n\t\t\t\t\t\t\t<div class=\"elementor-spacer\">\n\t\t\t<div class=\"elementor-spacer-inner\"><\/div>\n\t\t<\/div>\n\t\t\t\t\t\t<\/div>\n\t\t\t\t<\/div>\n\t\t\t\t\t<\/div>\n\t\t<\/div>\n\t\t\t\t\t<\/div>\n\t\t<\/section>\n\t\t\t\t<section class=\"elementor-section elementor-top-section elementor-element elementor-element-ab055a1 elementor-section-boxed elementor-section-height-default elementor-section-height-default\" data-id=\"ab055a1\" data-element_type=\"section\" data-e-type=\"section\">\n\t\t\t\t\t\t<div class=\"elementor-container elementor-column-gap-default\">\n\t\t\t\t\t<div class=\"elementor-column elementor-col-100 elementor-top-column elementor-element elementor-element-523cb313\" data-id=\"523cb313\" data-element_type=\"column\" data-e-type=\"column\">\n\t\t\t<div class=\"elementor-widget-wrap elementor-element-populated\">\n\t\t\t\t\t\t<div class=\"elementor-element elementor-element-7b65e41 elementor-widget elementor-widget-heading\" data-id=\"7b65e41\" data-element_type=\"widget\" data-e-type=\"widget\" data-widget_type=\"heading.default\">\n\t\t\t\t<div class=\"elementor-widget-container\">\n\t\t\t\t\t<h1 class=\"elementor-heading-title elementor-size-default\">Osa Great adventure-Agencia de Viajes<\/h1>\t\t\t\t<\/div>\n\t\t\t\t<\/div>\n\t\t\t\t<div class=\"elementor-element elementor-element-d4f126b elementor-widget elementor-widget-heading\" data-id=\"d4f126b\" data-element_type=\"widget\" data-e-type=\"widget\" data-widget_type=\"heading.default\">\n\t\t\t\t<div class=\"elementor-widget-container\">\n\t\t\t\t\t<h2 class=\"elementor-heading-title elementor-size-default\">Pol\u00edtica de privacidad<\/h2>\t\t\t\t<\/div>\n\t\t\t\t<\/div>\n\t\t\t\t<div class=\"elementor-element elementor-element-498c17c1 elementor-widget elementor-widget-text-editor\" data-id=\"498c17c1\" data-element_type=\"widget\" data-e-type=\"widget\" data-widget_type=\"text-editor.default\">\n\t\t\t\t<div class=\"elementor-widget-container\">\n\t\t\t\t\t\t\t\t\t<ul>\n<li>Osa Great Adventure solo almacenar\u00e1 su informaci\u00f3n para contactarlo con respecto a nuestras actividades y posibles promociones que puedan ser de su inter\u00e9s en el futuro.<\/li>\n<li>\u00danicamente compartiremos su n\u00famero de tel\u00e9fono, nombre, correo electr\u00f3nico u hotel en el que se encuentra cuando es necesario que uno de nuestros miembros o asociados se comunique con usted para asegurarse de que sus tours salgan bien o en caso de que deba informarse sobre un tema que creemos que es necesario discutir.<\/li>\n<li>Tambi\u00e9n es posible que solicitemos un comentario una vez que finalicen sus actividades.<\/li>\n<li>Tambi\u00e9n puede solicitar que su informaci\u00f3n sea eliminada de nuestra base de datos en cualquier momento.<\/li>\n<\/ul>\n<p>&nbsp;<\/p>\n\t\t\t\t\t\t\t\t<\/div>\n\t\t\t\t<\/div>\n\t\t\t\t\t<\/div>\n\t\t<\/div>\n\t\t\t\t\t<\/div>\n\t\t<\/section>\n\t\t\t\t<\/div>\n\t\t","protected":false},"excerpt":{"rendered":"<p>Osa Great adventure-Agencia de Viajes Pol\u00edtica de privacidad Osa Great Adventure solo almacenar\u00e1 su informaci\u00f3n para contactarlo con respecto a nuestras actividades y posibles promociones que puedan ser de su inter\u00e9s en el futuro. \u00danicamente compartiremos su n\u00famero de tel\u00e9fono, nombre, correo electr\u00f3nico u hotel en el que se encuentra cuando es necesario que uno [&hellip;]<\/p>\n","protected":false},"author":2,"featured_media":0,"parent":0,"menu_order":0,"comment_status":"closed","ping_status":"closed","template":"elementor_header_footer","meta":{"footnotes":""},"class_list":["post-10772","page","type-page","status-publish","hentry"],"yoast_head":"<!-- This site is optimized with the Yoast SEO plugin v26.9 - https:\/\/yoast.com\/product\/yoast-seo-wordpress\/ -->\n<title>Pol\u00edtica de privacidad | Osa Great Adventure<\/title>\n<meta name=\"description\" content=\"Osa Great adventure-Agencia de Viajes Pol\u00edtica de privacidad Osa Great Adventure solo almacenar\u00e1 su informaci\u00f3n para contactarlo con respecto a nuestras\" \/>\n<meta name=\"robots\" content=\"index, follow, max-snippet:-1, max-image-preview:large, max-video-preview:-1\" \/>\n<link rel=\"canonical\" href=\"https:\/\/osagreatadventure.com\/es\/politica-de-privacidad\" \/>\n<meta property=\"og:locale\" content=\"es_ES\" \/>\n<meta property=\"og:type\" content=\"article\" \/>\n<meta property=\"og:title\" content=\"Pol\u00edtica de privacidad | Osa Great Adventure\" \/>\n<meta property=\"og:description\" content=\"Osa Great adventure-Agencia de Viajes Pol\u00edtica de privacidad Osa Great Adventure solo almacenar\u00e1 su informaci\u00f3n para contactarlo con respecto a nuestras\" \/>\n<meta property=\"og:url\" content=\"https:\/\/osagreatadventure.com\/es\/politica-de-privacidad\" \/>\n<meta property=\"og:site_name\" content=\"Osa Great Adventure\" \/>\n<meta property=\"article:publisher\" content=\"https:\/\/www.facebook.com\/OsaGreatAdventure\/\" \/>\n<meta property=\"article:modified_time\" content=\"2024-03-18T03:52:07+00:00\" \/>\n<meta name=\"twitter:label1\" content=\"Tiempo de lectura\" \/>\n\t<meta name=\"twitter:data1\" content=\"1 minuto\" \/>\n<script type=\"application\/ld+json\" class=\"yoast-schema-graph\">{\"@context\":\"https:\/\/schema.org\",\"@graph\":[{\"@type\":\"WebPage\",\"@id\":\"https:\/\/osagreatadventure.com\/es\/politica-de-privacidad\",\"url\":\"https:\/\/osagreatadventure.com\/es\/politica-de-privacidad\",\"name\":\"Pol\u00edtica de privacidad | Osa Great Adventure\",\"isPartOf\":{\"@id\":\"https:\/\/osagreatadventure.com\/es#website\"},\"datePublished\":\"2023-02-27T11:17:59+00:00\",\"dateModified\":\"2024-03-18T03:52:07+00:00\",\"description\":\"Osa Great adventure-Agencia de Viajes Pol\u00edtica de privacidad Osa Great Adventure solo almacenar\u00e1 su informaci\u00f3n para contactarlo con respecto a nuestras\",\"breadcrumb\":{\"@id\":\"https:\/\/osagreatadventure.com\/es\/politica-de-privacidad#breadcrumb\"},\"inLanguage\":\"es\",\"potentialAction\":[{\"@type\":\"ReadAction\",\"target\":[\"https:\/\/osagreatadventure.com\/es\/politica-de-privacidad\"]}]},{\"@type\":\"BreadcrumbList\",\"@id\":\"https:\/\/osagreatadventure.com\/es\/politica-de-privacidad#breadcrumb\",\"itemListElement\":[{\"@type\":\"ListItem\",\"position\":1,\"name\":\"Home\",\"item\":\"https:\/\/osagreatadventure.com\/es\"},{\"@type\":\"ListItem\",\"position\":2,\"name\":\"Pol\u00edtica de privacidad\"}]},{\"@type\":\"WebSite\",\"@id\":\"https:\/\/osagreatadventure.com\/es#website\",\"url\":\"https:\/\/osagreatadventure.com\/es\",\"name\":\"Osa Great Adventure\",\"description\":\"Wildlife Observation Experts\",\"publisher\":{\"@id\":\"https:\/\/osagreatadventure.com\/es#organization\"},\"potentialAction\":[{\"@type\":\"SearchAction\",\"target\":{\"@type\":\"EntryPoint\",\"urlTemplate\":\"https:\/\/osagreatadventure.com\/es?s={search_term_string}\"},\"query-input\":{\"@type\":\"PropertyValueSpecification\",\"valueRequired\":true,\"valueName\":\"search_term_string\"}}],\"inLanguage\":\"es\"},{\"@type\":\"Organization\",\"@id\":\"https:\/\/osagreatadventure.com\/es#organization\",\"name\":\"Osa Great Adventure\",\"url\":\"https:\/\/osagreatadventure.com\/es\",\"logo\":{\"@type\":\"ImageObject\",\"inLanguage\":\"es\",\"@id\":\"https:\/\/osagreatadventure.com\/es#\/schema\/logo\/image\/\",\"url\":\"https:\/\/osagreatadventure.com\/wp-content\/uploads\/2018\/04\/logo-osa-great-adventure-1.png\",\"contentUrl\":\"https:\/\/osagreatadventure.com\/wp-content\/uploads\/2018\/04\/logo-osa-great-adventure-1.png\",\"width\":153,\"height\":151,\"caption\":\"Osa Great Adventure\"},\"image\":{\"@id\":\"https:\/\/osagreatadventure.com\/es#\/schema\/logo\/image\/\"},\"sameAs\":[\"https:\/\/www.facebook.com\/OsaGreatAdventure\/\",\"https:\/\/x.com\/osa84488724\",\"https:\/\/www.instagram.com\/osa_great_adventure\/\",\"https:\/\/www.linkedin.com\/in\/osa-great-adventure-8624a964\/\",\"https:\/\/www.pinterest.es\/osagreatadventu\/\",\"https:\/\/www.youtube.com\/channel\/UC7AEPnai7kjfdj8JPVn7w-g?view_as=subscriber\"]}]}<\/script>\n<!-- \/ Yoast SEO plugin. -->","yoast_head_json":{"title":"Pol\u00edtica de privacidad | Osa Great Adventure","description":"Osa Great adventure-Agencia de Viajes Pol\u00edtica de privacidad Osa Great Adventure solo almacenar\u00e1 su informaci\u00f3n para contactarlo con respecto a nuestras","robots":{"index":"index","follow":"follow","max-snippet":"max-snippet:-1","max-image-preview":"max-image-preview:large","max-video-preview":"max-video-preview:-1"},"canonical":"https:\/\/osagreatadventure.com\/es\/politica-de-privacidad","og_locale":"es_ES","og_type":"article","og_title":"Pol\u00edtica de privacidad | Osa Great Adventure","og_description":"Osa Great adventure-Agencia de Viajes Pol\u00edtica de privacidad Osa Great Adventure solo almacenar\u00e1 su informaci\u00f3n para contactarlo con respecto a nuestras","og_url":"https:\/\/osagreatadventure.com\/es\/politica-de-privacidad","og_site_name":"Osa Great Adventure","article_publisher":"https:\/\/www.facebook.com\/OsaGreatAdventure\/","article_modified_time":"2024-03-18T03:52:07+00:00","twitter_misc":{"Tiempo de lectura":"1 minuto"},"schema":{"@context":"https:\/\/schema.org","@graph":[{"@type":"WebPage","@id":"https:\/\/osagreatadventure.com\/es\/politica-de-privacidad","url":"https:\/\/osagreatadventure.com\/es\/politica-de-privacidad","name":"Pol\u00edtica de privacidad | Osa Great Adventure","isPartOf":{"@id":"https:\/\/osagreatadventure.com\/es#website"},"datePublished":"2023-02-27T11:17:59+00:00","dateModified":"2024-03-18T03:52:07+00:00","description":"Osa Great adventure-Agencia de Viajes Pol\u00edtica de privacidad Osa Great Adventure solo almacenar\u00e1 su informaci\u00f3n para contactarlo con respecto a nuestras","breadcrumb":{"@id":"https:\/\/osagreatadventure.com\/es\/politica-de-privacidad#breadcrumb"},"inLanguage":"es","potentialAction":[{"@type":"ReadAction","target":["https:\/\/osagreatadventure.com\/es\/politica-de-privacidad"]}]},{"@type":"BreadcrumbList","@id":"https:\/\/osagreatadventure.com\/es\/politica-de-privacidad#breadcrumb","itemListElement":[{"@type":"ListItem","position":1,"name":"Home","item":"https:\/\/osagreatadventure.com\/es"},{"@type":"ListItem","position":2,"name":"Pol\u00edtica de privacidad"}]},{"@type":"WebSite","@id":"https:\/\/osagreatadventure.com\/es#website","url":"https:\/\/osagreatadventure.com\/es","name":"Osa Great Adventure","description":"Wildlife Observation Experts","publisher":{"@id":"https:\/\/osagreatadventure.com\/es#organization"},"potentialAction":[{"@type":"SearchAction","target":{"@type":"EntryPoint","urlTemplate":"https:\/\/osagreatadventure.com\/es?s={search_term_string}"},"query-input":{"@type":"PropertyValueSpecification","valueRequired":true,"valueName":"search_term_string"}}],"inLanguage":"es"},{"@type":"Organization","@id":"https:\/\/osagreatadventure.com\/es#organization","name":"Osa Great Adventure","url":"https:\/\/osagreatadventure.com\/es","logo":{"@type":"ImageObject","inLanguage":"es","@id":"https:\/\/osagreatadventure.com\/es#\/schema\/logo\/image\/","url":"https:\/\/osagreatadventure.com\/wp-content\/uploads\/2018\/04\/logo-osa-great-adventure-1.png","contentUrl":"https:\/\/osagreatadventure.com\/wp-content\/uploads\/2018\/04\/logo-osa-great-adventure-1.png","width":153,"height":151,"caption":"Osa Great Adventure"},"image":{"@id":"https:\/\/osagreatadventure.com\/es#\/schema\/logo\/image\/"},"sameAs":["https:\/\/www.facebook.com\/OsaGreatAdventure\/","https:\/\/x.com\/osa84488724","https:\/\/www.instagram.com\/osa_great_adventure\/","https:\/\/www.linkedin.com\/in\/osa-great-adventure-8624a964\/","https:\/\/www.pinterest.es\/osagreatadventu\/","https:\/\/www.youtube.com\/channel\/UC7AEPnai7kjfdj8JPVn7w-g?view_as=subscriber"]}]}},"_links":{"self":[{"href":"https:\/\/osagreatadventure.com\/es\/wp-json\/wp\/v2\/pages\/10772","targetHints":{"allow":["GET"]}}],"collection":[{"href":"https:\/\/osagreatadventure.com\/es\/wp-json\/wp\/v2\/pages"}],"about":[{"href":"https:\/\/osagreatadventure.com\/es\/wp-json\/wp\/v2\/types\/page"}],"author":[{"embeddable":true,"href":"https:\/\/osagreatadventure.com\/es\/wp-json\/wp\/v2\/users\/2"}],"replies":[{"embeddable":true,"href":"https:\/\/osagreatadventure.com\/es\/wp-json\/wp\/v2\/comments?post=10772"}],"version-history":[{"count":3,"href":"https:\/\/osagreatadventure.com\/es\/wp-json\/wp\/v2\/pages\/10772\/revisions"}],"predecessor-version":[{"id":12309,"href":"https:\/\/osagreatadventure.com\/es\/wp-json\/wp\/v2\/pages\/10772\/revisions\/12309"}],"wp:attachment":[{"href":"https:\/\/osagreatadventure.com\/es\/wp-json\/wp\/v2\/media?parent=10772"}],"curies":[{"name":"wp","href":"https:\/\/api.w.org\/{rel}","templated":true}]}}