{"id":11286,"date":"2023-03-05T08:22:04","date_gmt":"2023-03-05T14:22:04","guid":{"rendered":"https:\/\/osagreatadventure.com\/politicas-cookies"},"modified":"2024-03-17T14:38:06","modified_gmt":"2024-03-17T20:38:06","slug":"politicas-cookies","status":"publish","type":"page","link":"https:\/\/osagreatadventure.com\/es\/politicas-cookies","title":{"rendered":"Pol\u00edticas Cookies"},"content":{"rendered":"\t\t<div data-elementor-type=\"wp-page\" data-elementor-id=\"11286\" class=\"elementor elementor-11286 elementor-11274\" data-elementor-post-type=\"page\">\n\t\t\t\t<div class=\"elementor-element elementor-element-c164584 e-flex e-con-boxed e-con e-parent\" data-id=\"c164584\" data-element_type=\"container\" data-e-type=\"container\">\n\t\t\t\t\t<div class=\"e-con-inner\">\n\t\t\t\t<div class=\"elementor-element elementor-element-6f5cad2 elementor-widget elementor-widget-heading\" data-id=\"6f5cad2\" data-element_type=\"widget\" data-e-type=\"widget\" data-widget_type=\"heading.default\">\n\t\t\t\t<div class=\"elementor-widget-container\">\n\t\t\t\t\t<h2 class=\"elementor-heading-title elementor-size-default\">Aviso de cookies<\/h2>\t\t\t\t<\/div>\n\t\t\t\t<\/div>\n\t\t\t\t<div class=\"elementor-element elementor-element-b3ed604 elementor-widget elementor-widget-text-editor\" data-id=\"b3ed604\" data-element_type=\"widget\" data-e-type=\"widget\" data-widget_type=\"text-editor.default\">\n\t\t\t\t<div class=\"elementor-widget-container\">\n\t\t\t\t\t\t\t\t\t<p>Nuestro sitio web utiliza cookies para mejorar su experiencia y analizar el tr\u00e1fico del sitio web. Tambi\u00e9n podemos compartir informaci\u00f3n sobre su uso de nuestro sitio con nuestros socios de an\u00e1lisis y publicidad. Al continuar usando nuestro sitio web, usted acepta el uso de estas cookies.<\/p>\n<p>\u00bfQu\u00e9 son las cookies?<\/p>\n<p>Las cookies son peque\u00f1os archivos de texto que se colocan en su dispositivo cuando visita un sitio web. Se utilizan para recordar las preferencias del usuario, analizar el tr\u00e1fico del sitio web y publicar anuncios dirigidos.<\/p>\n<p>Tipos de cookies que utilizamos:<\/p>\n<ul>\n<li>Cookies estrictamente necesarias: Estas cookies son esenciales para que el sitio web funcione correctamente y no se pueden deshabilitar. Por lo general, solo se configuran en respuesta a acciones realizadas por usted, como iniciar sesi\u00f3n o completar formularios.<\/li>\n<li>Cookies de an\u00e1lisis: estas cookies nos permiten analizar el tr\u00e1fico y el uso del sitio web para que podamos mejorar el sitio web y la experiencia del usuario.<\/li>\n<li>Cookies publicitarias: estas cookies se utilizan para publicar anuncios dirigidos en funci\u00f3n de su historial de navegaci\u00f3n e intereses.<\/li>\n<\/ul>\n<p>C\u00f3mo administrar las cookies:<\/p>\n<p>Puede administrar o deshabilitar las cookies ajustando la configuraci\u00f3n de su navegador. Tenga en cuenta que deshabilitar las cookies puede afectar la funcionalidad de nuestro sitio web.<\/p>\n\t\t\t\t\t\t\t\t<\/div>\n\t\t\t\t<\/div>\n\t\t\t\t\t<\/div>\n\t\t\t\t<\/div>\n\t\t\t\t<\/div>\n\t\t","protected":false},"excerpt":{"rendered":"<p>Aviso de cookies Nuestro sitio web utiliza cookies para mejorar su experiencia y analizar el tr\u00e1fico del sitio web. Tambi\u00e9n podemos compartir informaci\u00f3n sobre su uso de nuestro sitio con nuestros socios de an\u00e1lisis y publicidad. Al continuar usando nuestro sitio web, usted acepta el uso de estas cookies. \u00bfQu\u00e9 son las cookies? Las cookies [&hellip;]<\/p>\n","protected":false},"author":2,"featured_media":0,"parent":0,"menu_order":0,"comment_status":"closed","ping_status":"closed","template":"elementor_header_footer","meta":{"footnotes":""},"class_list":["post-11286","page","type-page","status-publish","hentry"],"yoast_head":"<!-- This site is optimized with the Yoast SEO plugin v26.9 - https:\/\/yoast.com\/product\/yoast-seo-wordpress\/ -->\n<title>Pol\u00edticas Cookies | Osa Great Adventure<\/title>\n<meta name=\"description\" content=\"Aviso de cookies Nuestro sitio web utiliza cookies para mejorar su experiencia y analizar el tr\u00e1fico del sitio web. Tambi\u00e9n podemos compartir informaci\u00f3n\" \/>\n<meta name=\"robots\" content=\"index, follow, max-snippet:-1, max-image-preview:large, max-video-preview:-1\" \/>\n<link rel=\"canonical\" href=\"https:\/\/osagreatadventure.com\/es\/politicas-cookies\" \/>\n<meta property=\"og:locale\" content=\"es_ES\" \/>\n<meta property=\"og:type\" content=\"article\" \/>\n<meta property=\"og:title\" content=\"Pol\u00edticas Cookies | Osa Great Adventure\" \/>\n<meta property=\"og:description\" content=\"Aviso de cookies Nuestro sitio web utiliza cookies para mejorar su experiencia y analizar el tr\u00e1fico del sitio web. Tambi\u00e9n podemos compartir informaci\u00f3n\" \/>\n<meta property=\"og:url\" content=\"https:\/\/osagreatadventure.com\/es\/politicas-cookies\" \/>\n<meta property=\"og:site_name\" content=\"Osa Great Adventure\" \/>\n<meta property=\"article:publisher\" content=\"https:\/\/www.facebook.com\/OsaGreatAdventure\/\" \/>\n<meta property=\"article:modified_time\" content=\"2024-03-17T20:38:06+00:00\" \/>\n<meta name=\"twitter:label1\" content=\"Tiempo de lectura\" \/>\n\t<meta name=\"twitter:data1\" content=\"1 minuto\" \/>\n<script type=\"application\/ld+json\" class=\"yoast-schema-graph\">{\"@context\":\"https:\/\/schema.org\",\"@graph\":[{\"@type\":\"WebPage\",\"@id\":\"https:\/\/osagreatadventure.com\/es\/politicas-cookies\",\"url\":\"https:\/\/osagreatadventure.com\/es\/politicas-cookies\",\"name\":\"Pol\u00edticas Cookies | Osa Great Adventure\",\"isPartOf\":{\"@id\":\"https:\/\/osagreatadventure.com\/es#website\"},\"datePublished\":\"2023-03-05T14:22:04+00:00\",\"dateModified\":\"2024-03-17T20:38:06+00:00\",\"description\":\"Aviso de cookies Nuestro sitio web utiliza cookies para mejorar su experiencia y analizar el tr\u00e1fico del sitio web. Tambi\u00e9n podemos compartir informaci\u00f3n\",\"breadcrumb\":{\"@id\":\"https:\/\/osagreatadventure.com\/es\/politicas-cookies#breadcrumb\"},\"inLanguage\":\"es\",\"potentialAction\":[{\"@type\":\"ReadAction\",\"target\":[\"https:\/\/osagreatadventure.com\/es\/politicas-cookies\"]}]},{\"@type\":\"BreadcrumbList\",\"@id\":\"https:\/\/osagreatadventure.com\/es\/politicas-cookies#breadcrumb\",\"itemListElement\":[{\"@type\":\"ListItem\",\"position\":1,\"name\":\"Home\",\"item\":\"https:\/\/osagreatadventure.com\/es\"},{\"@type\":\"ListItem\",\"position\":2,\"name\":\"Pol\u00edticas Cookies\"}]},{\"@type\":\"WebSite\",\"@id\":\"https:\/\/osagreatadventure.com\/es#website\",\"url\":\"https:\/\/osagreatadventure.com\/es\",\"name\":\"Osa Great Adventure\",\"description\":\"Wildlife Observation Experts\",\"publisher\":{\"@id\":\"https:\/\/osagreatadventure.com\/es#organization\"},\"potentialAction\":[{\"@type\":\"SearchAction\",\"target\":{\"@type\":\"EntryPoint\",\"urlTemplate\":\"https:\/\/osagreatadventure.com\/es?s={search_term_string}\"},\"query-input\":{\"@type\":\"PropertyValueSpecification\",\"valueRequired\":true,\"valueName\":\"search_term_string\"}}],\"inLanguage\":\"es\"},{\"@type\":\"Organization\",\"@id\":\"https:\/\/osagreatadventure.com\/es#organization\",\"name\":\"Osa Great Adventure\",\"url\":\"https:\/\/osagreatadventure.com\/es\",\"logo\":{\"@type\":\"ImageObject\",\"inLanguage\":\"es\",\"@id\":\"https:\/\/osagreatadventure.com\/es#\/schema\/logo\/image\/\",\"url\":\"https:\/\/osagreatadventure.com\/wp-content\/uploads\/2018\/04\/logo-osa-great-adventure-1.png\",\"contentUrl\":\"https:\/\/osagreatadventure.com\/wp-content\/uploads\/2018\/04\/logo-osa-great-adventure-1.png\",\"width\":153,\"height\":151,\"caption\":\"Osa Great Adventure\"},\"image\":{\"@id\":\"https:\/\/osagreatadventure.com\/es#\/schema\/logo\/image\/\"},\"sameAs\":[\"https:\/\/www.facebook.com\/OsaGreatAdventure\/\",\"https:\/\/x.com\/osa84488724\",\"https:\/\/www.instagram.com\/osa_great_adventure\/\",\"https:\/\/www.linkedin.com\/in\/osa-great-adventure-8624a964\/\",\"https:\/\/www.pinterest.es\/osagreatadventu\/\",\"https:\/\/www.youtube.com\/channel\/UC7AEPnai7kjfdj8JPVn7w-g?view_as=subscriber\"]}]}<\/script>\n<!-- \/ Yoast SEO plugin. -->","yoast_head_json":{"title":"Pol\u00edticas Cookies | Osa Great Adventure","description":"Aviso de cookies Nuestro sitio web utiliza cookies para mejorar su experiencia y analizar el tr\u00e1fico del sitio web. Tambi\u00e9n podemos compartir informaci\u00f3n","robots":{"index":"index","follow":"follow","max-snippet":"max-snippet:-1","max-image-preview":"max-image-preview:large","max-video-preview":"max-video-preview:-1"},"canonical":"https:\/\/osagreatadventure.com\/es\/politicas-cookies","og_locale":"es_ES","og_type":"article","og_title":"Pol\u00edticas Cookies | Osa Great Adventure","og_description":"Aviso de cookies Nuestro sitio web utiliza cookies para mejorar su experiencia y analizar el tr\u00e1fico del sitio web. Tambi\u00e9n podemos compartir informaci\u00f3n","og_url":"https:\/\/osagreatadventure.com\/es\/politicas-cookies","og_site_name":"Osa Great Adventure","article_publisher":"https:\/\/www.facebook.com\/OsaGreatAdventure\/","article_modified_time":"2024-03-17T20:38:06+00:00","twitter_misc":{"Tiempo de lectura":"1 minuto"},"schema":{"@context":"https:\/\/schema.org","@graph":[{"@type":"WebPage","@id":"https:\/\/osagreatadventure.com\/es\/politicas-cookies","url":"https:\/\/osagreatadventure.com\/es\/politicas-cookies","name":"Pol\u00edticas Cookies | Osa Great Adventure","isPartOf":{"@id":"https:\/\/osagreatadventure.com\/es#website"},"datePublished":"2023-03-05T14:22:04+00:00","dateModified":"2024-03-17T20:38:06+00:00","description":"Aviso de cookies Nuestro sitio web utiliza cookies para mejorar su experiencia y analizar el tr\u00e1fico del sitio web. Tambi\u00e9n podemos compartir informaci\u00f3n","breadcrumb":{"@id":"https:\/\/osagreatadventure.com\/es\/politicas-cookies#breadcrumb"},"inLanguage":"es","potentialAction":[{"@type":"ReadAction","target":["https:\/\/osagreatadventure.com\/es\/politicas-cookies"]}]},{"@type":"BreadcrumbList","@id":"https:\/\/osagreatadventure.com\/es\/politicas-cookies#breadcrumb","itemListElement":[{"@type":"ListItem","position":1,"name":"Home","item":"https:\/\/osagreatadventure.com\/es"},{"@type":"ListItem","position":2,"name":"Pol\u00edticas Cookies"}]},{"@type":"WebSite","@id":"https:\/\/osagreatadventure.com\/es#website","url":"https:\/\/osagreatadventure.com\/es","name":"Osa Great Adventure","description":"Wildlife Observation Experts","publisher":{"@id":"https:\/\/osagreatadventure.com\/es#organization"},"potentialAction":[{"@type":"SearchAction","target":{"@type":"EntryPoint","urlTemplate":"https:\/\/osagreatadventure.com\/es?s={search_term_string}"},"query-input":{"@type":"PropertyValueSpecification","valueRequired":true,"valueName":"search_term_string"}}],"inLanguage":"es"},{"@type":"Organization","@id":"https:\/\/osagreatadventure.com\/es#organization","name":"Osa Great Adventure","url":"https:\/\/osagreatadventure.com\/es","logo":{"@type":"ImageObject","inLanguage":"es","@id":"https:\/\/osagreatadventure.com\/es#\/schema\/logo\/image\/","url":"https:\/\/osagreatadventure.com\/wp-content\/uploads\/2018\/04\/logo-osa-great-adventure-1.png","contentUrl":"https:\/\/osagreatadventure.com\/wp-content\/uploads\/2018\/04\/logo-osa-great-adventure-1.png","width":153,"height":151,"caption":"Osa Great Adventure"},"image":{"@id":"https:\/\/osagreatadventure.com\/es#\/schema\/logo\/image\/"},"sameAs":["https:\/\/www.facebook.com\/OsaGreatAdventure\/","https:\/\/x.com\/osa84488724","https:\/\/www.instagram.com\/osa_great_adventure\/","https:\/\/www.linkedin.com\/in\/osa-great-adventure-8624a964\/","https:\/\/www.pinterest.es\/osagreatadventu\/","https:\/\/www.youtube.com\/channel\/UC7AEPnai7kjfdj8JPVn7w-g?view_as=subscriber"]}]}},"_links":{"self":[{"href":"https:\/\/osagreatadventure.com\/es\/wp-json\/wp\/v2\/pages\/11286","targetHints":{"allow":["GET"]}}],"collection":[{"href":"https:\/\/osagreatadventure.com\/es\/wp-json\/wp\/v2\/pages"}],"about":[{"href":"https:\/\/osagreatadventure.com\/es\/wp-json\/wp\/v2\/types\/page"}],"author":[{"embeddable":true,"href":"https:\/\/osagreatadventure.com\/es\/wp-json\/wp\/v2\/users\/2"}],"replies":[{"embeddable":true,"href":"https:\/\/osagreatadventure.com\/es\/wp-json\/wp\/v2\/comments?post=11286"}],"version-history":[{"count":2,"href":"https:\/\/osagreatadventure.com\/es\/wp-json\/wp\/v2\/pages\/11286\/revisions"}],"predecessor-version":[{"id":11353,"href":"https:\/\/osagreatadventure.com\/es\/wp-json\/wp\/v2\/pages\/11286\/revisions\/11353"}],"wp:attachment":[{"href":"https:\/\/osagreatadventure.com\/es\/wp-json\/wp\/v2\/media?parent=11286"}],"curies":[{"name":"wp","href":"https:\/\/api.w.org\/{rel}","templated":true}]}}