{"id":7157,"date":"2020-03-09T14:07:06","date_gmt":"2020-03-09T20:07:06","guid":{"rendered":"https:\/\/osagreatadventure.com\/cabalgata-a-caballo-bahia-drake-costa-rica"},"modified":"2024-03-19T01:28:19","modified_gmt":"2024-03-19T07:28:19","slug":"cabalgata-a-caballo-bahia-drake-costa-rica","status":"publish","type":"page","link":"https:\/\/osagreatadventure.com\/es\/cabalgata-a-caballo-bahia-drake-costa-rica","title":{"rendered":"Cabalgata a Caballo-Bah\u00eda Drake-Costa Rica"},"content":{"rendered":"\t\t<div data-elementor-type=\"wp-page\" data-elementor-id=\"7157\" class=\"elementor elementor-7157 elementor-6646\" data-elementor-post-type=\"page\">\n\t\t\t\t<div class=\"elementor-element elementor-element-0c86fae e-flex e-con-boxed e-con e-parent\" data-id=\"0c86fae\" data-element_type=\"container\" data-e-type=\"container\">\n\t\t\t\t\t<div class=\"e-con-inner\">\n\t\t\t\t<div class=\"elementor-element elementor-element-359a22e elementor-widget elementor-widget-heading\" data-id=\"359a22e\" data-element_type=\"widget\" data-e-type=\"widget\" data-widget_type=\"heading.default\">\n\t\t\t\t<div class=\"elementor-widget-container\">\n\t\t\t\t\t<h1 class=\"elementor-heading-title elementor-size-default\">Tour a Caballo en Bah\u00eda Drake<\/h1>\t\t\t\t<\/div>\n\t\t\t\t<\/div>\n\t\t\t\t<div class=\"elementor-element elementor-element-1f9b2ed elementor-widget elementor-widget-heading\" data-id=\"1f9b2ed\" data-element_type=\"widget\" data-e-type=\"widget\" data-widget_type=\"heading.default\">\n\t\t\t\t<div class=\"elementor-widget-container\">\n\t\t\t\t\t<h2 class=\"elementor-heading-title elementor-size-default\">En Bah\u00eda Drake<\/h2>\t\t\t\t<\/div>\n\t\t\t\t<\/div>\n\t\t\t\t<div class=\"elementor-element elementor-element-e036369 elementor-widget elementor-widget-text-editor\" data-id=\"e036369\" data-element_type=\"widget\" data-e-type=\"widget\" data-widget_type=\"text-editor.default\">\n\t\t\t\t<div class=\"elementor-widget-container\">\n\t\t\t\t\t\t\t\t\t<p>Traemos esta excelente actividad para ti y tu familia y para ti si viajas solo. Disfruta de la naturaleza mientras paseas a caballo por la playa o en el bosque.<\/p>\n\t\t\t\t\t\t\t\t<\/div>\n\t\t\t\t<\/div>\n\t\t\t\t\t<\/div>\n\t\t\t\t<\/div>\n\t\t\t\t<section class=\"elementor-section elementor-top-section elementor-element elementor-element-aebb92b elementor-section-stretched elementor-section-full_width elementor-section-height-default elementor-section-height-default\" data-id=\"aebb92b\" data-element_type=\"section\" data-e-type=\"section\" data-settings=\"{&quot;stretch_section&quot;:&quot;section-stretched&quot;,&quot;background_background&quot;:&quot;classic&quot;,&quot;background_motion_fx_motion_fx_scrolling&quot;:&quot;yes&quot;,&quot;background_motion_fx_translateX_effect&quot;:&quot;yes&quot;,&quot;background_motion_fx_devices&quot;:[&quot;desktop&quot;,&quot;tablet&quot;],&quot;background_motion_fx_translateX_speed&quot;:{&quot;unit&quot;:&quot;px&quot;,&quot;size&quot;:4,&quot;sizes&quot;:[]},&quot;background_motion_fx_translateX_affectedRange&quot;:{&quot;unit&quot;:&quot;%&quot;,&quot;size&quot;:&quot;&quot;,&quot;sizes&quot;:{&quot;start&quot;:0,&quot;end&quot;:100}}}\">\n\t\t\t\t\t\t\t<div class=\"elementor-background-overlay\"><\/div>\n\t\t\t\t\t\t\t<div class=\"elementor-container elementor-column-gap-default\">\n\t\t\t\t\t<div class=\"elementor-column elementor-col-100 elementor-top-column elementor-element elementor-element-f430ca7\" data-id=\"f430ca7\" data-element_type=\"column\" data-e-type=\"column\" data-settings=\"{&quot;background_background&quot;:&quot;classic&quot;}\">\n\t\t\t<div class=\"elementor-widget-wrap elementor-element-populated\">\n\t\t\t\t\t\t<div class=\"elementor-element elementor-element-4f9f102 elementor-widget elementor-widget-heading\" data-id=\"4f9f102\" data-element_type=\"widget\" data-e-type=\"widget\" data-widget_type=\"heading.default\">\n\t\t\t\t<div class=\"elementor-widget-container\">\n\t\t\t\t\t<h1 class=\"elementor-heading-title elementor-size-default\">Cabalgata a caballo en Bah\u00eda Drake<\/h1>\t\t\t\t<\/div>\n\t\t\t\t<\/div>\n\t\t\t\t<div class=\"elementor-element elementor-element-a6ce32d elementor-widget elementor-widget-text-editor\" data-id=\"a6ce32d\" data-element_type=\"widget\" data-e-type=\"widget\" data-widget_type=\"text-editor.default\">\n\t\t\t\t<div class=\"elementor-widget-container\">\n\t\t\t\t\t\t\t\t\t<p>Te recogemos del hotel con los caballos. Si su hotel est\u00e1 m\u00e1s lejos, podemos ayudarlo a tomar un taxi y lo llevar\u00e1 de regreso al hotel al final de la actividad. El recorrido a caballo comienza en Bah\u00eda Drake o desde sus alrededores.<\/p>\n<p>\u00a1Ven y disfruta de un hermoso paseo con tu familia y amigos!<\/p>\n<p>&nbsp;<\/p>\n\t\t\t\t\t\t\t\t<\/div>\n\t\t\t\t<\/div>\n\t\t\t\t<div class=\"elementor-element elementor-element-d313c34 elementor-widget elementor-widget-toggle\" data-id=\"d313c34\" data-element_type=\"widget\" data-e-type=\"widget\" data-widget_type=\"toggle.default\">\n\t\t\t\t<div class=\"elementor-widget-container\">\n\t\t\t\t\t\t\t<div class=\"elementor-toggle\">\n\t\t\t\t\t\t\t<div class=\"elementor-toggle-item\">\n\t\t\t\t\t<div id=\"elementor-tab-title-2211\" class=\"elementor-tab-title\" data-tab=\"1\" role=\"button\" aria-controls=\"elementor-tab-content-2211\" aria-expanded=\"false\">\n\t\t\t\t\t\t\t\t\t\t\t\t<span class=\"elementor-toggle-icon elementor-toggle-icon-left\" aria-hidden=\"true\">\n\t\t\t\t\t\t\t\t\t\t\t\t\t\t\t<span class=\"elementor-toggle-icon-closed\"><svg class=\"e-font-icon-svg e-fas-caret-right\" viewBox=\"0 0 192 512\" xmlns=\"http:\/\/www.w3.org\/2000\/svg\"><path d=\"M0 384.662V127.338c0-17.818 21.543-26.741 34.142-14.142l128.662 128.662c7.81 7.81 7.81 20.474 0 28.284L34.142 398.804C21.543 411.404 0 402.48 0 384.662z\"><\/path><\/svg><\/span>\n\t\t\t\t\t\t\t\t<span class=\"elementor-toggle-icon-opened\"><svg class=\"elementor-toggle-icon-opened e-font-icon-svg e-fas-caret-up\" viewBox=\"0 0 320 512\" xmlns=\"http:\/\/www.w3.org\/2000\/svg\"><path d=\"M288.662 352H31.338c-17.818 0-26.741-21.543-14.142-34.142l128.662-128.662c7.81-7.81 20.474-7.81 28.284 0l128.662 128.662c12.6 12.599 3.676 34.142-14.142 34.142z\"><\/path><\/svg><\/span>\n\t\t\t\t\t\t\t\t\t\t\t\t\t<\/span>\n\t\t\t\t\t\t\t\t\t\t\t\t<a class=\"elementor-toggle-title\" tabindex=\"0\">Incluye<\/a>\n\t\t\t\t\t<\/div>\n\n\t\t\t\t\t<div id=\"elementor-tab-content-2211\" class=\"elementor-tab-content elementor-clearfix\" data-tab=\"1\" role=\"region\" aria-labelledby=\"elementor-tab-title-2211\"><ul>\n<li>Gu\u00eda.<\/li>\n<\/ul>\n<\/div>\n\t\t\t\t<\/div>\n\t\t\t\t\t\t\t<div class=\"elementor-toggle-item\">\n\t\t\t\t\t<div id=\"elementor-tab-title-2212\" class=\"elementor-tab-title\" data-tab=\"2\" role=\"button\" aria-controls=\"elementor-tab-content-2212\" aria-expanded=\"false\">\n\t\t\t\t\t\t\t\t\t\t\t\t<span class=\"elementor-toggle-icon elementor-toggle-icon-left\" aria-hidden=\"true\">\n\t\t\t\t\t\t\t\t\t\t\t\t\t\t\t<span class=\"elementor-toggle-icon-closed\"><svg class=\"e-font-icon-svg e-fas-caret-right\" viewBox=\"0 0 192 512\" xmlns=\"http:\/\/www.w3.org\/2000\/svg\"><path d=\"M0 384.662V127.338c0-17.818 21.543-26.741 34.142-14.142l128.662 128.662c7.81 7.81 7.81 20.474 0 28.284L34.142 398.804C21.543 411.404 0 402.48 0 384.662z\"><\/path><\/svg><\/span>\n\t\t\t\t\t\t\t\t<span class=\"elementor-toggle-icon-opened\"><svg class=\"elementor-toggle-icon-opened e-font-icon-svg e-fas-caret-up\" viewBox=\"0 0 320 512\" xmlns=\"http:\/\/www.w3.org\/2000\/svg\"><path d=\"M288.662 352H31.338c-17.818 0-26.741-21.543-14.142-34.142l128.662-128.662c7.81-7.81 20.474-7.81 28.284 0l128.662 128.662c12.6 12.599 3.676 34.142-14.142 34.142z\"><\/path><\/svg><\/span>\n\t\t\t\t\t\t\t\t\t\t\t\t\t<\/span>\n\t\t\t\t\t\t\t\t\t\t\t\t<a class=\"elementor-toggle-title\" tabindex=\"0\">Recomendaciones<\/a>\n\t\t\t\t\t<\/div>\n\n\t\t\t\t\t<div id=\"elementor-tab-content-2212\" class=\"elementor-tab-content elementor-clearfix\" data-tab=\"2\" role=\"region\" aria-labelledby=\"elementor-tab-title-2212\"><ul>\n<li>Pantalones largos.<\/li>\n<li>Zapatos cerrados.<\/li>\n<li>Gafas de sol.<\/li>\n<li>Repelente contra mosquitos.<\/li>\n<li>Lleva agua contigo.<\/li>\n<li>Trae un bocadillo.<\/li>\n<\/ul>\n<\/div>\n\t\t\t\t<\/div>\n\t\t\t\t\t\t\t<div class=\"elementor-toggle-item\">\n\t\t\t\t\t<div id=\"elementor-tab-title-2213\" class=\"elementor-tab-title\" data-tab=\"3\" role=\"button\" aria-controls=\"elementor-tab-content-2213\" aria-expanded=\"false\">\n\t\t\t\t\t\t\t\t\t\t\t\t<span class=\"elementor-toggle-icon elementor-toggle-icon-left\" aria-hidden=\"true\">\n\t\t\t\t\t\t\t\t\t\t\t\t\t\t\t<span class=\"elementor-toggle-icon-closed\"><svg class=\"e-font-icon-svg e-fas-caret-right\" viewBox=\"0 0 192 512\" xmlns=\"http:\/\/www.w3.org\/2000\/svg\"><path d=\"M0 384.662V127.338c0-17.818 21.543-26.741 34.142-14.142l128.662 128.662c7.81 7.81 7.81 20.474 0 28.284L34.142 398.804C21.543 411.404 0 402.48 0 384.662z\"><\/path><\/svg><\/span>\n\t\t\t\t\t\t\t\t<span class=\"elementor-toggle-icon-opened\"><svg class=\"elementor-toggle-icon-opened e-font-icon-svg e-fas-caret-up\" viewBox=\"0 0 320 512\" xmlns=\"http:\/\/www.w3.org\/2000\/svg\"><path d=\"M288.662 352H31.338c-17.818 0-26.741-21.543-14.142-34.142l128.662-128.662c7.81-7.81 20.474-7.81 28.284 0l128.662 128.662c12.6 12.599 3.676 34.142-14.142 34.142z\"><\/path><\/svg><\/span>\n\t\t\t\t\t\t\t\t\t\t\t\t\t<\/span>\n\t\t\t\t\t\t\t\t\t\t\t\t<a class=\"elementor-toggle-title\" tabindex=\"0\">Precio<\/a>\n\t\t\t\t\t<\/div>\n\n\t\t\t\t\t<div id=\"elementor-tab-content-2213\" class=\"elementor-tab-content elementor-clearfix\" data-tab=\"3\" role=\"region\" aria-labelledby=\"elementor-tab-title-2213\"><p>$65 por persona<\/p>\n<p>&nbsp;<\/p>\n<\/div>\n\t\t\t\t<\/div>\n\t\t\t\t\t\t\t\t<\/div>\n\t\t\t\t\t\t<\/div>\n\t\t\t\t<\/div>\n\t\t\t\t<section class=\"elementor-section elementor-inner-section elementor-element elementor-element-727cdaa elementor-section-boxed elementor-section-height-default elementor-section-height-default\" data-id=\"727cdaa\" data-element_type=\"section\" data-e-type=\"section\">\n\t\t\t\t\t\t<div class=\"elementor-container elementor-column-gap-default\">\n\t\t\t\t\t<div class=\"elementor-column elementor-col-50 elementor-inner-column elementor-element elementor-element-b13268c\" data-id=\"b13268c\" data-element_type=\"column\" data-e-type=\"column\">\n\t\t\t<div class=\"elementor-widget-wrap elementor-element-populated\">\n\t\t\t\t\t\t<div class=\"elementor-element elementor-element-24dd1d7 elementor-widget elementor-widget-image\" data-id=\"24dd1d7\" data-element_type=\"widget\" data-e-type=\"widget\" data-widget_type=\"image.default\">\n\t\t\t\t<div class=\"elementor-widget-container\">\n\t\t\t\t\t\t\t\t\t\t\t\t\t\t\t<img fetchpriority=\"high\" decoding=\"async\" width=\"720\" height=\"960\" src=\"https:\/\/osagreatadventure.com\/wp-content\/uploads\/2018\/06\/Horseback-riding-Drake-Bay-Costa-Rica-7.jpg\" class=\"attachment-large size-large wp-image-4567\" alt=\"\" srcset=\"https:\/\/osagreatadventure.com\/wp-content\/uploads\/2018\/06\/Horseback-riding-Drake-Bay-Costa-Rica-7.jpg 720w, https:\/\/osagreatadventure.com\/wp-content\/uploads\/2018\/06\/Horseback-riding-Drake-Bay-Costa-Rica-7-225x300.jpg 225w\" sizes=\"(max-width: 720px) 100vw, 720px\" \/>\t\t\t\t\t\t\t\t\t\t\t\t\t\t\t<\/div>\n\t\t\t\t<\/div>\n\t\t\t\t\t<\/div>\n\t\t<\/div>\n\t\t\t\t<div class=\"elementor-column elementor-col-50 elementor-inner-column elementor-element elementor-element-d6416a5\" data-id=\"d6416a5\" data-element_type=\"column\" data-e-type=\"column\">\n\t\t\t<div class=\"elementor-widget-wrap elementor-element-populated\">\n\t\t\t\t\t\t<div class=\"elementor-element elementor-element-f74c2b8 elementor-align-center elementor-mobile-align-center elementor-tablet-align-center elementor-widget elementor-widget-button\" data-id=\"f74c2b8\" data-element_type=\"widget\" data-e-type=\"widget\" data-widget_type=\"button.default\">\n\t\t\t\t<div class=\"elementor-widget-container\">\n\t\t\t\t\t\t\t\t\t<div class=\"elementor-button-wrapper\">\n\t\t\t\t\t<a class=\"elementor-button elementor-button-link elementor-size-md elementor-animation-grow\" href=\"https:\/\/osagreatadventure.com\/es\/reservaciones\">\n\t\t\t\t\t\t<span class=\"elementor-button-content-wrapper\">\n\t\t\t\t\t\t<span class=\"elementor-button-icon\">\n\t\t\t\t<svg aria-hidden=\"true\" class=\"e-font-icon-svg e-fas-arrow-right\" viewBox=\"0 0 448 512\" xmlns=\"http:\/\/www.w3.org\/2000\/svg\"><path d=\"M190.5 66.9l22.2-22.2c9.4-9.4 24.6-9.4 33.9 0L441 239c9.4 9.4 9.4 24.6 0 33.9L246.6 467.3c-9.4 9.4-24.6 9.4-33.9 0l-22.2-22.2c-9.5-9.5-9.3-25 .4-34.3L311.4 296H24c-13.3 0-24-10.7-24-24v-32c0-13.3 10.7-24 24-24h287.4L190.9 101.2c-9.8-9.3-10-24.8-.4-34.3z\"><\/path><\/svg>\t\t\t<\/span>\n\t\t\t\t\t\t\t\t\t<span class=\"elementor-button-text\">Env\u00edanos un correo<\/span>\n\t\t\t\t\t<\/span>\n\t\t\t\t\t<\/a>\n\t\t\t\t<\/div>\n\t\t\t\t\t\t\t\t<\/div>\n\t\t\t\t<\/div>\n\t\t\t\t\t<\/div>\n\t\t<\/div>\n\t\t\t\t\t<\/div>\n\t\t<\/section>\n\t\t\t\t\t<\/div>\n\t\t<\/div>\n\t\t\t\t\t<\/div>\n\t\t<\/section>\n\t\t\t\t<\/div>\n\t\t","protected":false},"excerpt":{"rendered":"<p>Tour a Caballo en Bah\u00eda Drake En Bah\u00eda Drake Traemos esta excelente actividad para ti y tu familia y para ti si viajas solo. Disfruta de la naturaleza mientras paseas a caballo por la playa o en el bosque. Cabalgata a caballo en Bah\u00eda Drake Te recogemos del hotel con los caballos. Si su hotel [&hellip;]<\/p>\n","protected":false},"author":2,"featured_media":0,"parent":0,"menu_order":0,"comment_status":"closed","ping_status":"closed","template":"elementor_header_footer","meta":{"footnotes":""},"class_list":["post-7157","page","type-page","status-publish","hentry"],"yoast_head":"<!-- This site is optimized with the Yoast SEO plugin v26.9 - https:\/\/yoast.com\/product\/yoast-seo-wordpress\/ -->\n<title>Cabalgata a Caballo-Bah\u00eda Drake-Costa Rica | Osa Great Adventure<\/title>\n<meta name=\"description\" content=\"Tour a Caballo en Bah\u00eda Drake En Bah\u00eda Drake Traemos esta excelente actividad para ti y tu familia y para ti si viajas solo. Disfruta de la naturaleza\" \/>\n<meta name=\"robots\" content=\"index, follow, max-snippet:-1, max-image-preview:large, max-video-preview:-1\" \/>\n<link rel=\"canonical\" href=\"https:\/\/osagreatadventure.com\/es\/cabalgata-a-caballo-bahia-drake-costa-rica\" \/>\n<meta property=\"og:locale\" content=\"es_ES\" \/>\n<meta property=\"og:type\" content=\"article\" \/>\n<meta property=\"og:title\" content=\"Cabalgata a Caballo-Bah\u00eda Drake-Costa Rica | Osa Great Adventure\" \/>\n<meta property=\"og:description\" content=\"Tour a Caballo en Bah\u00eda Drake En Bah\u00eda Drake Traemos esta excelente actividad para ti y tu familia y para ti si viajas solo. Disfruta de la naturaleza\" \/>\n<meta property=\"og:url\" content=\"https:\/\/osagreatadventure.com\/es\/cabalgata-a-caballo-bahia-drake-costa-rica\" \/>\n<meta property=\"og:site_name\" content=\"Osa Great Adventure\" \/>\n<meta property=\"article:publisher\" content=\"https:\/\/www.facebook.com\/OsaGreatAdventure\/\" \/>\n<meta property=\"article:modified_time\" content=\"2024-03-19T07:28:19+00:00\" \/>\n<meta property=\"og:image\" content=\"https:\/\/osagreatadventure.com\/wp-content\/uploads\/2018\/06\/Horseback-riding-Drake-Bay-Costa-Rica-7.jpg\" \/>\n<meta name=\"twitter:label1\" content=\"Tiempo de lectura\" \/>\n\t<meta name=\"twitter:data1\" content=\"1 minuto\" \/>\n<script type=\"application\/ld+json\" class=\"yoast-schema-graph\">{\"@context\":\"https:\/\/schema.org\",\"@graph\":[{\"@type\":\"WebPage\",\"@id\":\"https:\/\/osagreatadventure.com\/es\/cabalgata-a-caballo-bahia-drake-costa-rica\",\"url\":\"https:\/\/osagreatadventure.com\/es\/cabalgata-a-caballo-bahia-drake-costa-rica\",\"name\":\"Cabalgata a Caballo-Bah\u00eda Drake-Costa Rica | Osa Great Adventure\",\"isPartOf\":{\"@id\":\"https:\/\/osagreatadventure.com\/es#website\"},\"primaryImageOfPage\":{\"@id\":\"https:\/\/osagreatadventure.com\/es\/cabalgata-a-caballo-bahia-drake-costa-rica#primaryimage\"},\"image\":{\"@id\":\"https:\/\/osagreatadventure.com\/es\/cabalgata-a-caballo-bahia-drake-costa-rica#primaryimage\"},\"thumbnailUrl\":\"https:\/\/osagreatadventure.com\/wp-content\/uploads\/2018\/06\/Horseback-riding-Drake-Bay-Costa-Rica-7.jpg\",\"datePublished\":\"2020-03-09T20:07:06+00:00\",\"dateModified\":\"2024-03-19T07:28:19+00:00\",\"description\":\"Tour a Caballo en Bah\u00eda Drake En Bah\u00eda Drake Traemos esta excelente actividad para ti y tu familia y para ti si viajas solo. Disfruta de la naturaleza\",\"breadcrumb\":{\"@id\":\"https:\/\/osagreatadventure.com\/es\/cabalgata-a-caballo-bahia-drake-costa-rica#breadcrumb\"},\"inLanguage\":\"es\",\"potentialAction\":[{\"@type\":\"ReadAction\",\"target\":[\"https:\/\/osagreatadventure.com\/es\/cabalgata-a-caballo-bahia-drake-costa-rica\"]}]},{\"@type\":\"ImageObject\",\"inLanguage\":\"es\",\"@id\":\"https:\/\/osagreatadventure.com\/es\/cabalgata-a-caballo-bahia-drake-costa-rica#primaryimage\",\"url\":\"https:\/\/osagreatadventure.com\/wp-content\/uploads\/2018\/06\/Horseback-riding-Drake-Bay-Costa-Rica-7.jpg\",\"contentUrl\":\"https:\/\/osagreatadventure.com\/wp-content\/uploads\/2018\/06\/Horseback-riding-Drake-Bay-Costa-Rica-7.jpg\"},{\"@type\":\"BreadcrumbList\",\"@id\":\"https:\/\/osagreatadventure.com\/es\/cabalgata-a-caballo-bahia-drake-costa-rica#breadcrumb\",\"itemListElement\":[{\"@type\":\"ListItem\",\"position\":1,\"name\":\"Home\",\"item\":\"https:\/\/osagreatadventure.com\/es\"},{\"@type\":\"ListItem\",\"position\":2,\"name\":\"Cabalgata a Caballo-Bah\u00eda Drake-Costa Rica\"}]},{\"@type\":\"WebSite\",\"@id\":\"https:\/\/osagreatadventure.com\/es#website\",\"url\":\"https:\/\/osagreatadventure.com\/es\",\"name\":\"Osa Great Adventure\",\"description\":\"Wildlife Observation Experts\",\"publisher\":{\"@id\":\"https:\/\/osagreatadventure.com\/es#organization\"},\"potentialAction\":[{\"@type\":\"SearchAction\",\"target\":{\"@type\":\"EntryPoint\",\"urlTemplate\":\"https:\/\/osagreatadventure.com\/es?s={search_term_string}\"},\"query-input\":{\"@type\":\"PropertyValueSpecification\",\"valueRequired\":true,\"valueName\":\"search_term_string\"}}],\"inLanguage\":\"es\"},{\"@type\":\"Organization\",\"@id\":\"https:\/\/osagreatadventure.com\/es#organization\",\"name\":\"Osa Great Adventure\",\"url\":\"https:\/\/osagreatadventure.com\/es\",\"logo\":{\"@type\":\"ImageObject\",\"inLanguage\":\"es\",\"@id\":\"https:\/\/osagreatadventure.com\/es#\/schema\/logo\/image\/\",\"url\":\"https:\/\/osagreatadventure.com\/wp-content\/uploads\/2018\/04\/logo-osa-great-adventure-1.png\",\"contentUrl\":\"https:\/\/osagreatadventure.com\/wp-content\/uploads\/2018\/04\/logo-osa-great-adventure-1.png\",\"width\":153,\"height\":151,\"caption\":\"Osa Great Adventure\"},\"image\":{\"@id\":\"https:\/\/osagreatadventure.com\/es#\/schema\/logo\/image\/\"},\"sameAs\":[\"https:\/\/www.facebook.com\/OsaGreatAdventure\/\",\"https:\/\/x.com\/osa84488724\",\"https:\/\/www.instagram.com\/osa_great_adventure\/\",\"https:\/\/www.linkedin.com\/in\/osa-great-adventure-8624a964\/\",\"https:\/\/www.pinterest.es\/osagreatadventu\/\",\"https:\/\/www.youtube.com\/channel\/UC7AEPnai7kjfdj8JPVn7w-g?view_as=subscriber\"]}]}<\/script>\n<!-- \/ Yoast SEO plugin. -->","yoast_head_json":{"title":"Cabalgata a Caballo-Bah\u00eda Drake-Costa Rica | Osa Great Adventure","description":"Tour a Caballo en Bah\u00eda Drake En Bah\u00eda Drake Traemos esta excelente actividad para ti y tu familia y para ti si viajas solo. Disfruta de la naturaleza","robots":{"index":"index","follow":"follow","max-snippet":"max-snippet:-1","max-image-preview":"max-image-preview:large","max-video-preview":"max-video-preview:-1"},"canonical":"https:\/\/osagreatadventure.com\/es\/cabalgata-a-caballo-bahia-drake-costa-rica","og_locale":"es_ES","og_type":"article","og_title":"Cabalgata a Caballo-Bah\u00eda Drake-Costa Rica | Osa Great Adventure","og_description":"Tour a Caballo en Bah\u00eda Drake En Bah\u00eda Drake Traemos esta excelente actividad para ti y tu familia y para ti si viajas solo. Disfruta de la naturaleza","og_url":"https:\/\/osagreatadventure.com\/es\/cabalgata-a-caballo-bahia-drake-costa-rica","og_site_name":"Osa Great Adventure","article_publisher":"https:\/\/www.facebook.com\/OsaGreatAdventure\/","article_modified_time":"2024-03-19T07:28:19+00:00","og_image":[{"url":"https:\/\/osagreatadventure.com\/wp-content\/uploads\/2018\/06\/Horseback-riding-Drake-Bay-Costa-Rica-7.jpg","type":"","width":"","height":""}],"twitter_misc":{"Tiempo de lectura":"1 minuto"},"schema":{"@context":"https:\/\/schema.org","@graph":[{"@type":"WebPage","@id":"https:\/\/osagreatadventure.com\/es\/cabalgata-a-caballo-bahia-drake-costa-rica","url":"https:\/\/osagreatadventure.com\/es\/cabalgata-a-caballo-bahia-drake-costa-rica","name":"Cabalgata a Caballo-Bah\u00eda Drake-Costa Rica | Osa Great Adventure","isPartOf":{"@id":"https:\/\/osagreatadventure.com\/es#website"},"primaryImageOfPage":{"@id":"https:\/\/osagreatadventure.com\/es\/cabalgata-a-caballo-bahia-drake-costa-rica#primaryimage"},"image":{"@id":"https:\/\/osagreatadventure.com\/es\/cabalgata-a-caballo-bahia-drake-costa-rica#primaryimage"},"thumbnailUrl":"https:\/\/osagreatadventure.com\/wp-content\/uploads\/2018\/06\/Horseback-riding-Drake-Bay-Costa-Rica-7.jpg","datePublished":"2020-03-09T20:07:06+00:00","dateModified":"2024-03-19T07:28:19+00:00","description":"Tour a Caballo en Bah\u00eda Drake En Bah\u00eda Drake Traemos esta excelente actividad para ti y tu familia y para ti si viajas solo. Disfruta de la naturaleza","breadcrumb":{"@id":"https:\/\/osagreatadventure.com\/es\/cabalgata-a-caballo-bahia-drake-costa-rica#breadcrumb"},"inLanguage":"es","potentialAction":[{"@type":"ReadAction","target":["https:\/\/osagreatadventure.com\/es\/cabalgata-a-caballo-bahia-drake-costa-rica"]}]},{"@type":"ImageObject","inLanguage":"es","@id":"https:\/\/osagreatadventure.com\/es\/cabalgata-a-caballo-bahia-drake-costa-rica#primaryimage","url":"https:\/\/osagreatadventure.com\/wp-content\/uploads\/2018\/06\/Horseback-riding-Drake-Bay-Costa-Rica-7.jpg","contentUrl":"https:\/\/osagreatadventure.com\/wp-content\/uploads\/2018\/06\/Horseback-riding-Drake-Bay-Costa-Rica-7.jpg"},{"@type":"BreadcrumbList","@id":"https:\/\/osagreatadventure.com\/es\/cabalgata-a-caballo-bahia-drake-costa-rica#breadcrumb","itemListElement":[{"@type":"ListItem","position":1,"name":"Home","item":"https:\/\/osagreatadventure.com\/es"},{"@type":"ListItem","position":2,"name":"Cabalgata a Caballo-Bah\u00eda Drake-Costa Rica"}]},{"@type":"WebSite","@id":"https:\/\/osagreatadventure.com\/es#website","url":"https:\/\/osagreatadventure.com\/es","name":"Osa Great Adventure","description":"Wildlife Observation Experts","publisher":{"@id":"https:\/\/osagreatadventure.com\/es#organization"},"potentialAction":[{"@type":"SearchAction","target":{"@type":"EntryPoint","urlTemplate":"https:\/\/osagreatadventure.com\/es?s={search_term_string}"},"query-input":{"@type":"PropertyValueSpecification","valueRequired":true,"valueName":"search_term_string"}}],"inLanguage":"es"},{"@type":"Organization","@id":"https:\/\/osagreatadventure.com\/es#organization","name":"Osa Great Adventure","url":"https:\/\/osagreatadventure.com\/es","logo":{"@type":"ImageObject","inLanguage":"es","@id":"https:\/\/osagreatadventure.com\/es#\/schema\/logo\/image\/","url":"https:\/\/osagreatadventure.com\/wp-content\/uploads\/2018\/04\/logo-osa-great-adventure-1.png","contentUrl":"https:\/\/osagreatadventure.com\/wp-content\/uploads\/2018\/04\/logo-osa-great-adventure-1.png","width":153,"height":151,"caption":"Osa Great Adventure"},"image":{"@id":"https:\/\/osagreatadventure.com\/es#\/schema\/logo\/image\/"},"sameAs":["https:\/\/www.facebook.com\/OsaGreatAdventure\/","https:\/\/x.com\/osa84488724","https:\/\/www.instagram.com\/osa_great_adventure\/","https:\/\/www.linkedin.com\/in\/osa-great-adventure-8624a964\/","https:\/\/www.pinterest.es\/osagreatadventu\/","https:\/\/www.youtube.com\/channel\/UC7AEPnai7kjfdj8JPVn7w-g?view_as=subscriber"]}]}},"_links":{"self":[{"href":"https:\/\/osagreatadventure.com\/es\/wp-json\/wp\/v2\/pages\/7157","targetHints":{"allow":["GET"]}}],"collection":[{"href":"https:\/\/osagreatadventure.com\/es\/wp-json\/wp\/v2\/pages"}],"about":[{"href":"https:\/\/osagreatadventure.com\/es\/wp-json\/wp\/v2\/types\/page"}],"author":[{"embeddable":true,"href":"https:\/\/osagreatadventure.com\/es\/wp-json\/wp\/v2\/users\/2"}],"replies":[{"embeddable":true,"href":"https:\/\/osagreatadventure.com\/es\/wp-json\/wp\/v2\/comments?post=7157"}],"version-history":[{"count":13,"href":"https:\/\/osagreatadventure.com\/es\/wp-json\/wp\/v2\/pages\/7157\/revisions"}],"predecessor-version":[{"id":14074,"href":"https:\/\/osagreatadventure.com\/es\/wp-json\/wp\/v2\/pages\/7157\/revisions\/14074"}],"wp:attachment":[{"href":"https:\/\/osagreatadventure.com\/es\/wp-json\/wp\/v2\/media?parent=7157"}],"curies":[{"name":"wp","href":"https:\/\/api.w.org\/{rel}","templated":true}]}}