{"id":8385,"date":"2021-03-10T14:05:32","date_gmt":"2021-03-10T20:05:32","guid":{"rendered":"https:\/\/osagreatadventure.com\/tour-en-kayak-al-atardecer-y-bioluminiscencia-puerto-jimenez-costa-rica"},"modified":"2024-03-17T22:36:15","modified_gmt":"2024-03-18T04:36:15","slug":"tour-en-kayak-al-atardecer-y-bioluminiscencia-puerto-jimenez-costa-rica","status":"publish","type":"page","link":"https:\/\/osagreatadventure.com\/es\/tour-en-kayak-al-atardecer-y-bioluminiscencia-puerto-jimenez-costa-rica","title":{"rendered":"Tour en kayak al atardecer y bioluminiscencia-Puerto Jim\u00e9nez-Costa Rica"},"content":{"rendered":"\t\t<div data-elementor-type=\"wp-page\" data-elementor-id=\"8385\" class=\"elementor elementor-8385 elementor-6984\" data-elementor-post-type=\"page\">\n\t\t\t\t\t\t<section class=\"elementor-section elementor-top-section elementor-element elementor-element-54730cc elementor-section-boxed elementor-section-height-default elementor-section-height-default\" data-id=\"54730cc\" data-element_type=\"section\" data-e-type=\"section\">\n\t\t\t\t\t\t<div class=\"elementor-container elementor-column-gap-default\">\n\t\t\t\t\t<div class=\"elementor-column elementor-col-100 elementor-top-column elementor-element elementor-element-caf2d74\" data-id=\"caf2d74\" data-element_type=\"column\" data-e-type=\"column\">\n\t\t\t<div class=\"elementor-widget-wrap elementor-element-populated\">\n\t\t\t\t\t\t<div class=\"elementor-element elementor-element-32ed035 elementor-widget elementor-widget-heading\" data-id=\"32ed035\" data-element_type=\"widget\" data-e-type=\"widget\" data-widget_type=\"heading.default\">\n\t\t\t\t<div class=\"elementor-widget-container\">\n\t\t\t\t\t<h1 class=\"elementor-heading-title elementor-size-xl\">Tour de bioluminiscencia en Kayak<\/h1>\t\t\t\t<\/div>\n\t\t\t\t<\/div>\n\t\t\t\t<div class=\"elementor-element elementor-element-6f6f95b elementor-widget elementor-widget-heading\" data-id=\"6f6f95b\" data-element_type=\"widget\" data-e-type=\"widget\" data-widget_type=\"heading.default\">\n\t\t\t\t<div class=\"elementor-widget-container\">\n\t\t\t\t\t<h2 class=\"elementor-heading-title elementor-size-default\">En el bosque de manglar de Puerto Jim\u00e9nez-Golfo Dulce<\/h2>\t\t\t\t<\/div>\n\t\t\t\t<\/div>\n\t\t\t\t<div class=\"elementor-element elementor-element-d25aa49 elementor-widget elementor-widget-text-editor\" data-id=\"d25aa49\" data-element_type=\"widget\" data-e-type=\"widget\" data-widget_type=\"text-editor.default\">\n\t\t\t\t<div class=\"elementor-widget-container\">\n\t\t\t\t\t\t\t\t\t<p style=\"text-align: center;\">Combinar el sol y la bioluminiscencia en un recorrido en kayak de tres horas es relajante e interesante.<\/p>\n\t\t\t\t\t\t\t\t<\/div>\n\t\t\t\t<\/div>\n\t\t\t\t\t<\/div>\n\t\t<\/div>\n\t\t\t\t\t<\/div>\n\t\t<\/section>\n\t\t\t\t<section class=\"elementor-section elementor-top-section elementor-element elementor-element-52d96c6 elementor-section-stretched elementor-section-full_width elementor-section-height-default elementor-section-height-default\" data-id=\"52d96c6\" data-element_type=\"section\" data-e-type=\"section\" data-settings=\"{&quot;stretch_section&quot;:&quot;section-stretched&quot;,&quot;background_background&quot;:&quot;classic&quot;,&quot;background_motion_fx_motion_fx_scrolling&quot;:&quot;yes&quot;,&quot;background_motion_fx_translateX_effect&quot;:&quot;yes&quot;,&quot;background_motion_fx_devices&quot;:[&quot;desktop&quot;,&quot;tablet&quot;],&quot;background_motion_fx_translateX_speed&quot;:{&quot;unit&quot;:&quot;px&quot;,&quot;size&quot;:4,&quot;sizes&quot;:[]},&quot;background_motion_fx_translateX_affectedRange&quot;:{&quot;unit&quot;:&quot;%&quot;,&quot;size&quot;:&quot;&quot;,&quot;sizes&quot;:{&quot;start&quot;:0,&quot;end&quot;:100}}}\">\n\t\t\t\t\t\t\t<div class=\"elementor-background-overlay\"><\/div>\n\t\t\t\t\t\t\t<div class=\"elementor-container elementor-column-gap-default\">\n\t\t\t\t\t<div class=\"elementor-column elementor-col-100 elementor-top-column elementor-element elementor-element-4e30595\" data-id=\"4e30595\" data-element_type=\"column\" data-e-type=\"column\" data-settings=\"{&quot;background_background&quot;:&quot;classic&quot;}\">\n\t\t\t<div class=\"elementor-widget-wrap elementor-element-populated\">\n\t\t\t\t\t\t<div class=\"elementor-element elementor-element-04d31a3 elementor-widget elementor-widget-heading\" data-id=\"04d31a3\" data-element_type=\"widget\" data-e-type=\"widget\" data-widget_type=\"heading.default\">\n\t\t\t\t<div class=\"elementor-widget-container\">\n\t\t\t\t\t<h1 class=\"elementor-heading-title elementor-size-default\">Tour de bioluminiscencia en Kayak<\/h1>\t\t\t\t<\/div>\n\t\t\t\t<\/div>\n\t\t\t\t<div class=\"elementor-element elementor-element-fe52916 elementor-widget elementor-widget-text-editor\" data-id=\"fe52916\" data-element_type=\"widget\" data-e-type=\"widget\" data-widget_type=\"text-editor.default\">\n\t\t\t\t<div class=\"elementor-widget-container\">\n\t\t\t\t\t\t\t\t\t<p>Esta actividad comienza a las 4.00 pm y tiene una duraci\u00f3n de tres horas. El objetivo de la actividad es observar el final del d\u00eda y ver el plancton brillando cuando cae la noche. Animales como monos, serpientes y p\u00e1jaros pueden ser parte de este tour.<\/p>\n\t\t\t\t\t\t\t\t<\/div>\n\t\t\t\t<\/div>\n\t\t\t\t<div class=\"elementor-element elementor-element-44a5775 elementor-widget elementor-widget-toggle\" data-id=\"44a5775\" data-element_type=\"widget\" data-e-type=\"widget\" data-widget_type=\"toggle.default\">\n\t\t\t\t<div class=\"elementor-widget-container\">\n\t\t\t\t\t\t\t<div class=\"elementor-toggle\">\n\t\t\t\t\t\t\t<div class=\"elementor-toggle-item\">\n\t\t\t\t\t<div id=\"elementor-tab-title-7191\" class=\"elementor-tab-title\" data-tab=\"1\" role=\"button\" aria-controls=\"elementor-tab-content-7191\" aria-expanded=\"false\">\n\t\t\t\t\t\t\t\t\t\t\t\t<span class=\"elementor-toggle-icon elementor-toggle-icon-left\" aria-hidden=\"true\">\n\t\t\t\t\t\t\t\t\t\t\t\t\t\t\t<span class=\"elementor-toggle-icon-closed\"><svg class=\"e-font-icon-svg e-fas-caret-right\" viewBox=\"0 0 192 512\" xmlns=\"http:\/\/www.w3.org\/2000\/svg\"><path d=\"M0 384.662V127.338c0-17.818 21.543-26.741 34.142-14.142l128.662 128.662c7.81 7.81 7.81 20.474 0 28.284L34.142 398.804C21.543 411.404 0 402.48 0 384.662z\"><\/path><\/svg><\/span>\n\t\t\t\t\t\t\t\t<span class=\"elementor-toggle-icon-opened\"><svg class=\"elementor-toggle-icon-opened e-font-icon-svg e-fas-caret-up\" viewBox=\"0 0 320 512\" xmlns=\"http:\/\/www.w3.org\/2000\/svg\"><path d=\"M288.662 352H31.338c-17.818 0-26.741-21.543-14.142-34.142l128.662-128.662c7.81-7.81 20.474-7.81 28.284 0l128.662 128.662c12.6 12.599 3.676 34.142-14.142 34.142z\"><\/path><\/svg><\/span>\n\t\t\t\t\t\t\t\t\t\t\t\t\t<\/span>\n\t\t\t\t\t\t\t\t\t\t\t\t<a class=\"elementor-toggle-title\" tabindex=\"0\">Incluye<\/a>\n\t\t\t\t\t<\/div>\n\n\t\t\t\t\t<div id=\"elementor-tab-content-7191\" class=\"elementor-tab-content elementor-clearfix\" data-tab=\"1\" role=\"region\" aria-labelledby=\"elementor-tab-title-7191\"><ul>\n<li>Gu\u00eda tur\u00edstico biling\u00fce (Ingl\u00e9s y Espa\u00f1ol).<\/li>\n<li>Agua.<\/li>\n<li>Fruta.<\/li>\n<\/ul>\n<\/div>\n\t\t\t\t<\/div>\n\t\t\t\t\t\t\t<div class=\"elementor-toggle-item\">\n\t\t\t\t\t<div id=\"elementor-tab-title-7192\" class=\"elementor-tab-title\" data-tab=\"2\" role=\"button\" aria-controls=\"elementor-tab-content-7192\" aria-expanded=\"false\">\n\t\t\t\t\t\t\t\t\t\t\t\t<span class=\"elementor-toggle-icon elementor-toggle-icon-left\" aria-hidden=\"true\">\n\t\t\t\t\t\t\t\t\t\t\t\t\t\t\t<span class=\"elementor-toggle-icon-closed\"><svg class=\"e-font-icon-svg e-fas-caret-right\" viewBox=\"0 0 192 512\" xmlns=\"http:\/\/www.w3.org\/2000\/svg\"><path d=\"M0 384.662V127.338c0-17.818 21.543-26.741 34.142-14.142l128.662 128.662c7.81 7.81 7.81 20.474 0 28.284L34.142 398.804C21.543 411.404 0 402.48 0 384.662z\"><\/path><\/svg><\/span>\n\t\t\t\t\t\t\t\t<span class=\"elementor-toggle-icon-opened\"><svg class=\"elementor-toggle-icon-opened e-font-icon-svg e-fas-caret-up\" viewBox=\"0 0 320 512\" xmlns=\"http:\/\/www.w3.org\/2000\/svg\"><path d=\"M288.662 352H31.338c-17.818 0-26.741-21.543-14.142-34.142l128.662-128.662c7.81-7.81 20.474-7.81 28.284 0l128.662 128.662c12.6 12.599 3.676 34.142-14.142 34.142z\"><\/path><\/svg><\/span>\n\t\t\t\t\t\t\t\t\t\t\t\t\t<\/span>\n\t\t\t\t\t\t\t\t\t\t\t\t<a class=\"elementor-toggle-title\" tabindex=\"0\">Recomendaciones<\/a>\n\t\t\t\t\t<\/div>\n\n\t\t\t\t\t<div id=\"elementor-tab-content-7192\" class=\"elementor-tab-content elementor-clearfix\" data-tab=\"2\" role=\"region\" aria-labelledby=\"elementor-tab-title-7192\"><ul>\n<li>Zapatos abiertos.<\/li>\n<li>Repelente de mosquitos (\u00fasalo antes de llegar)<\/li>\n<li>Poncho (durante la temporada de lluvias).<\/li>\n<li>Gafas de sol.<\/li>\n<li>Llevar agua para el recorrido.<\/li>\n<li>Sombrero.<\/li>\n<\/ul>\n<\/div>\n\t\t\t\t<\/div>\n\t\t\t\t\t\t\t<div class=\"elementor-toggle-item\">\n\t\t\t\t\t<div id=\"elementor-tab-title-7193\" class=\"elementor-tab-title\" data-tab=\"3\" role=\"button\" aria-controls=\"elementor-tab-content-7193\" aria-expanded=\"false\">\n\t\t\t\t\t\t\t\t\t\t\t\t<span class=\"elementor-toggle-icon elementor-toggle-icon-left\" aria-hidden=\"true\">\n\t\t\t\t\t\t\t\t\t\t\t\t\t\t\t<span class=\"elementor-toggle-icon-closed\"><svg class=\"e-font-icon-svg e-fas-caret-right\" viewBox=\"0 0 192 512\" xmlns=\"http:\/\/www.w3.org\/2000\/svg\"><path d=\"M0 384.662V127.338c0-17.818 21.543-26.741 34.142-14.142l128.662 128.662c7.81 7.81 7.81 20.474 0 28.284L34.142 398.804C21.543 411.404 0 402.48 0 384.662z\"><\/path><\/svg><\/span>\n\t\t\t\t\t\t\t\t<span class=\"elementor-toggle-icon-opened\"><svg class=\"elementor-toggle-icon-opened e-font-icon-svg e-fas-caret-up\" viewBox=\"0 0 320 512\" xmlns=\"http:\/\/www.w3.org\/2000\/svg\"><path d=\"M288.662 352H31.338c-17.818 0-26.741-21.543-14.142-34.142l128.662-128.662c7.81-7.81 20.474-7.81 28.284 0l128.662 128.662c12.6 12.599 3.676 34.142-14.142 34.142z\"><\/path><\/svg><\/span>\n\t\t\t\t\t\t\t\t\t\t\t\t\t<\/span>\n\t\t\t\t\t\t\t\t\t\t\t\t<a class=\"elementor-toggle-title\" tabindex=\"0\">Precio<\/a>\n\t\t\t\t\t<\/div>\n\n\t\t\t\t\t<div id=\"elementor-tab-content-7193\" class=\"elementor-tab-content elementor-clearfix\" data-tab=\"3\" role=\"region\" aria-labelledby=\"elementor-tab-title-7193\"><p>$65 por persona<\/p>\n<p>&nbsp;<\/p>\n<\/div>\n\t\t\t\t<\/div>\n\t\t\t\t\t\t\t\t<\/div>\n\t\t\t\t\t\t<\/div>\n\t\t\t\t<\/div>\n\t\t\t\t<section class=\"elementor-section elementor-inner-section elementor-element elementor-element-3987fb8 elementor-section-boxed elementor-section-height-default elementor-section-height-default\" data-id=\"3987fb8\" data-element_type=\"section\" data-e-type=\"section\">\n\t\t\t\t\t\t<div class=\"elementor-container elementor-column-gap-default\">\n\t\t\t\t\t<div class=\"elementor-column elementor-col-50 elementor-inner-column elementor-element elementor-element-e56c4e4\" data-id=\"e56c4e4\" data-element_type=\"column\" data-e-type=\"column\">\n\t\t\t<div class=\"elementor-widget-wrap elementor-element-populated\">\n\t\t\t\t\t\t<div class=\"elementor-element elementor-element-176597c elementor-widget elementor-widget-image\" data-id=\"176597c\" data-element_type=\"widget\" data-e-type=\"widget\" data-widget_type=\"image.default\">\n\t\t\t\t<div class=\"elementor-widget-container\">\n\t\t\t\t\t\t\t\t\t\t\t\t\t\t\t<img fetchpriority=\"high\" decoding=\"async\" width=\"800\" height=\"813\" src=\"https:\/\/osagreatadventure.com\/wp-content\/uploads\/2020\/02\/Puerto-Jimenez-Night-Walk-Costa-Rica.jpeg\" class=\"attachment-large size-large wp-image-6960\" alt=\"\" srcset=\"https:\/\/osagreatadventure.com\/wp-content\/uploads\/2020\/02\/Puerto-Jimenez-Night-Walk-Costa-Rica.jpeg 844w, https:\/\/osagreatadventure.com\/wp-content\/uploads\/2020\/02\/Puerto-Jimenez-Night-Walk-Costa-Rica-295x300.jpeg 295w, https:\/\/osagreatadventure.com\/wp-content\/uploads\/2020\/02\/Puerto-Jimenez-Night-Walk-Costa-Rica-768x781.jpeg 768w\" sizes=\"(max-width: 800px) 100vw, 800px\" \/>\t\t\t\t\t\t\t\t\t\t\t\t\t\t\t<\/div>\n\t\t\t\t<\/div>\n\t\t\t\t\t<\/div>\n\t\t<\/div>\n\t\t\t\t<div class=\"elementor-column elementor-col-50 elementor-inner-column elementor-element elementor-element-8524c82\" data-id=\"8524c82\" data-element_type=\"column\" data-e-type=\"column\">\n\t\t\t<div class=\"elementor-widget-wrap elementor-element-populated\">\n\t\t\t\t\t\t<div class=\"elementor-element elementor-element-6bf4bdf elementor-align-center elementor-mobile-align-center elementor-tablet-align-center elementor-widget elementor-widget-button\" data-id=\"6bf4bdf\" data-element_type=\"widget\" data-e-type=\"widget\" data-widget_type=\"button.default\">\n\t\t\t\t<div class=\"elementor-widget-container\">\n\t\t\t\t\t\t\t\t\t<div class=\"elementor-button-wrapper\">\n\t\t\t\t\t<a class=\"elementor-button elementor-button-link elementor-size-md elementor-animation-grow\" href=\"https:\/\/osagreatadventure.com\/es\/reservaciones\">\n\t\t\t\t\t\t<span class=\"elementor-button-content-wrapper\">\n\t\t\t\t\t\t<span class=\"elementor-button-icon\">\n\t\t\t\t<svg aria-hidden=\"true\" class=\"e-font-icon-svg e-fas-arrow-right\" viewBox=\"0 0 448 512\" xmlns=\"http:\/\/www.w3.org\/2000\/svg\"><path d=\"M190.5 66.9l22.2-22.2c9.4-9.4 24.6-9.4 33.9 0L441 239c9.4 9.4 9.4 24.6 0 33.9L246.6 467.3c-9.4 9.4-24.6 9.4-33.9 0l-22.2-22.2c-9.5-9.5-9.3-25 .4-34.3L311.4 296H24c-13.3 0-24-10.7-24-24v-32c0-13.3 10.7-24 24-24h287.4L190.9 101.2c-9.8-9.3-10-24.8-.4-34.3z\"><\/path><\/svg>\t\t\t<\/span>\n\t\t\t\t\t\t\t\t\t<span class=\"elementor-button-text\">Env\u00edanos un correo<\/span>\n\t\t\t\t\t<\/span>\n\t\t\t\t\t<\/a>\n\t\t\t\t<\/div>\n\t\t\t\t\t\t\t\t<\/div>\n\t\t\t\t<\/div>\n\t\t\t\t\t<\/div>\n\t\t<\/div>\n\t\t\t\t\t<\/div>\n\t\t<\/section>\n\t\t\t\t\t<\/div>\n\t\t<\/div>\n\t\t\t\t\t<\/div>\n\t\t<\/section>\n\t\t\t\t<\/div>\n\t\t","protected":false},"excerpt":{"rendered":"<p>Tour de bioluminiscencia en Kayak En el bosque de manglar de Puerto Jim\u00e9nez-Golfo Dulce Combinar el sol y la bioluminiscencia en un recorrido en kayak de tres horas es relajante e interesante. Tour de bioluminiscencia en Kayak Esta actividad comienza a las 4.00 pm y tiene una duraci\u00f3n de tres horas. El objetivo de la [&hellip;]<\/p>\n","protected":false},"author":2,"featured_media":0,"parent":0,"menu_order":0,"comment_status":"closed","ping_status":"closed","template":"elementor_header_footer","meta":{"footnotes":""},"class_list":["post-8385","page","type-page","status-publish","hentry"],"yoast_head":"<!-- This site is optimized with the Yoast SEO plugin v26.9 - https:\/\/yoast.com\/product\/yoast-seo-wordpress\/ -->\n<title>Tour en kayak al atardecer y bioluminiscencia-Puerto Jim\u00e9nez-Costa Rica | Osa Great Adventure<\/title>\n<meta name=\"description\" content=\"Tour de bioluminiscencia en Kayak En el bosque de manglar de Puerto Jim\u00e9nez-Golfo Dulce Combinar el sol y la bioluminiscencia en un recorrido en kayak de\" \/>\n<meta name=\"robots\" content=\"index, follow, max-snippet:-1, max-image-preview:large, max-video-preview:-1\" \/>\n<link rel=\"canonical\" href=\"https:\/\/osagreatadventure.com\/es\/tour-en-kayak-al-atardecer-y-bioluminiscencia-puerto-jimenez-costa-rica\" \/>\n<meta property=\"og:locale\" content=\"es_ES\" \/>\n<meta property=\"og:type\" content=\"article\" \/>\n<meta property=\"og:title\" content=\"Tour en kayak al atardecer y bioluminiscencia-Puerto Jim\u00e9nez-Costa Rica | Osa Great Adventure\" \/>\n<meta property=\"og:description\" content=\"Tour de bioluminiscencia en Kayak En el bosque de manglar de Puerto Jim\u00e9nez-Golfo Dulce Combinar el sol y la bioluminiscencia en un recorrido en kayak de\" \/>\n<meta property=\"og:url\" content=\"https:\/\/osagreatadventure.com\/es\/tour-en-kayak-al-atardecer-y-bioluminiscencia-puerto-jimenez-costa-rica\" \/>\n<meta property=\"og:site_name\" content=\"Osa Great Adventure\" \/>\n<meta property=\"article:publisher\" content=\"https:\/\/www.facebook.com\/OsaGreatAdventure\/\" \/>\n<meta property=\"article:modified_time\" content=\"2024-03-18T04:36:15+00:00\" \/>\n<meta property=\"og:image\" content=\"https:\/\/osagreatadventure.com\/wp-content\/uploads\/2020\/02\/Puerto-Jimenez-Night-Walk-Costa-Rica.jpeg\" \/>\n<meta name=\"twitter:label1\" content=\"Tiempo de lectura\" \/>\n\t<meta name=\"twitter:data1\" content=\"1 minuto\" \/>\n<script type=\"application\/ld+json\" class=\"yoast-schema-graph\">{\"@context\":\"https:\/\/schema.org\",\"@graph\":[{\"@type\":\"WebPage\",\"@id\":\"https:\/\/osagreatadventure.com\/es\/tour-en-kayak-al-atardecer-y-bioluminiscencia-puerto-jimenez-costa-rica\",\"url\":\"https:\/\/osagreatadventure.com\/es\/tour-en-kayak-al-atardecer-y-bioluminiscencia-puerto-jimenez-costa-rica\",\"name\":\"Tour en kayak al atardecer y bioluminiscencia-Puerto Jim\u00e9nez-Costa Rica | Osa Great Adventure\",\"isPartOf\":{\"@id\":\"https:\/\/osagreatadventure.com\/es#website\"},\"primaryImageOfPage\":{\"@id\":\"https:\/\/osagreatadventure.com\/es\/tour-en-kayak-al-atardecer-y-bioluminiscencia-puerto-jimenez-costa-rica#primaryimage\"},\"image\":{\"@id\":\"https:\/\/osagreatadventure.com\/es\/tour-en-kayak-al-atardecer-y-bioluminiscencia-puerto-jimenez-costa-rica#primaryimage\"},\"thumbnailUrl\":\"https:\/\/osagreatadventure.com\/wp-content\/uploads\/2020\/02\/Puerto-Jimenez-Night-Walk-Costa-Rica.jpeg\",\"datePublished\":\"2021-03-10T20:05:32+00:00\",\"dateModified\":\"2024-03-18T04:36:15+00:00\",\"description\":\"Tour de bioluminiscencia en Kayak En el bosque de manglar de Puerto Jim\u00e9nez-Golfo Dulce Combinar el sol y la bioluminiscencia en un recorrido en kayak de\",\"breadcrumb\":{\"@id\":\"https:\/\/osagreatadventure.com\/es\/tour-en-kayak-al-atardecer-y-bioluminiscencia-puerto-jimenez-costa-rica#breadcrumb\"},\"inLanguage\":\"es\",\"potentialAction\":[{\"@type\":\"ReadAction\",\"target\":[\"https:\/\/osagreatadventure.com\/es\/tour-en-kayak-al-atardecer-y-bioluminiscencia-puerto-jimenez-costa-rica\"]}]},{\"@type\":\"ImageObject\",\"inLanguage\":\"es\",\"@id\":\"https:\/\/osagreatadventure.com\/es\/tour-en-kayak-al-atardecer-y-bioluminiscencia-puerto-jimenez-costa-rica#primaryimage\",\"url\":\"https:\/\/osagreatadventure.com\/wp-content\/uploads\/2020\/02\/Puerto-Jimenez-Night-Walk-Costa-Rica.jpeg\",\"contentUrl\":\"https:\/\/osagreatadventure.com\/wp-content\/uploads\/2020\/02\/Puerto-Jimenez-Night-Walk-Costa-Rica.jpeg\"},{\"@type\":\"BreadcrumbList\",\"@id\":\"https:\/\/osagreatadventure.com\/es\/tour-en-kayak-al-atardecer-y-bioluminiscencia-puerto-jimenez-costa-rica#breadcrumb\",\"itemListElement\":[{\"@type\":\"ListItem\",\"position\":1,\"name\":\"Home\",\"item\":\"https:\/\/osagreatadventure.com\/es\"},{\"@type\":\"ListItem\",\"position\":2,\"name\":\"Tour en kayak al atardecer y bioluminiscencia-Puerto Jim\u00e9nez-Costa Rica\"}]},{\"@type\":\"WebSite\",\"@id\":\"https:\/\/osagreatadventure.com\/es#website\",\"url\":\"https:\/\/osagreatadventure.com\/es\",\"name\":\"Osa Great Adventure\",\"description\":\"Wildlife Observation Experts\",\"publisher\":{\"@id\":\"https:\/\/osagreatadventure.com\/es#organization\"},\"potentialAction\":[{\"@type\":\"SearchAction\",\"target\":{\"@type\":\"EntryPoint\",\"urlTemplate\":\"https:\/\/osagreatadventure.com\/es?s={search_term_string}\"},\"query-input\":{\"@type\":\"PropertyValueSpecification\",\"valueRequired\":true,\"valueName\":\"search_term_string\"}}],\"inLanguage\":\"es\"},{\"@type\":\"Organization\",\"@id\":\"https:\/\/osagreatadventure.com\/es#organization\",\"name\":\"Osa Great Adventure\",\"url\":\"https:\/\/osagreatadventure.com\/es\",\"logo\":{\"@type\":\"ImageObject\",\"inLanguage\":\"es\",\"@id\":\"https:\/\/osagreatadventure.com\/es#\/schema\/logo\/image\/\",\"url\":\"https:\/\/osagreatadventure.com\/wp-content\/uploads\/2018\/04\/logo-osa-great-adventure-1.png\",\"contentUrl\":\"https:\/\/osagreatadventure.com\/wp-content\/uploads\/2018\/04\/logo-osa-great-adventure-1.png\",\"width\":153,\"height\":151,\"caption\":\"Osa Great Adventure\"},\"image\":{\"@id\":\"https:\/\/osagreatadventure.com\/es#\/schema\/logo\/image\/\"},\"sameAs\":[\"https:\/\/www.facebook.com\/OsaGreatAdventure\/\",\"https:\/\/x.com\/osa84488724\",\"https:\/\/www.instagram.com\/osa_great_adventure\/\",\"https:\/\/www.linkedin.com\/in\/osa-great-adventure-8624a964\/\",\"https:\/\/www.pinterest.es\/osagreatadventu\/\",\"https:\/\/www.youtube.com\/channel\/UC7AEPnai7kjfdj8JPVn7w-g?view_as=subscriber\"]}]}<\/script>\n<!-- \/ Yoast SEO plugin. -->","yoast_head_json":{"title":"Tour en kayak al atardecer y bioluminiscencia-Puerto Jim\u00e9nez-Costa Rica | Osa Great Adventure","description":"Tour de bioluminiscencia en Kayak En el bosque de manglar de Puerto Jim\u00e9nez-Golfo Dulce Combinar el sol y la bioluminiscencia en un recorrido en kayak de","robots":{"index":"index","follow":"follow","max-snippet":"max-snippet:-1","max-image-preview":"max-image-preview:large","max-video-preview":"max-video-preview:-1"},"canonical":"https:\/\/osagreatadventure.com\/es\/tour-en-kayak-al-atardecer-y-bioluminiscencia-puerto-jimenez-costa-rica","og_locale":"es_ES","og_type":"article","og_title":"Tour en kayak al atardecer y bioluminiscencia-Puerto Jim\u00e9nez-Costa Rica | Osa Great Adventure","og_description":"Tour de bioluminiscencia en Kayak En el bosque de manglar de Puerto Jim\u00e9nez-Golfo Dulce Combinar el sol y la bioluminiscencia en un recorrido en kayak de","og_url":"https:\/\/osagreatadventure.com\/es\/tour-en-kayak-al-atardecer-y-bioluminiscencia-puerto-jimenez-costa-rica","og_site_name":"Osa Great Adventure","article_publisher":"https:\/\/www.facebook.com\/OsaGreatAdventure\/","article_modified_time":"2024-03-18T04:36:15+00:00","og_image":[{"url":"https:\/\/osagreatadventure.com\/wp-content\/uploads\/2020\/02\/Puerto-Jimenez-Night-Walk-Costa-Rica.jpeg","type":"","width":"","height":""}],"twitter_misc":{"Tiempo de lectura":"1 minuto"},"schema":{"@context":"https:\/\/schema.org","@graph":[{"@type":"WebPage","@id":"https:\/\/osagreatadventure.com\/es\/tour-en-kayak-al-atardecer-y-bioluminiscencia-puerto-jimenez-costa-rica","url":"https:\/\/osagreatadventure.com\/es\/tour-en-kayak-al-atardecer-y-bioluminiscencia-puerto-jimenez-costa-rica","name":"Tour en kayak al atardecer y bioluminiscencia-Puerto Jim\u00e9nez-Costa Rica | Osa Great Adventure","isPartOf":{"@id":"https:\/\/osagreatadventure.com\/es#website"},"primaryImageOfPage":{"@id":"https:\/\/osagreatadventure.com\/es\/tour-en-kayak-al-atardecer-y-bioluminiscencia-puerto-jimenez-costa-rica#primaryimage"},"image":{"@id":"https:\/\/osagreatadventure.com\/es\/tour-en-kayak-al-atardecer-y-bioluminiscencia-puerto-jimenez-costa-rica#primaryimage"},"thumbnailUrl":"https:\/\/osagreatadventure.com\/wp-content\/uploads\/2020\/02\/Puerto-Jimenez-Night-Walk-Costa-Rica.jpeg","datePublished":"2021-03-10T20:05:32+00:00","dateModified":"2024-03-18T04:36:15+00:00","description":"Tour de bioluminiscencia en Kayak En el bosque de manglar de Puerto Jim\u00e9nez-Golfo Dulce Combinar el sol y la bioluminiscencia en un recorrido en kayak de","breadcrumb":{"@id":"https:\/\/osagreatadventure.com\/es\/tour-en-kayak-al-atardecer-y-bioluminiscencia-puerto-jimenez-costa-rica#breadcrumb"},"inLanguage":"es","potentialAction":[{"@type":"ReadAction","target":["https:\/\/osagreatadventure.com\/es\/tour-en-kayak-al-atardecer-y-bioluminiscencia-puerto-jimenez-costa-rica"]}]},{"@type":"ImageObject","inLanguage":"es","@id":"https:\/\/osagreatadventure.com\/es\/tour-en-kayak-al-atardecer-y-bioluminiscencia-puerto-jimenez-costa-rica#primaryimage","url":"https:\/\/osagreatadventure.com\/wp-content\/uploads\/2020\/02\/Puerto-Jimenez-Night-Walk-Costa-Rica.jpeg","contentUrl":"https:\/\/osagreatadventure.com\/wp-content\/uploads\/2020\/02\/Puerto-Jimenez-Night-Walk-Costa-Rica.jpeg"},{"@type":"BreadcrumbList","@id":"https:\/\/osagreatadventure.com\/es\/tour-en-kayak-al-atardecer-y-bioluminiscencia-puerto-jimenez-costa-rica#breadcrumb","itemListElement":[{"@type":"ListItem","position":1,"name":"Home","item":"https:\/\/osagreatadventure.com\/es"},{"@type":"ListItem","position":2,"name":"Tour en kayak al atardecer y bioluminiscencia-Puerto Jim\u00e9nez-Costa Rica"}]},{"@type":"WebSite","@id":"https:\/\/osagreatadventure.com\/es#website","url":"https:\/\/osagreatadventure.com\/es","name":"Osa Great Adventure","description":"Wildlife Observation Experts","publisher":{"@id":"https:\/\/osagreatadventure.com\/es#organization"},"potentialAction":[{"@type":"SearchAction","target":{"@type":"EntryPoint","urlTemplate":"https:\/\/osagreatadventure.com\/es?s={search_term_string}"},"query-input":{"@type":"PropertyValueSpecification","valueRequired":true,"valueName":"search_term_string"}}],"inLanguage":"es"},{"@type":"Organization","@id":"https:\/\/osagreatadventure.com\/es#organization","name":"Osa Great Adventure","url":"https:\/\/osagreatadventure.com\/es","logo":{"@type":"ImageObject","inLanguage":"es","@id":"https:\/\/osagreatadventure.com\/es#\/schema\/logo\/image\/","url":"https:\/\/osagreatadventure.com\/wp-content\/uploads\/2018\/04\/logo-osa-great-adventure-1.png","contentUrl":"https:\/\/osagreatadventure.com\/wp-content\/uploads\/2018\/04\/logo-osa-great-adventure-1.png","width":153,"height":151,"caption":"Osa Great Adventure"},"image":{"@id":"https:\/\/osagreatadventure.com\/es#\/schema\/logo\/image\/"},"sameAs":["https:\/\/www.facebook.com\/OsaGreatAdventure\/","https:\/\/x.com\/osa84488724","https:\/\/www.instagram.com\/osa_great_adventure\/","https:\/\/www.linkedin.com\/in\/osa-great-adventure-8624a964\/","https:\/\/www.pinterest.es\/osagreatadventu\/","https:\/\/www.youtube.com\/channel\/UC7AEPnai7kjfdj8JPVn7w-g?view_as=subscriber"]}]}},"_links":{"self":[{"href":"https:\/\/osagreatadventure.com\/es\/wp-json\/wp\/v2\/pages\/8385","targetHints":{"allow":["GET"]}}],"collection":[{"href":"https:\/\/osagreatadventure.com\/es\/wp-json\/wp\/v2\/pages"}],"about":[{"href":"https:\/\/osagreatadventure.com\/es\/wp-json\/wp\/v2\/types\/page"}],"author":[{"embeddable":true,"href":"https:\/\/osagreatadventure.com\/es\/wp-json\/wp\/v2\/users\/2"}],"replies":[{"embeddable":true,"href":"https:\/\/osagreatadventure.com\/es\/wp-json\/wp\/v2\/comments?post=8385"}],"version-history":[{"count":8,"href":"https:\/\/osagreatadventure.com\/es\/wp-json\/wp\/v2\/pages\/8385\/revisions"}],"predecessor-version":[{"id":14093,"href":"https:\/\/osagreatadventure.com\/es\/wp-json\/wp\/v2\/pages\/8385\/revisions\/14093"}],"wp:attachment":[{"href":"https:\/\/osagreatadventure.com\/es\/wp-json\/wp\/v2\/media?parent=8385"}],"curies":[{"name":"wp","href":"https:\/\/api.w.org\/{rel}","templated":true}]}}