{"id":12872,"date":"2023-04-10T05:36:54","date_gmt":"2023-04-10T11:36:54","guid":{"rendered":"https:\/\/osagreatadventure.com\/politique-de-cookies"},"modified":"2024-03-21T05:38:19","modified_gmt":"2024-03-21T11:38:19","slug":"politique-de-cookies","status":"publish","type":"page","link":"https:\/\/osagreatadventure.com\/fr\/politique-de-cookies","title":{"rendered":"Politique de cookies"},"content":{"rendered":"\t\t<div data-elementor-type=\"wp-page\" data-elementor-id=\"12872\" class=\"elementor elementor-12872 elementor-11274\" data-elementor-post-type=\"page\">\n\t\t\t\t<div class=\"elementor-element elementor-element-c164584 e-flex e-con-boxed e-con e-parent\" data-id=\"c164584\" data-element_type=\"container\" data-e-type=\"container\">\n\t\t\t\t\t<div class=\"e-con-inner\">\n\t\t\t\t<div class=\"elementor-element elementor-element-6f5cad2 elementor-widget elementor-widget-heading\" data-id=\"6f5cad2\" data-element_type=\"widget\" data-e-type=\"widget\" data-widget_type=\"heading.default\">\n\t\t\t\t<div class=\"elementor-widget-container\">\n\t\t\t\t\t<h2 class=\"elementor-heading-title elementor-size-default\">Avis sur les cookies<\/h2>\t\t\t\t<\/div>\n\t\t\t\t<\/div>\n\t\t\t\t<div class=\"elementor-element elementor-element-b3ed604 elementor-widget elementor-widget-text-editor\" data-id=\"b3ed604\" data-element_type=\"widget\" data-e-type=\"widget\" data-widget_type=\"text-editor.default\">\n\t\t\t\t<div class=\"elementor-widget-container\">\n\t\t\t\t\t\t\t\t\t<p>Notre site Web utilise des cookies pour am\u00e9liorer votre exp\u00e9rience et analyser le trafic du site Web. Nous pouvons \u00e9galement partager des informations sur votre utilisation de notre site avec nos partenaires d&rsquo;analyse et de publicit\u00e9. En continuant \u00e0 utiliser notre site Web, vous consentez \u00e0 l&rsquo;utilisation de ces cookies.<\/p>\n<p>Que sont les cookies ?<\/p>\n<p>Les cookies sont de petits fichiers texte qui sont plac\u00e9s sur votre appareil lorsque vous visitez un site Web. Ils sont utilis\u00e9s pour m\u00e9moriser les pr\u00e9f\u00e9rences des utilisateurs, analyser le trafic du site Web et diffuser des publicit\u00e9s cibl\u00e9es.<\/p>\n<p>Types de cookies que nous utilisons :<\/p>\n<ul>\n<li>Cookies strictement n\u00e9cessaires : ces cookies sont indispensables au bon fonctionnement du site et ne peuvent pas \u00eatre d\u00e9sactiv\u00e9s. Ils ne sont g\u00e9n\u00e9ralement d\u00e9finis qu&rsquo;en r\u00e9ponse \u00e0 des actions que vous avez effectu\u00e9es, telles que la connexion ou le remplissage de formulaires.<\/li>\n<li>Cookies d&rsquo;analyse : ces cookies nous permettent d&rsquo;analyser le trafic et l&rsquo;utilisation du site Web afin d&rsquo;am\u00e9liorer le site Web et l&rsquo;exp\u00e9rience utilisateur.<\/li>\n<li>Cookies publicitaires : ces cookies sont utilis\u00e9s pour diffuser des publicit\u00e9s cibl\u00e9es en fonction de votre historique de navigation et de vos centres d&rsquo;int\u00e9r\u00eat.<\/li>\n<\/ul>\n<p>Comment g\u00e9rer les cookies :<\/p>\n<p>Vous pouvez g\u00e9rer ou d\u00e9sactiver les cookies en ajustant les param\u00e8tres de votre navigateur. Veuillez noter que la d\u00e9sactivation des cookies peut affecter la fonctionnalit\u00e9 de notre site Web.<\/p>\n\t\t\t\t\t\t\t\t<\/div>\n\t\t\t\t<\/div>\n\t\t\t\t\t<\/div>\n\t\t\t\t<\/div>\n\t\t\t\t<\/div>\n\t\t","protected":false},"excerpt":{"rendered":"<p>Avis sur les cookies Notre site Web utilise des cookies pour am\u00e9liorer votre exp\u00e9rience et analyser le trafic du site Web. Nous pouvons \u00e9galement partager des informations sur votre utilisation de notre site avec nos partenaires d&rsquo;analyse et de publicit\u00e9. En continuant \u00e0 utiliser notre site Web, vous consentez \u00e0 l&rsquo;utilisation de ces cookies. Que [&hellip;]<\/p>\n","protected":false},"author":2,"featured_media":0,"parent":0,"menu_order":0,"comment_status":"closed","ping_status":"closed","template":"elementor_header_footer","meta":{"footnotes":""},"class_list":["post-12872","page","type-page","status-publish","hentry"],"yoast_head":"<!-- This site is optimized with the Yoast SEO plugin v26.9 - https:\/\/yoast.com\/product\/yoast-seo-wordpress\/ -->\n<title>Politique de cookies | Osa Great Adventure<\/title>\n<meta name=\"description\" content=\"Avis sur les cookies Notre site Web utilise des cookies pour am\u00e9liorer votre exp\u00e9rience et analyser le trafic du site Web. Nous pouvons \u00e9galement partager\" \/>\n<meta name=\"robots\" content=\"index, follow, max-snippet:-1, max-image-preview:large, max-video-preview:-1\" \/>\n<link rel=\"canonical\" href=\"https:\/\/osagreatadventure.com\/fr\/politique-de-cookies\" \/>\n<meta property=\"og:locale\" content=\"fr_FR\" \/>\n<meta property=\"og:type\" content=\"article\" \/>\n<meta property=\"og:title\" content=\"Politique de cookies | Osa Great Adventure\" \/>\n<meta property=\"og:description\" content=\"Avis sur les cookies Notre site Web utilise des cookies pour am\u00e9liorer votre exp\u00e9rience et analyser le trafic du site Web. Nous pouvons \u00e9galement partager\" \/>\n<meta property=\"og:url\" content=\"https:\/\/osagreatadventure.com\/fr\/politique-de-cookies\" \/>\n<meta property=\"og:site_name\" content=\"Osa Great Adventure\" \/>\n<meta property=\"article:publisher\" content=\"https:\/\/www.facebook.com\/OsaGreatAdventure\/\" \/>\n<meta property=\"article:modified_time\" content=\"2024-03-21T11:38:19+00:00\" \/>\n<meta name=\"twitter:label1\" content=\"Dur\u00e9e de lecture estim\u00e9e\" \/>\n\t<meta name=\"twitter:data1\" content=\"1 minute\" \/>\n<script type=\"application\/ld+json\" class=\"yoast-schema-graph\">{\"@context\":\"https:\/\/schema.org\",\"@graph\":[{\"@type\":\"WebPage\",\"@id\":\"https:\/\/osagreatadventure.com\/fr\/politique-de-cookies\",\"url\":\"https:\/\/osagreatadventure.com\/fr\/politique-de-cookies\",\"name\":\"Politique de cookies | Osa Great Adventure\",\"isPartOf\":{\"@id\":\"https:\/\/osagreatadventure.com\/fr#website\"},\"datePublished\":\"2023-04-10T11:36:54+00:00\",\"dateModified\":\"2024-03-21T11:38:19+00:00\",\"description\":\"Avis sur les cookies Notre site Web utilise des cookies pour am\u00e9liorer votre exp\u00e9rience et analyser le trafic du site Web. Nous pouvons \u00e9galement partager\",\"breadcrumb\":{\"@id\":\"https:\/\/osagreatadventure.com\/fr\/politique-de-cookies#breadcrumb\"},\"inLanguage\":\"fr-FR\",\"potentialAction\":[{\"@type\":\"ReadAction\",\"target\":[\"https:\/\/osagreatadventure.com\/fr\/politique-de-cookies\"]}]},{\"@type\":\"BreadcrumbList\",\"@id\":\"https:\/\/osagreatadventure.com\/fr\/politique-de-cookies#breadcrumb\",\"itemListElement\":[{\"@type\":\"ListItem\",\"position\":1,\"name\":\"Home\",\"item\":\"https:\/\/osagreatadventure.com\/fr\"},{\"@type\":\"ListItem\",\"position\":2,\"name\":\"Politique de cookies\"}]},{\"@type\":\"WebSite\",\"@id\":\"https:\/\/osagreatadventure.com\/fr#website\",\"url\":\"https:\/\/osagreatadventure.com\/fr\",\"name\":\"Osa Great Adventure\",\"description\":\"Wildlife Observation Experts\",\"publisher\":{\"@id\":\"https:\/\/osagreatadventure.com\/fr#organization\"},\"potentialAction\":[{\"@type\":\"SearchAction\",\"target\":{\"@type\":\"EntryPoint\",\"urlTemplate\":\"https:\/\/osagreatadventure.com\/fr?s={search_term_string}\"},\"query-input\":{\"@type\":\"PropertyValueSpecification\",\"valueRequired\":true,\"valueName\":\"search_term_string\"}}],\"inLanguage\":\"fr-FR\"},{\"@type\":\"Organization\",\"@id\":\"https:\/\/osagreatadventure.com\/fr#organization\",\"name\":\"Osa Great Adventure\",\"url\":\"https:\/\/osagreatadventure.com\/fr\",\"logo\":{\"@type\":\"ImageObject\",\"inLanguage\":\"fr-FR\",\"@id\":\"https:\/\/osagreatadventure.com\/fr#\/schema\/logo\/image\/\",\"url\":\"https:\/\/osagreatadventure.com\/wp-content\/uploads\/2018\/04\/logo-osa-great-adventure-1.png\",\"contentUrl\":\"https:\/\/osagreatadventure.com\/wp-content\/uploads\/2018\/04\/logo-osa-great-adventure-1.png\",\"width\":153,\"height\":151,\"caption\":\"Osa Great Adventure\"},\"image\":{\"@id\":\"https:\/\/osagreatadventure.com\/fr#\/schema\/logo\/image\/\"},\"sameAs\":[\"https:\/\/www.facebook.com\/OsaGreatAdventure\/\",\"https:\/\/x.com\/osa84488724\",\"https:\/\/www.instagram.com\/osa_great_adventure\/\",\"https:\/\/www.linkedin.com\/in\/osa-great-adventure-8624a964\/\",\"https:\/\/www.pinterest.es\/osagreatadventu\/\",\"https:\/\/www.youtube.com\/channel\/UC7AEPnai7kjfdj8JPVn7w-g?view_as=subscriber\"]}]}<\/script>\n<!-- \/ Yoast SEO plugin. -->","yoast_head_json":{"title":"Politique de cookies | Osa Great Adventure","description":"Avis sur les cookies Notre site Web utilise des cookies pour am\u00e9liorer votre exp\u00e9rience et analyser le trafic du site Web. Nous pouvons \u00e9galement partager","robots":{"index":"index","follow":"follow","max-snippet":"max-snippet:-1","max-image-preview":"max-image-preview:large","max-video-preview":"max-video-preview:-1"},"canonical":"https:\/\/osagreatadventure.com\/fr\/politique-de-cookies","og_locale":"fr_FR","og_type":"article","og_title":"Politique de cookies | Osa Great Adventure","og_description":"Avis sur les cookies Notre site Web utilise des cookies pour am\u00e9liorer votre exp\u00e9rience et analyser le trafic du site Web. Nous pouvons \u00e9galement partager","og_url":"https:\/\/osagreatadventure.com\/fr\/politique-de-cookies","og_site_name":"Osa Great Adventure","article_publisher":"https:\/\/www.facebook.com\/OsaGreatAdventure\/","article_modified_time":"2024-03-21T11:38:19+00:00","twitter_misc":{"Dur\u00e9e de lecture estim\u00e9e":"1 minute"},"schema":{"@context":"https:\/\/schema.org","@graph":[{"@type":"WebPage","@id":"https:\/\/osagreatadventure.com\/fr\/politique-de-cookies","url":"https:\/\/osagreatadventure.com\/fr\/politique-de-cookies","name":"Politique de cookies | Osa Great Adventure","isPartOf":{"@id":"https:\/\/osagreatadventure.com\/fr#website"},"datePublished":"2023-04-10T11:36:54+00:00","dateModified":"2024-03-21T11:38:19+00:00","description":"Avis sur les cookies Notre site Web utilise des cookies pour am\u00e9liorer votre exp\u00e9rience et analyser le trafic du site Web. Nous pouvons \u00e9galement partager","breadcrumb":{"@id":"https:\/\/osagreatadventure.com\/fr\/politique-de-cookies#breadcrumb"},"inLanguage":"fr-FR","potentialAction":[{"@type":"ReadAction","target":["https:\/\/osagreatadventure.com\/fr\/politique-de-cookies"]}]},{"@type":"BreadcrumbList","@id":"https:\/\/osagreatadventure.com\/fr\/politique-de-cookies#breadcrumb","itemListElement":[{"@type":"ListItem","position":1,"name":"Home","item":"https:\/\/osagreatadventure.com\/fr"},{"@type":"ListItem","position":2,"name":"Politique de cookies"}]},{"@type":"WebSite","@id":"https:\/\/osagreatadventure.com\/fr#website","url":"https:\/\/osagreatadventure.com\/fr","name":"Osa Great Adventure","description":"Wildlife Observation Experts","publisher":{"@id":"https:\/\/osagreatadventure.com\/fr#organization"},"potentialAction":[{"@type":"SearchAction","target":{"@type":"EntryPoint","urlTemplate":"https:\/\/osagreatadventure.com\/fr?s={search_term_string}"},"query-input":{"@type":"PropertyValueSpecification","valueRequired":true,"valueName":"search_term_string"}}],"inLanguage":"fr-FR"},{"@type":"Organization","@id":"https:\/\/osagreatadventure.com\/fr#organization","name":"Osa Great Adventure","url":"https:\/\/osagreatadventure.com\/fr","logo":{"@type":"ImageObject","inLanguage":"fr-FR","@id":"https:\/\/osagreatadventure.com\/fr#\/schema\/logo\/image\/","url":"https:\/\/osagreatadventure.com\/wp-content\/uploads\/2018\/04\/logo-osa-great-adventure-1.png","contentUrl":"https:\/\/osagreatadventure.com\/wp-content\/uploads\/2018\/04\/logo-osa-great-adventure-1.png","width":153,"height":151,"caption":"Osa Great Adventure"},"image":{"@id":"https:\/\/osagreatadventure.com\/fr#\/schema\/logo\/image\/"},"sameAs":["https:\/\/www.facebook.com\/OsaGreatAdventure\/","https:\/\/x.com\/osa84488724","https:\/\/www.instagram.com\/osa_great_adventure\/","https:\/\/www.linkedin.com\/in\/osa-great-adventure-8624a964\/","https:\/\/www.pinterest.es\/osagreatadventu\/","https:\/\/www.youtube.com\/channel\/UC7AEPnai7kjfdj8JPVn7w-g?view_as=subscriber"]}]}},"_links":{"self":[{"href":"https:\/\/osagreatadventure.com\/fr\/wp-json\/wp\/v2\/pages\/12872","targetHints":{"allow":["GET"]}}],"collection":[{"href":"https:\/\/osagreatadventure.com\/fr\/wp-json\/wp\/v2\/pages"}],"about":[{"href":"https:\/\/osagreatadventure.com\/fr\/wp-json\/wp\/v2\/types\/page"}],"author":[{"embeddable":true,"href":"https:\/\/osagreatadventure.com\/fr\/wp-json\/wp\/v2\/users\/2"}],"replies":[{"embeddable":true,"href":"https:\/\/osagreatadventure.com\/fr\/wp-json\/wp\/v2\/comments?post=12872"}],"version-history":[{"count":2,"href":"https:\/\/osagreatadventure.com\/fr\/wp-json\/wp\/v2\/pages\/12872\/revisions"}],"predecessor-version":[{"id":12927,"href":"https:\/\/osagreatadventure.com\/fr\/wp-json\/wp\/v2\/pages\/12872\/revisions\/12927"}],"wp:attachment":[{"href":"https:\/\/osagreatadventure.com\/fr\/wp-json\/wp\/v2\/media?parent=12872"}],"curies":[{"name":"wp","href":"https:\/\/api.w.org\/{rel}","templated":true}]}}