{"id":12876,"date":"2023-04-10T06:01:32","date_gmt":"2023-04-10T12:01:32","guid":{"rendered":"https:\/\/osagreatadventure.com\/blog-du-guide-de-voyage-du-costa-rica"},"modified":"2024-03-17T22:48:37","modified_gmt":"2024-03-18T04:48:37","slug":"blog-du-guide-de-voyage-du-costa-rica","status":"publish","type":"page","link":"https:\/\/osagreatadventure.com\/fr\/blog-du-guide-de-voyage-du-costa-rica","title":{"rendered":"Blog du guide de voyage du Costa Rica"},"content":{"rendered":"\t\t<div data-elementor-type=\"wp-page\" data-elementor-id=\"12876\" class=\"elementor elementor-12876 elementor-7032\" data-elementor-post-type=\"page\">\n\t\t\t\t<div class=\"elementor-element elementor-element-bcf31d6 e-flex e-con-boxed e-con e-parent\" data-id=\"bcf31d6\" data-element_type=\"container\" data-e-type=\"container\">\n\t\t\t\t\t<div class=\"e-con-inner\">\n\t\t\t\t<div class=\"elementor-element elementor-element-a09a9f4 elementor-search-form--skin-classic elementor-search-form--button-type-icon elementor-search-form--icon-search elementor-widget elementor-widget-search-form\" data-id=\"a09a9f4\" data-element_type=\"widget\" data-e-type=\"widget\" data-settings=\"{&quot;skin&quot;:&quot;classic&quot;}\" data-widget_type=\"search-form.default\">\n\t\t\t\t<div class=\"elementor-widget-container\">\n\t\t\t\t\t\t\t<search role=\"search\">\n\t\t\t<form class=\"elementor-search-form\" action=\"https:\/\/osagreatadventure.com\/fr\" method=\"get\">\n\t\t\t\t\t\t\t\t\t\t\t\t<div class=\"elementor-search-form__container\">\n\t\t\t\t\t<label class=\"elementor-screen-only\" for=\"elementor-search-form-a09a9f4\">Rechercher <\/label>\n\n\t\t\t\t\t\n\t\t\t\t\t<input id=\"elementor-search-form-a09a9f4\" placeholder=\"Recherche...\" class=\"elementor-search-form__input\" type=\"search\" name=\"s\" value=\"\">\n\t\t\t\t\t<input type='hidden' name='lang' value='fr' \/>\n\t\t\t\t\t\t\t\t\t\t\t<button class=\"elementor-search-form__submit\" type=\"submit\" aria-label=\"Rechercher \">\n\t\t\t\t\t\t\t\t\t\t\t\t\t\t\t<div class=\"e-font-icon-svg-container\"><svg class=\"fa fa-search e-font-icon-svg e-fas-search\" viewBox=\"0 0 512 512\" xmlns=\"http:\/\/www.w3.org\/2000\/svg\"><path d=\"M505 442.7L405.3 343c-4.5-4.5-10.6-7-17-7H372c27.6-35.3 44-79.7 44-128C416 93.1 322.9 0 208 0S0 93.1 0 208s93.1 208 208 208c48.3 0 92.7-16.4 128-44v16.3c0 6.4 2.5 12.5 7 17l99.7 99.7c9.4 9.4 24.6 9.4 33.9 0l28.3-28.3c9.4-9.4 9.4-24.6.1-34zM208 336c-70.7 0-128-57.2-128-128 0-70.7 57.2-128 128-128 70.7 0 128 57.2 128 128 0 70.7-57.2 128-128 128z\"><\/path><\/svg><\/div>\t\t\t\t\t\t\t\t\t\t\t\t\t<\/button>\n\t\t\t\t\t\n\t\t\t\t\t\t\t\t\t<\/div>\n\t\t\t<\/form>\n\t\t<\/search>\n\t\t\t\t\t\t<\/div>\n\t\t\t\t<\/div>\n\t\t\t\t\t<\/div>\n\t\t\t\t<\/div>\n\t\t\t\t<section class=\"elementor-section elementor-top-section elementor-element elementor-element-c453d2a elementor-section-boxed elementor-section-height-default elementor-section-height-default\" data-id=\"c453d2a\" data-element_type=\"section\" data-e-type=\"section\">\n\t\t\t\t\t\t<div class=\"elementor-container elementor-column-gap-default\">\n\t\t\t\t\t<div class=\"elementor-column elementor-col-100 elementor-top-column elementor-element elementor-element-d889b50\" data-id=\"d889b50\" data-element_type=\"column\" data-e-type=\"column\">\n\t\t\t<div class=\"elementor-widget-wrap elementor-element-populated\">\n\t\t\t\t\t\t<div class=\"elementor-element elementor-element-636070f elementor-grid-4 elementor-grid-tablet-2 elementor-grid-mobile-1 elementor-posts--thumbnail-top elementor-card-shadow-yes elementor-posts__hover-gradient elementor-widget elementor-widget-posts\" data-id=\"636070f\" data-element_type=\"widget\" data-e-type=\"widget\" data-settings=\"{&quot;cards_columns&quot;:&quot;4&quot;,&quot;cards_columns_tablet&quot;:&quot;2&quot;,&quot;cards_columns_mobile&quot;:&quot;1&quot;,&quot;cards_row_gap&quot;:{&quot;unit&quot;:&quot;px&quot;,&quot;size&quot;:35,&quot;sizes&quot;:[]},&quot;cards_row_gap_tablet&quot;:{&quot;unit&quot;:&quot;px&quot;,&quot;size&quot;:&quot;&quot;,&quot;sizes&quot;:[]},&quot;cards_row_gap_mobile&quot;:{&quot;unit&quot;:&quot;px&quot;,&quot;size&quot;:&quot;&quot;,&quot;sizes&quot;:[]}}\" data-widget_type=\"posts.cards\">\n\t\t\t\t<div class=\"elementor-widget-container\">\n\t\t\t\t\t\t\t<div class=\"elementor-posts-container elementor-posts elementor-posts--skin-cards elementor-grid\" role=\"list\">\n\t\t\t\t<article class=\"elementor-post elementor-grid-item post-12977 post type-post status-publish format-standard has-post-thumbnail hentry category-blog-fr\" role=\"listitem\">\n\t\t\t<div class=\"elementor-post__card\">\n\t\t\t\t<a class=\"elementor-post__thumbnail__link\" href=\"https:\/\/osagreatadventure.com\/fr\/blog-fr\/attaques-de-pumas-dans-le-parc-national-du-corcovado-costa-rica\" tabindex=\"-1\" ><div class=\"elementor-post__thumbnail\"><img decoding=\"async\" width=\"300\" height=\"165\" src=\"https:\/\/osagreatadventure.com\/wp-content\/uploads\/2021\/05\/puma-attack-in-Corcovado-Costa-Rica-300x165.jpeg\" class=\"attachment-medium size-medium wp-image-12725\" alt=\"\" srcset=\"https:\/\/osagreatadventure.com\/wp-content\/uploads\/2021\/05\/puma-attack-in-Corcovado-Costa-Rica-300x165.jpeg 300w, https:\/\/osagreatadventure.com\/wp-content\/uploads\/2021\/05\/puma-attack-in-Corcovado-Costa-Rica.jpeg 640w\" sizes=\"(max-width: 300px) 100vw, 300px\" \/><\/div><\/a>\n\t\t\t\t<div class=\"elementor-post__badge\">Blog<\/div>\n\t\t\t\t<div class=\"elementor-post__text\">\n\t\t\t\t<h1 class=\"elementor-post__title\">\n\t\t\t<a href=\"https:\/\/osagreatadventure.com\/fr\/blog-fr\/attaques-de-pumas-dans-le-parc-national-du-corcovado-costa-rica\" >\n\t\t\t\tAttaques de pumas dans le parc national du Corcovado, Costa Rica\t\t\t<\/a>\n\t\t<\/h1>\n\t\t\t\t<div class=\"elementor-post__excerpt\">\n\t\t\t<p>M\u00eame si les attaques de puma ont \u00e9t\u00e9 tr\u00e8s rarement document\u00e9es dans le parc national du Corcovado, certains cas se sont produits ces derni\u00e8res ann\u00e9es. Nous parlerons de la possibilit\u00e9 et de la mani\u00e8re de se comporter lors d&rsquo;une rencontre avec un puma.<\/p>\n\t\t<\/div>\n\t\t\n\t\t<a class=\"elementor-post__read-more\" href=\"https:\/\/osagreatadventure.com\/fr\/blog-fr\/attaques-de-pumas-dans-le-parc-national-du-corcovado-costa-rica\" aria-label=\"En savoir plus sur Attaques de pumas dans le parc national du Corcovado, Costa Rica\" tabindex=\"-1\" >\n\t\t\tLire plus \u00bb\t\t<\/a>\n\n\t\t\t\t<\/div>\n\t\t\t\t<div class=\"elementor-post__meta-data\">\n\t\t\t\t\t<span class=\"elementor-post-author\">\n\t\t\tAllan Guevara.\t\t<\/span>\n\t\t\t\t<span class=\"elementor-post-date\">\n\t\t\t12 avril, 2023\t\t<\/span>\n\t\t\t\t<\/div>\n\t\t\t\t\t<\/div>\n\t\t<\/article>\n\t\t\t\t<article class=\"elementor-post elementor-grid-item post-12975 post type-post status-publish format-standard has-post-thumbnail hentry category-blog-fr\" role=\"listitem\">\n\t\t\t<div class=\"elementor-post__card\">\n\t\t\t\t<a class=\"elementor-post__thumbnail__link\" href=\"https:\/\/osagreatadventure.com\/fr\/blog-fr\/maladies-transmises-par-les-tiques-au-costa-rica\" tabindex=\"-1\" ><div class=\"elementor-post__thumbnail\"><img fetchpriority=\"high\" decoding=\"async\" width=\"300\" height=\"300\" src=\"https:\/\/osagreatadventure.com\/wp-content\/uploads\/2021\/05\/Lyme-born-desieses-in-Costa-Rica-1-300x300.png\" class=\"attachment-medium size-medium wp-image-12727\" alt=\"\" srcset=\"https:\/\/osagreatadventure.com\/wp-content\/uploads\/2021\/05\/Lyme-born-desieses-in-Costa-Rica-1-300x300.png 300w, https:\/\/osagreatadventure.com\/wp-content\/uploads\/2021\/05\/Lyme-born-desieses-in-Costa-Rica-1-1024x1024.png 1024w, https:\/\/osagreatadventure.com\/wp-content\/uploads\/2021\/05\/Lyme-born-desieses-in-Costa-Rica-1-150x150.png 150w, https:\/\/osagreatadventure.com\/wp-content\/uploads\/2021\/05\/Lyme-born-desieses-in-Costa-Rica-1-768x768.png 768w, https:\/\/osagreatadventure.com\/wp-content\/uploads\/2021\/05\/Lyme-born-desieses-in-Costa-Rica-1.png 1080w\" sizes=\"(max-width: 300px) 100vw, 300px\" \/><\/div><\/a>\n\t\t\t\t<div class=\"elementor-post__badge\">Blog<\/div>\n\t\t\t\t<div class=\"elementor-post__text\">\n\t\t\t\t<h1 class=\"elementor-post__title\">\n\t\t\t<a href=\"https:\/\/osagreatadventure.com\/fr\/blog-fr\/maladies-transmises-par-les-tiques-au-costa-rica\" >\n\t\t\t\tMaladies transmises par les tiques au Costa Rica\t\t\t<\/a>\n\t\t<\/h1>\n\t\t\t\t<div class=\"elementor-post__excerpt\">\n\t\t\t<p>Les maladies transmises par les tiques au Costa Rica sont un sujet qui est g\u00e9n\u00e9ralement abord\u00e9 par les voyageurs qui d\u00e9couvrent qu&rsquo;ils en ont contract\u00e9 une lors d&rsquo;une promenade dans la nature. J&rsquo;ai ici des informations utiles sur ce sujet sp\u00e9cifique.<\/p>\n\t\t<\/div>\n\t\t\n\t\t<a class=\"elementor-post__read-more\" href=\"https:\/\/osagreatadventure.com\/fr\/blog-fr\/maladies-transmises-par-les-tiques-au-costa-rica\" aria-label=\"En savoir plus sur Maladies transmises par les tiques au Costa Rica\" tabindex=\"-1\" >\n\t\t\tLire plus \u00bb\t\t<\/a>\n\n\t\t\t\t<\/div>\n\t\t\t\t<div class=\"elementor-post__meta-data\">\n\t\t\t\t\t<span class=\"elementor-post-author\">\n\t\t\tAllan Guevara.\t\t<\/span>\n\t\t\t\t<span class=\"elementor-post-date\">\n\t\t\t12 avril, 2023\t\t<\/span>\n\t\t\t\t<\/div>\n\t\t\t\t\t<\/div>\n\t\t<\/article>\n\t\t\t\t<article class=\"elementor-post elementor-grid-item post-12973 post type-post status-publish format-standard has-post-thumbnail hentry category-blog-fr\" role=\"listitem\">\n\t\t\t<div class=\"elementor-post__card\">\n\t\t\t\t<a class=\"elementor-post__thumbnail__link\" href=\"https:\/\/osagreatadventure.com\/fr\/blog-fr\/liste-des-articles-a-apporter-au-costa-rica-pour-vos-vacances-pdf\" tabindex=\"-1\" ><div class=\"elementor-post__thumbnail\"><img decoding=\"async\" width=\"300\" height=\"169\" src=\"https:\/\/osagreatadventure.com\/wp-content\/uploads\/2021\/06\/Items-List-of-things-you-must-bring-to-Costa-Rica-300x169.png\" class=\"attachment-medium size-medium wp-image-12730\" alt=\"\" srcset=\"https:\/\/osagreatadventure.com\/wp-content\/uploads\/2021\/06\/Items-List-of-things-you-must-bring-to-Costa-Rica-300x169.png 300w, https:\/\/osagreatadventure.com\/wp-content\/uploads\/2021\/06\/Items-List-of-things-you-must-bring-to-Costa-Rica.png 400w\" sizes=\"(max-width: 300px) 100vw, 300px\" \/><\/div><\/a>\n\t\t\t\t<div class=\"elementor-post__badge\">Blog<\/div>\n\t\t\t\t<div class=\"elementor-post__text\">\n\t\t\t\t<h1 class=\"elementor-post__title\">\n\t\t\t<a href=\"https:\/\/osagreatadventure.com\/fr\/blog-fr\/liste-des-articles-a-apporter-au-costa-rica-pour-vos-vacances-pdf\" >\n\t\t\t\tListe des articles \u00e0 apporter au Costa Rica pour vos vacances PDF\t\t\t<\/a>\n\t\t<\/h1>\n\t\t\t\t<div class=\"elementor-post__excerpt\">\n\t\t\t<p>Il est tout \u00e0 fait compr\u00e9hensible que lorsqu&rsquo;on pense au Costa Rica comme prochaine destination pour passer des vacances, on ne pense qu&rsquo;au soleil, aux plages, aux animaux et \u00e0 l&rsquo;aventure, mais on ignore le fait que dans certains endroits, il peut faire froid, boueux ou pluvieux.<br \/>\nVous pouvez d\u00e9cider quel article pourrait \u00eatre utile \u00e0 ajouter \u00e0 vos bagages.<\/p>\n\t\t<\/div>\n\t\t\n\t\t<a class=\"elementor-post__read-more\" href=\"https:\/\/osagreatadventure.com\/fr\/blog-fr\/liste-des-articles-a-apporter-au-costa-rica-pour-vos-vacances-pdf\" aria-label=\"En savoir plus sur Liste des articles \u00e0 apporter au Costa Rica pour vos vacances PDF\" tabindex=\"-1\" >\n\t\t\tLire plus \u00bb\t\t<\/a>\n\n\t\t\t\t<\/div>\n\t\t\t\t<div class=\"elementor-post__meta-data\">\n\t\t\t\t\t<span class=\"elementor-post-author\">\n\t\t\tAllan Guevara.\t\t<\/span>\n\t\t\t\t<span class=\"elementor-post-date\">\n\t\t\t12 avril, 2023\t\t<\/span>\n\t\t\t\t<\/div>\n\t\t\t\t\t<\/div>\n\t\t<\/article>\n\t\t\t\t<\/div>\n\t\t\n\t\t\t\t\t\t<\/div>\n\t\t\t\t<\/div>\n\t\t\t\t\t<\/div>\n\t\t<\/div>\n\t\t\t\t\t<\/div>\n\t\t<\/section>\n\t\t\t\t<\/div>\n\t\t","protected":false},"excerpt":{"rendered":"","protected":false},"author":2,"featured_media":0,"parent":0,"menu_order":0,"comment_status":"closed","ping_status":"closed","template":"elementor_header_footer","meta":{"footnotes":""},"class_list":["post-12876","page","type-page","status-publish","hentry"],"yoast_head":"<!-- This site is optimized with the Yoast SEO plugin v26.9 - https:\/\/yoast.com\/product\/yoast-seo-wordpress\/ -->\n<title>Blog du guide de voyage du Costa Rica | Osa Great Adventure<\/title>\n<meta name=\"robots\" content=\"index, follow, max-snippet:-1, max-image-preview:large, max-video-preview:-1\" \/>\n<link rel=\"canonical\" href=\"https:\/\/osagreatadventure.com\/fr\/blog-du-guide-de-voyage-du-costa-rica\" \/>\n<meta property=\"og:locale\" content=\"fr_FR\" \/>\n<meta property=\"og:type\" content=\"article\" \/>\n<meta property=\"og:title\" content=\"Blog du guide de voyage du Costa Rica | Osa Great Adventure\" \/>\n<meta property=\"og:url\" content=\"https:\/\/osagreatadventure.com\/fr\/blog-du-guide-de-voyage-du-costa-rica\" \/>\n<meta property=\"og:site_name\" content=\"Osa Great Adventure\" \/>\n<meta property=\"article:publisher\" content=\"https:\/\/www.facebook.com\/OsaGreatAdventure\/\" \/>\n<meta property=\"article:modified_time\" content=\"2024-03-18T04:48:37+00:00\" \/>\n<script type=\"application\/ld+json\" class=\"yoast-schema-graph\">{\"@context\":\"https:\/\/schema.org\",\"@graph\":[{\"@type\":\"WebPage\",\"@id\":\"https:\/\/osagreatadventure.com\/fr\/blog-du-guide-de-voyage-du-costa-rica\",\"url\":\"https:\/\/osagreatadventure.com\/fr\/blog-du-guide-de-voyage-du-costa-rica\",\"name\":\"Blog du guide de voyage du Costa Rica | Osa Great Adventure\",\"isPartOf\":{\"@id\":\"https:\/\/osagreatadventure.com\/fr#website\"},\"datePublished\":\"2023-04-10T12:01:32+00:00\",\"dateModified\":\"2024-03-18T04:48:37+00:00\",\"breadcrumb\":{\"@id\":\"https:\/\/osagreatadventure.com\/fr\/blog-du-guide-de-voyage-du-costa-rica#breadcrumb\"},\"inLanguage\":\"fr-FR\",\"potentialAction\":[{\"@type\":\"ReadAction\",\"target\":[\"https:\/\/osagreatadventure.com\/fr\/blog-du-guide-de-voyage-du-costa-rica\"]}]},{\"@type\":\"BreadcrumbList\",\"@id\":\"https:\/\/osagreatadventure.com\/fr\/blog-du-guide-de-voyage-du-costa-rica#breadcrumb\",\"itemListElement\":[{\"@type\":\"ListItem\",\"position\":1,\"name\":\"Home\",\"item\":\"https:\/\/osagreatadventure.com\/fr\"},{\"@type\":\"ListItem\",\"position\":2,\"name\":\"Blog du guide de voyage du Costa Rica\"}]},{\"@type\":\"WebSite\",\"@id\":\"https:\/\/osagreatadventure.com\/fr#website\",\"url\":\"https:\/\/osagreatadventure.com\/fr\",\"name\":\"Osa Great Adventure\",\"description\":\"Wildlife Observation Experts\",\"publisher\":{\"@id\":\"https:\/\/osagreatadventure.com\/fr#organization\"},\"potentialAction\":[{\"@type\":\"SearchAction\",\"target\":{\"@type\":\"EntryPoint\",\"urlTemplate\":\"https:\/\/osagreatadventure.com\/fr?s={search_term_string}\"},\"query-input\":{\"@type\":\"PropertyValueSpecification\",\"valueRequired\":true,\"valueName\":\"search_term_string\"}}],\"inLanguage\":\"fr-FR\"},{\"@type\":\"Organization\",\"@id\":\"https:\/\/osagreatadventure.com\/fr#organization\",\"name\":\"Osa Great Adventure\",\"url\":\"https:\/\/osagreatadventure.com\/fr\",\"logo\":{\"@type\":\"ImageObject\",\"inLanguage\":\"fr-FR\",\"@id\":\"https:\/\/osagreatadventure.com\/fr#\/schema\/logo\/image\/\",\"url\":\"https:\/\/osagreatadventure.com\/wp-content\/uploads\/2018\/04\/logo-osa-great-adventure-1.png\",\"contentUrl\":\"https:\/\/osagreatadventure.com\/wp-content\/uploads\/2018\/04\/logo-osa-great-adventure-1.png\",\"width\":153,\"height\":151,\"caption\":\"Osa Great Adventure\"},\"image\":{\"@id\":\"https:\/\/osagreatadventure.com\/fr#\/schema\/logo\/image\/\"},\"sameAs\":[\"https:\/\/www.facebook.com\/OsaGreatAdventure\/\",\"https:\/\/x.com\/osa84488724\",\"https:\/\/www.instagram.com\/osa_great_adventure\/\",\"https:\/\/www.linkedin.com\/in\/osa-great-adventure-8624a964\/\",\"https:\/\/www.pinterest.es\/osagreatadventu\/\",\"https:\/\/www.youtube.com\/channel\/UC7AEPnai7kjfdj8JPVn7w-g?view_as=subscriber\"]}]}<\/script>\n<!-- \/ Yoast SEO plugin. -->","yoast_head_json":{"title":"Blog du guide de voyage du Costa Rica | Osa Great Adventure","robots":{"index":"index","follow":"follow","max-snippet":"max-snippet:-1","max-image-preview":"max-image-preview:large","max-video-preview":"max-video-preview:-1"},"canonical":"https:\/\/osagreatadventure.com\/fr\/blog-du-guide-de-voyage-du-costa-rica","og_locale":"fr_FR","og_type":"article","og_title":"Blog du guide de voyage du Costa Rica | Osa Great Adventure","og_url":"https:\/\/osagreatadventure.com\/fr\/blog-du-guide-de-voyage-du-costa-rica","og_site_name":"Osa Great Adventure","article_publisher":"https:\/\/www.facebook.com\/OsaGreatAdventure\/","article_modified_time":"2024-03-18T04:48:37+00:00","schema":{"@context":"https:\/\/schema.org","@graph":[{"@type":"WebPage","@id":"https:\/\/osagreatadventure.com\/fr\/blog-du-guide-de-voyage-du-costa-rica","url":"https:\/\/osagreatadventure.com\/fr\/blog-du-guide-de-voyage-du-costa-rica","name":"Blog du guide de voyage du Costa Rica | Osa Great Adventure","isPartOf":{"@id":"https:\/\/osagreatadventure.com\/fr#website"},"datePublished":"2023-04-10T12:01:32+00:00","dateModified":"2024-03-18T04:48:37+00:00","breadcrumb":{"@id":"https:\/\/osagreatadventure.com\/fr\/blog-du-guide-de-voyage-du-costa-rica#breadcrumb"},"inLanguage":"fr-FR","potentialAction":[{"@type":"ReadAction","target":["https:\/\/osagreatadventure.com\/fr\/blog-du-guide-de-voyage-du-costa-rica"]}]},{"@type":"BreadcrumbList","@id":"https:\/\/osagreatadventure.com\/fr\/blog-du-guide-de-voyage-du-costa-rica#breadcrumb","itemListElement":[{"@type":"ListItem","position":1,"name":"Home","item":"https:\/\/osagreatadventure.com\/fr"},{"@type":"ListItem","position":2,"name":"Blog du guide de voyage du Costa Rica"}]},{"@type":"WebSite","@id":"https:\/\/osagreatadventure.com\/fr#website","url":"https:\/\/osagreatadventure.com\/fr","name":"Osa Great Adventure","description":"Wildlife Observation Experts","publisher":{"@id":"https:\/\/osagreatadventure.com\/fr#organization"},"potentialAction":[{"@type":"SearchAction","target":{"@type":"EntryPoint","urlTemplate":"https:\/\/osagreatadventure.com\/fr?s={search_term_string}"},"query-input":{"@type":"PropertyValueSpecification","valueRequired":true,"valueName":"search_term_string"}}],"inLanguage":"fr-FR"},{"@type":"Organization","@id":"https:\/\/osagreatadventure.com\/fr#organization","name":"Osa Great Adventure","url":"https:\/\/osagreatadventure.com\/fr","logo":{"@type":"ImageObject","inLanguage":"fr-FR","@id":"https:\/\/osagreatadventure.com\/fr#\/schema\/logo\/image\/","url":"https:\/\/osagreatadventure.com\/wp-content\/uploads\/2018\/04\/logo-osa-great-adventure-1.png","contentUrl":"https:\/\/osagreatadventure.com\/wp-content\/uploads\/2018\/04\/logo-osa-great-adventure-1.png","width":153,"height":151,"caption":"Osa Great Adventure"},"image":{"@id":"https:\/\/osagreatadventure.com\/fr#\/schema\/logo\/image\/"},"sameAs":["https:\/\/www.facebook.com\/OsaGreatAdventure\/","https:\/\/x.com\/osa84488724","https:\/\/www.instagram.com\/osa_great_adventure\/","https:\/\/www.linkedin.com\/in\/osa-great-adventure-8624a964\/","https:\/\/www.pinterest.es\/osagreatadventu\/","https:\/\/www.youtube.com\/channel\/UC7AEPnai7kjfdj8JPVn7w-g?view_as=subscriber"]}]}},"_links":{"self":[{"href":"https:\/\/osagreatadventure.com\/fr\/wp-json\/wp\/v2\/pages\/12876","targetHints":{"allow":["GET"]}}],"collection":[{"href":"https:\/\/osagreatadventure.com\/fr\/wp-json\/wp\/v2\/pages"}],"about":[{"href":"https:\/\/osagreatadventure.com\/fr\/wp-json\/wp\/v2\/types\/page"}],"author":[{"embeddable":true,"href":"https:\/\/osagreatadventure.com\/fr\/wp-json\/wp\/v2\/users\/2"}],"replies":[{"embeddable":true,"href":"https:\/\/osagreatadventure.com\/fr\/wp-json\/wp\/v2\/comments?post=12876"}],"version-history":[{"count":1,"href":"https:\/\/osagreatadventure.com\/fr\/wp-json\/wp\/v2\/pages\/12876\/revisions"}],"predecessor-version":[{"id":12877,"href":"https:\/\/osagreatadventure.com\/fr\/wp-json\/wp\/v2\/pages\/12876\/revisions\/12877"}],"wp:attachment":[{"href":"https:\/\/osagreatadventure.com\/fr\/wp-json\/wp\/v2\/media?parent=12876"}],"curies":[{"name":"wp","href":"https:\/\/api.w.org\/{rel}","templated":true}]}}