{"id":12903,"date":"2023-04-11T03:08:38","date_gmt":"2023-04-11T09:08:38","guid":{"rendered":"https:\/\/osagreatadventure.com\/reservations"},"modified":"2024-07-28T16:15:02","modified_gmt":"2024-07-28T22:15:02","slug":"reservations","status":"publish","type":"page","link":"https:\/\/osagreatadventure.com\/fr\/reservations","title":{"rendered":"R\u00e9servations"},"content":{"rendered":"\t\t<div data-elementor-type=\"wp-post\" data-elementor-id=\"12903\" class=\"elementor elementor-12903 elementor-1864\" data-elementor-post-type=\"page\">\n\t\t\t\t<div class=\"elementor-element elementor-element-73f382d e-flex e-con-boxed e-con e-parent\" data-id=\"73f382d\" data-element_type=\"container\" data-e-type=\"container\">\n\t\t\t\t\t<div class=\"e-con-inner\">\n\t\t<div class=\"elementor-element elementor-element-a411348 e-con-full e-flex e-con e-child\" data-id=\"a411348\" data-element_type=\"container\" data-e-type=\"container\">\n\t\t\t\t<div class=\"elementor-element elementor-element-47e06a5 elementor-widget elementor-widget-heading\" data-id=\"47e06a5\" data-element_type=\"widget\" data-e-type=\"widget\" data-widget_type=\"heading.default\">\n\t\t\t\t<div class=\"elementor-widget-container\">\n\t\t\t\t\t<h2 class=\"elementor-heading-title elementor-size-default\">Nous sommes heureux de r\u00e9pondre \u00e0 vos questions.<\/h2>\t\t\t\t<\/div>\n\t\t\t\t<\/div>\n\t\t\t\t<div class=\"elementor-element elementor-element-6377af0 elementor-widget elementor-widget-heading\" data-id=\"6377af0\" data-element_type=\"widget\" data-e-type=\"widget\" data-widget_type=\"heading.default\">\n\t\t\t\t<div class=\"elementor-widget-container\">\n\t\t\t\t\t<div class=\"elementor-heading-title elementor-size-default\">Ne vous inqui\u00e9tez pas, nous utilisons vos informations uniquement pour fournir des d\u00e9tails et des informations sur nos services, et elles ne sont jamais transmises \u00e0 des tiers.<\/div>\t\t\t\t<\/div>\n\t\t\t\t<\/div>\n\t\t\t\t<\/div>\n\t\t\t\t\t<\/div>\n\t\t\t\t<\/div>\n\t\t<div class=\"elementor-element elementor-element-010466f e-flex e-con-boxed e-con e-parent\" data-id=\"010466f\" data-element_type=\"container\" data-e-type=\"container\">\n\t\t\t\t\t<div class=\"e-con-inner\">\n\t\t<div class=\"elementor-element elementor-element-87f89e3 e-flex e-con-boxed e-con e-child\" data-id=\"87f89e3\" data-element_type=\"container\" data-e-type=\"container\">\n\t\t\t\t\t<div class=\"e-con-inner\">\n\t\t\t\t<div class=\"elementor-element elementor-element-6f2822c elementor-button-align-stretch elementor-widget elementor-widget-form\" data-id=\"6f2822c\" data-element_type=\"widget\" data-e-type=\"widget\" data-settings=\"{&quot;step_next_label&quot;:&quot;Suivant&quot;,&quot;step_previous_label&quot;:&quot;Pr\\u00e9c\\u00e9dent&quot;,&quot;step_type&quot;:&quot;number_text&quot;,&quot;step_icon_shape&quot;:&quot;circle&quot;}\" data-widget_type=\"form.default\">\n\t\t\t\t<div class=\"elementor-widget-container\">\n\t\t\t\t\t\t\t<form class=\"elementor-form\" method=\"post\" name=\"New Form\" aria-label=\"New Form\">\n\t\t\t<input type=\"hidden\" name=\"post_id\" value=\"12903\"\/>\n\t\t\t<input type=\"hidden\" name=\"form_id\" value=\"6f2822c\"\/>\n\t\t\t<input type=\"hidden\" name=\"referer_title\" value=\"R\u00e9servations d&#039;excursions d&#039;une journ\u00e9e et d&#039;une nuit au parc national du Corcovado\" \/>\n\n\t\t\t\t\t\t\t<input type=\"hidden\" name=\"queried_id\" value=\"12903\"\/>\n\t\t\t\n\t\t\t<div class=\"elementor-form-fields-wrapper elementor-labels-\">\n\t\t\t\t\t\t\t\t<div class=\"elementor-field-type-text elementor-field-group elementor-column elementor-field-group-fname elementor-col-100 elementor-field-required\">\n\t\t\t\t\t\t\t\t\t\t\t\t<label for=\"form-field-fname\" class=\"elementor-field-label elementor-screen-only\">\n\t\t\t\t\t\t\t\tNom\t\t\t\t\t\t\t<\/label>\n\t\t\t\t\t\t\t\t\t\t\t\t\t\t<input size=\"1\" type=\"text\" name=\"form_fields[fname]\" id=\"form-field-fname\" class=\"elementor-field elementor-size-sm  elementor-field-textual\" placeholder=\"Pr\u00e9nom et nom\" required=\"required\">\n\t\t\t\t\t\t\t\t\t\t\t<\/div>\n\t\t\t\t\t\t\t\t<div class=\"elementor-field-type-email elementor-field-group elementor-column elementor-field-group-email elementor-col-100 elementor-field-required\">\n\t\t\t\t\t\t\t\t\t\t\t\t<label for=\"form-field-email\" class=\"elementor-field-label elementor-screen-only\">\n\t\t\t\t\t\t\t\tEmail\t\t\t\t\t\t\t<\/label>\n\t\t\t\t\t\t\t\t\t\t\t\t\t\t<input size=\"1\" type=\"email\" name=\"form_fields[email]\" id=\"form-field-email\" class=\"elementor-field elementor-size-sm  elementor-field-textual\" placeholder=\"Email\" required=\"required\">\n\t\t\t\t\t\t\t\t\t\t\t<\/div>\n\t\t\t\t\t\t\t\t<div class=\"elementor-field-type-text elementor-field-group elementor-column elementor-field-group-field_c1e0eea elementor-col-100\">\n\t\t\t\t\t\t\t\t\t\t\t\t<label for=\"form-field-field_c1e0eea\" class=\"elementor-field-label elementor-screen-only\">\n\t\t\t\t\t\t\t\tTexte\t\t\t\t\t\t\t<\/label>\n\t\t\t\t\t\t\t\t\t\t\t\t\t\t<input size=\"1\" type=\"text\" name=\"form_fields[field_c1e0eea]\" id=\"form-field-field_c1e0eea\" class=\"elementor-field elementor-size-sm  elementor-field-textual\" placeholder=\"Num\u00e9ro de t\u00e9l\u00e9phone avec pr\u00e9fixe de pays\">\n\t\t\t\t\t\t\t\t\t\t\t<\/div>\n\t\t\t\t\t\t\t\t<div class=\"elementor-field-type-textarea elementor-field-group elementor-column elementor-field-group-field_96ebecb elementor-col-100 elementor-field-required\">\n\t\t\t\t\t\t\t\t\t\t\t\t<label for=\"form-field-field_96ebecb\" class=\"elementor-field-label elementor-screen-only\">\n\t\t\t\t\t\t\t\tMessage\t\t\t\t\t\t\t<\/label>\n\t\t\t\t\t\t<textarea class=\"elementor-field-textual elementor-field  elementor-size-sm\" name=\"form_fields[field_96ebecb]\" id=\"form-field-field_96ebecb\" rows=\"5\" placeholder=\"Message\" required=\"required\"><\/textarea>\t\t\t\t<\/div>\n\t\t\t\t\t\t\t\t<div class=\"elementor-field-type-recaptcha_v3 elementor-field-group elementor-column elementor-field-group-field_98a8e7d elementor-col-100 recaptcha_v3-bottomright\">\n\t\t\t\t\t<div class=\"elementor-field\" id=\"form-field-field_98a8e7d\"><\/div>\t\t\t\t<\/div>\n\t\t\t\t\t\t\t\t<div class=\"elementor-field-type-text\">\n\t\t\t\t\t<input size=\"1\" type=\"text\" name=\"form_fields[field_e7bdb16]\" id=\"form-field-field_e7bdb16\" class=\"elementor-field elementor-size-sm \" style=\"display:none !important;\">\t\t\t\t<\/div>\n\t\t\t\t\t\t\t\t<div class=\"elementor-field-type-text\">\n\t\t\t\t\t<input size=\"1\" type=\"text\" name=\"form_fields[field_ffe1b20]\" id=\"form-field-field_ffe1b20\" class=\"elementor-field elementor-size-sm \" style=\"display:none !important;\">\t\t\t\t<\/div>\n\t\t\t\t\t\t\t\t<div class=\"elementor-field-type-text\">\n\t\t\t\t\t<input size=\"1\" type=\"text\" name=\"form_fields[field_5337c1f]\" id=\"form-field-field_5337c1f\" class=\"elementor-field elementor-size-sm \" style=\"display:none !important;\">\t\t\t\t<\/div>\n\t\t\t\t\t\t\t\t<div class=\"elementor-field-group elementor-column elementor-field-type-submit elementor-col-100 e-form__buttons\">\n\t\t\t\t\t<button class=\"elementor-button elementor-size-md elementor-animation-shrink\" type=\"submit\">\n\t\t\t\t\t\t<span class=\"elementor-button-content-wrapper\">\n\t\t\t\t\t\t\t\t\t\t\t\t\t\t\t\t\t\t\t\t\t\t<span class=\"elementor-button-text\">Envoyer<\/span>\n\t\t\t\t\t\t\t\t\t\t\t\t\t<\/span>\n\t\t\t\t\t<\/button>\n\t\t\t\t<\/div>\n\t\t\t<\/div>\n\t\t<\/form>\n\t\t\t\t\t\t<\/div>\n\t\t\t\t<\/div>\n\t\t\t\t\t<\/div>\n\t\t\t\t<\/div>\n\t\t<div class=\"elementor-element elementor-element-9d9fe83 e-flex e-con-boxed e-con e-child\" data-id=\"9d9fe83\" data-element_type=\"container\" data-e-type=\"container\">\n\t\t\t\t\t<div class=\"e-con-inner\">\n\t\t\t\t<div class=\"elementor-element elementor-element-1196229 elementor-widget elementor-widget-heading\" data-id=\"1196229\" data-element_type=\"widget\" data-e-type=\"widget\" data-widget_type=\"heading.default\">\n\t\t\t\t<div class=\"elementor-widget-container\">\n\t\t\t\t\t<h2 class=\"elementor-heading-title elementor-size-default\">Envoyez-nous un message WhatsApp pour obtenir une communication imm\u00e9diate<\/h2>\t\t\t\t<\/div>\n\t\t\t\t<\/div>\n\t\t\t\t<div class=\"elementor-element elementor-element-6dfc556 elementor-icon-list--layout-traditional elementor-list-item-link-full_width elementor-widget elementor-widget-icon-list\" data-id=\"6dfc556\" data-element_type=\"widget\" data-e-type=\"widget\" data-widget_type=\"icon-list.default\">\n\t\t\t\t<div class=\"elementor-widget-container\">\n\t\t\t\t\t\t\t<ul class=\"elementor-icon-list-items\">\n\t\t\t\t\t\t\t<li class=\"elementor-icon-list-item\">\n\t\t\t\t\t\t\t\t\t\t\t<a href=\"mailto:info@osagreatadventure.com\">\n\n\t\t\t\t\t\t\t\t\t\t\t<span class=\"elementor-icon-list-text\">info@osagreatadventure.com<\/span>\n\t\t\t\t\t\t\t\t\t\t\t<\/a>\n\t\t\t\t\t\t\t\t\t<\/li>\n\t\t\t\t\t\t\t\t<li class=\"elementor-icon-list-item\">\n\t\t\t\t\t\t\t\t\t\t\t<a href=\"tel:0050661025934\">\n\n\t\t\t\t\t\t\t\t\t\t\t<span class=\"elementor-icon-list-text\">+506 6102 5934<\/span>\n\t\t\t\t\t\t\t\t\t\t\t<\/a>\n\t\t\t\t\t\t\t\t\t<\/li>\n\t\t\t\t\t\t<\/ul>\n\t\t\t\t\t\t<\/div>\n\t\t\t\t<\/div>\n\t\t\t\t<div class=\"elementor-element elementor-element-ed1c072 elementor-align-center elementor-widget elementor-widget-button\" data-id=\"ed1c072\" data-element_type=\"widget\" data-e-type=\"widget\" data-widget_type=\"button.default\">\n\t\t\t\t<div class=\"elementor-widget-container\">\n\t\t\t\t\t\t\t\t\t<div class=\"elementor-button-wrapper\">\n\t\t\t\t\t<a class=\"elementor-button elementor-button-link elementor-size-xl elementor-animation-grow\" href=\"https:\/\/api.whatsapp.com\/send?phone=0050661025934\" target=\"_blank\">\n\t\t\t\t\t\t<span class=\"elementor-button-content-wrapper\">\n\t\t\t\t\t\t<span class=\"elementor-button-icon\">\n\t\t\t\t<svg aria-hidden=\"true\" class=\"e-font-icon-svg e-fab-whatsapp\" viewBox=\"0 0 448 512\" xmlns=\"http:\/\/www.w3.org\/2000\/svg\"><path d=\"M380.9 97.1C339 55.1 283.2 32 223.9 32c-122.4 0-222 99.6-222 222 0 39.1 10.2 77.3 29.6 111L0 480l117.7-30.9c32.4 17.7 68.9 27 106.1 27h.1c122.3 0 224.1-99.6 224.1-222 0-59.3-25.2-115-67.1-157zm-157 341.6c-33.2 0-65.7-8.9-94-25.7l-6.7-4-69.8 18.3L72 359.2l-4.4-7c-18.5-29.4-28.2-63.3-28.2-98.2 0-101.7 82.8-184.5 184.6-184.5 49.3 0 95.6 19.2 130.4 54.1 34.8 34.9 56.2 81.2 56.1 130.5 0 101.8-84.9 184.6-186.6 184.6zm101.2-138.2c-5.5-2.8-32.8-16.2-37.9-18-5.1-1.9-8.8-2.8-12.5 2.8-3.7 5.6-14.3 18-17.6 21.8-3.2 3.7-6.5 4.2-12 1.4-32.6-16.3-54-29.1-75.5-66-5.7-9.8 5.7-9.1 16.3-30.3 1.8-3.7.9-6.9-.5-9.7-1.4-2.8-12.5-30.1-17.1-41.2-4.5-10.8-9.1-9.3-12.5-9.5-3.2-.2-6.9-.2-10.6-.2-3.7 0-9.7 1.4-14.8 6.9-5.1 5.6-19.4 19-19.4 46.3 0 27.3 19.9 53.7 22.6 57.4 2.8 3.7 39.1 59.7 94.8 83.8 35.2 15.2 49 16.5 66.6 13.9 10.7-1.6 32.8-13.4 37.4-26.4 4.6-13 4.6-24.1 3.2-26.4-1.3-2.5-5-3.9-10.5-6.6z\"><\/path><\/svg>\t\t\t<\/span>\n\t\t\t\t\t\t\t\t\t<span class=\"elementor-button-text\">Envoyez-nous un WhatsApp<\/span>\n\t\t\t\t\t<\/span>\n\t\t\t\t\t<\/a>\n\t\t\t\t<\/div>\n\t\t\t\t\t\t\t\t<\/div>\n\t\t\t\t<\/div>\n\t\t\t\t\t<\/div>\n\t\t\t\t<\/div>\n\t\t\t\t\t<\/div>\n\t\t\t\t<\/div>\n\t\t\t\t<\/div>\n\t\t","protected":false},"excerpt":{"rendered":"<p>Nous sommes heureux de r\u00e9pondre \u00e0 vos questions. Ne vous inqui\u00e9tez pas, nous utilisons vos informations uniquement pour fournir des d\u00e9tails et des informations sur nos services, et elles ne sont jamais transmises \u00e0 des tiers. Envoyez-nous un message WhatsApp pour obtenir une communication imm\u00e9diate info@osagreatadventure.com +506 6102 5934 Envoyez-nous un WhatsApp<\/p>\n","protected":false},"author":2,"featured_media":0,"parent":0,"menu_order":0,"comment_status":"closed","ping_status":"closed","template":"elementor_header_footer","meta":{"footnotes":""},"class_list":["post-12903","page","type-page","status-publish","hentry"],"yoast_head":"<!-- This site is optimized with the Yoast SEO plugin v26.9 - https:\/\/yoast.com\/product\/yoast-seo-wordpress\/ -->\n<title>R\u00e9servations d&#039;excursions d&#039;une journ\u00e9e et d&#039;une nuit au parc national du Corcovado<\/title>\n<meta name=\"description\" content=\"Parc national du Corcovado Excursions d&#039;une nuit et d&#039;une journ\u00e9e \u00e0 Sirena et au poste de garde forestier de San Pedrillo. Venez avec nous pour profiter de la r\u00e9gion la plus sauvage du Costa Rica.\" \/>\n<meta name=\"robots\" content=\"index, follow, max-snippet:-1, max-image-preview:large, max-video-preview:-1\" \/>\n<link rel=\"canonical\" href=\"https:\/\/osagreatadventure.com\/fr\/reservations\" \/>\n<meta property=\"og:locale\" content=\"fr_FR\" \/>\n<meta property=\"og:type\" content=\"article\" \/>\n<meta property=\"og:title\" content=\"R\u00e9servations d&#039;excursions d&#039;une journ\u00e9e et d&#039;une nuit au parc national du Corcovado\" \/>\n<meta property=\"og:description\" content=\"Parc national du Corcovado Excursions d&#039;une nuit et d&#039;une journ\u00e9e \u00e0 Sirena et au poste de garde forestier de San Pedrillo. Venez avec nous pour profiter de la r\u00e9gion la plus sauvage du Costa Rica.\" \/>\n<meta property=\"og:url\" content=\"https:\/\/osagreatadventure.com\/fr\/reservations\" \/>\n<meta property=\"og:site_name\" content=\"Osa Great Adventure\" \/>\n<meta property=\"article:publisher\" content=\"https:\/\/www.facebook.com\/OsaGreatAdventure\/\" \/>\n<meta property=\"article:modified_time\" content=\"2024-07-28T22:15:02+00:00\" \/>\n<script type=\"application\/ld+json\" class=\"yoast-schema-graph\">{\"@context\":\"https:\/\/schema.org\",\"@graph\":[{\"@type\":\"WebPage\",\"@id\":\"https:\/\/osagreatadventure.com\/fr\/reservations\",\"url\":\"https:\/\/osagreatadventure.com\/fr\/reservations\",\"name\":\"R\u00e9servations d'excursions d'une journ\u00e9e et d'une nuit au parc national du Corcovado\",\"isPartOf\":{\"@id\":\"https:\/\/osagreatadventure.com\/fr#website\"},\"datePublished\":\"2023-04-11T09:08:38+00:00\",\"dateModified\":\"2024-07-28T22:15:02+00:00\",\"description\":\"Parc national du Corcovado Excursions d'une nuit et d'une journ\u00e9e \u00e0 Sirena et au poste de garde forestier de San Pedrillo. Venez avec nous pour profiter de la r\u00e9gion la plus sauvage du Costa Rica.\",\"breadcrumb\":{\"@id\":\"https:\/\/osagreatadventure.com\/fr\/reservations#breadcrumb\"},\"inLanguage\":\"fr-FR\",\"potentialAction\":[{\"@type\":\"ReadAction\",\"target\":[\"https:\/\/osagreatadventure.com\/fr\/reservations\"]}]},{\"@type\":\"BreadcrumbList\",\"@id\":\"https:\/\/osagreatadventure.com\/fr\/reservations#breadcrumb\",\"itemListElement\":[{\"@type\":\"ListItem\",\"position\":1,\"name\":\"Home\",\"item\":\"https:\/\/osagreatadventure.com\/fr\"},{\"@type\":\"ListItem\",\"position\":2,\"name\":\"R\u00e9servations\"}]},{\"@type\":\"WebSite\",\"@id\":\"https:\/\/osagreatadventure.com\/fr#website\",\"url\":\"https:\/\/osagreatadventure.com\/fr\",\"name\":\"Osa Great Adventure\",\"description\":\"Wildlife Observation Experts\",\"publisher\":{\"@id\":\"https:\/\/osagreatadventure.com\/fr#organization\"},\"potentialAction\":[{\"@type\":\"SearchAction\",\"target\":{\"@type\":\"EntryPoint\",\"urlTemplate\":\"https:\/\/osagreatadventure.com\/fr?s={search_term_string}\"},\"query-input\":{\"@type\":\"PropertyValueSpecification\",\"valueRequired\":true,\"valueName\":\"search_term_string\"}}],\"inLanguage\":\"fr-FR\"},{\"@type\":\"Organization\",\"@id\":\"https:\/\/osagreatadventure.com\/fr#organization\",\"name\":\"Osa Great Adventure\",\"url\":\"https:\/\/osagreatadventure.com\/fr\",\"logo\":{\"@type\":\"ImageObject\",\"inLanguage\":\"fr-FR\",\"@id\":\"https:\/\/osagreatadventure.com\/fr#\/schema\/logo\/image\/\",\"url\":\"https:\/\/osagreatadventure.com\/wp-content\/uploads\/2018\/04\/logo-osa-great-adventure-1.png\",\"contentUrl\":\"https:\/\/osagreatadventure.com\/wp-content\/uploads\/2018\/04\/logo-osa-great-adventure-1.png\",\"width\":153,\"height\":151,\"caption\":\"Osa Great Adventure\"},\"image\":{\"@id\":\"https:\/\/osagreatadventure.com\/fr#\/schema\/logo\/image\/\"},\"sameAs\":[\"https:\/\/www.facebook.com\/OsaGreatAdventure\/\",\"https:\/\/x.com\/osa84488724\",\"https:\/\/www.instagram.com\/osa_great_adventure\/\",\"https:\/\/www.linkedin.com\/in\/osa-great-adventure-8624a964\/\",\"https:\/\/www.pinterest.es\/osagreatadventu\/\",\"https:\/\/www.youtube.com\/channel\/UC7AEPnai7kjfdj8JPVn7w-g?view_as=subscriber\"]}]}<\/script>\n<!-- \/ Yoast SEO plugin. -->","yoast_head_json":{"title":"R\u00e9servations d'excursions d'une journ\u00e9e et d'une nuit au parc national du Corcovado","description":"Parc national du Corcovado Excursions d'une nuit et d'une journ\u00e9e \u00e0 Sirena et au poste de garde forestier de San Pedrillo. Venez avec nous pour profiter de la r\u00e9gion la plus sauvage du Costa Rica.","robots":{"index":"index","follow":"follow","max-snippet":"max-snippet:-1","max-image-preview":"max-image-preview:large","max-video-preview":"max-video-preview:-1"},"canonical":"https:\/\/osagreatadventure.com\/fr\/reservations","og_locale":"fr_FR","og_type":"article","og_title":"R\u00e9servations d'excursions d'une journ\u00e9e et d'une nuit au parc national du Corcovado","og_description":"Parc national du Corcovado Excursions d'une nuit et d'une journ\u00e9e \u00e0 Sirena et au poste de garde forestier de San Pedrillo. Venez avec nous pour profiter de la r\u00e9gion la plus sauvage du Costa Rica.","og_url":"https:\/\/osagreatadventure.com\/fr\/reservations","og_site_name":"Osa Great Adventure","article_publisher":"https:\/\/www.facebook.com\/OsaGreatAdventure\/","article_modified_time":"2024-07-28T22:15:02+00:00","schema":{"@context":"https:\/\/schema.org","@graph":[{"@type":"WebPage","@id":"https:\/\/osagreatadventure.com\/fr\/reservations","url":"https:\/\/osagreatadventure.com\/fr\/reservations","name":"R\u00e9servations d'excursions d'une journ\u00e9e et d'une nuit au parc national du Corcovado","isPartOf":{"@id":"https:\/\/osagreatadventure.com\/fr#website"},"datePublished":"2023-04-11T09:08:38+00:00","dateModified":"2024-07-28T22:15:02+00:00","description":"Parc national du Corcovado Excursions d'une nuit et d'une journ\u00e9e \u00e0 Sirena et au poste de garde forestier de San Pedrillo. Venez avec nous pour profiter de la r\u00e9gion la plus sauvage du Costa Rica.","breadcrumb":{"@id":"https:\/\/osagreatadventure.com\/fr\/reservations#breadcrumb"},"inLanguage":"fr-FR","potentialAction":[{"@type":"ReadAction","target":["https:\/\/osagreatadventure.com\/fr\/reservations"]}]},{"@type":"BreadcrumbList","@id":"https:\/\/osagreatadventure.com\/fr\/reservations#breadcrumb","itemListElement":[{"@type":"ListItem","position":1,"name":"Home","item":"https:\/\/osagreatadventure.com\/fr"},{"@type":"ListItem","position":2,"name":"R\u00e9servations"}]},{"@type":"WebSite","@id":"https:\/\/osagreatadventure.com\/fr#website","url":"https:\/\/osagreatadventure.com\/fr","name":"Osa Great Adventure","description":"Wildlife Observation Experts","publisher":{"@id":"https:\/\/osagreatadventure.com\/fr#organization"},"potentialAction":[{"@type":"SearchAction","target":{"@type":"EntryPoint","urlTemplate":"https:\/\/osagreatadventure.com\/fr?s={search_term_string}"},"query-input":{"@type":"PropertyValueSpecification","valueRequired":true,"valueName":"search_term_string"}}],"inLanguage":"fr-FR"},{"@type":"Organization","@id":"https:\/\/osagreatadventure.com\/fr#organization","name":"Osa Great Adventure","url":"https:\/\/osagreatadventure.com\/fr","logo":{"@type":"ImageObject","inLanguage":"fr-FR","@id":"https:\/\/osagreatadventure.com\/fr#\/schema\/logo\/image\/","url":"https:\/\/osagreatadventure.com\/wp-content\/uploads\/2018\/04\/logo-osa-great-adventure-1.png","contentUrl":"https:\/\/osagreatadventure.com\/wp-content\/uploads\/2018\/04\/logo-osa-great-adventure-1.png","width":153,"height":151,"caption":"Osa Great Adventure"},"image":{"@id":"https:\/\/osagreatadventure.com\/fr#\/schema\/logo\/image\/"},"sameAs":["https:\/\/www.facebook.com\/OsaGreatAdventure\/","https:\/\/x.com\/osa84488724","https:\/\/www.instagram.com\/osa_great_adventure\/","https:\/\/www.linkedin.com\/in\/osa-great-adventure-8624a964\/","https:\/\/www.pinterest.es\/osagreatadventu\/","https:\/\/www.youtube.com\/channel\/UC7AEPnai7kjfdj8JPVn7w-g?view_as=subscriber"]}]}},"_links":{"self":[{"href":"https:\/\/osagreatadventure.com\/fr\/wp-json\/wp\/v2\/pages\/12903","targetHints":{"allow":["GET"]}}],"collection":[{"href":"https:\/\/osagreatadventure.com\/fr\/wp-json\/wp\/v2\/pages"}],"about":[{"href":"https:\/\/osagreatadventure.com\/fr\/wp-json\/wp\/v2\/types\/page"}],"author":[{"embeddable":true,"href":"https:\/\/osagreatadventure.com\/fr\/wp-json\/wp\/v2\/users\/2"}],"replies":[{"embeddable":true,"href":"https:\/\/osagreatadventure.com\/fr\/wp-json\/wp\/v2\/comments?post=12903"}],"version-history":[{"count":3,"href":"https:\/\/osagreatadventure.com\/fr\/wp-json\/wp\/v2\/pages\/12903\/revisions"}],"predecessor-version":[{"id":14455,"href":"https:\/\/osagreatadventure.com\/fr\/wp-json\/wp\/v2\/pages\/12903\/revisions\/14455"}],"wp:attachment":[{"href":"https:\/\/osagreatadventure.com\/fr\/wp-json\/wp\/v2\/media?parent=12903"}],"curies":[{"name":"wp","href":"https:\/\/api.w.org\/{rel}","templated":true}]}}