{"id":12915,"date":"2023-04-11T08:10:10","date_gmt":"2023-04-11T14:10:10","guid":{"rendered":"https:\/\/osagreatadventure.com\/excursion-en-kayak-au-coucher-du-soleil-et-bioluminescence-puerto-jimenez-costa-rica"},"modified":"2024-03-19T21:28:57","modified_gmt":"2024-03-20T03:28:57","slug":"excursion-en-kayak-au-coucher-du-soleil-et-bioluminescence-puerto-jimenez-costa-rica","status":"publish","type":"page","link":"https:\/\/osagreatadventure.com\/fr\/excursion-en-kayak-au-coucher-du-soleil-et-bioluminescence-puerto-jimenez-costa-rica","title":{"rendered":"Excursion en kayak au coucher du soleil et bioluminescence-Puerto Jim\u00e9nez-Costa Rica"},"content":{"rendered":"\t\t<div data-elementor-type=\"wp-page\" data-elementor-id=\"12915\" class=\"elementor elementor-12915 elementor-6984\" data-elementor-post-type=\"page\">\n\t\t\t\t\t\t<section class=\"elementor-section elementor-top-section elementor-element elementor-element-54730cc elementor-section-boxed elementor-section-height-default elementor-section-height-default\" data-id=\"54730cc\" data-element_type=\"section\" data-e-type=\"section\">\n\t\t\t\t\t\t<div class=\"elementor-container elementor-column-gap-default\">\n\t\t\t\t\t<div class=\"elementor-column elementor-col-100 elementor-top-column elementor-element elementor-element-caf2d74\" data-id=\"caf2d74\" data-element_type=\"column\" data-e-type=\"column\">\n\t\t\t<div class=\"elementor-widget-wrap elementor-element-populated\">\n\t\t\t\t\t\t<div class=\"elementor-element elementor-element-32ed035 elementor-widget elementor-widget-heading\" data-id=\"32ed035\" data-element_type=\"widget\" data-e-type=\"widget\" data-widget_type=\"heading.default\">\n\t\t\t\t<div class=\"elementor-widget-container\">\n\t\t\t\t\t<h1 class=\"elementor-heading-title elementor-size-xl\">Excursion en kayak au coucher du soleil et \u00e0 la bioluminescence<\/h1>\t\t\t\t<\/div>\n\t\t\t\t<\/div>\n\t\t\t\t<div class=\"elementor-element elementor-element-6f6f95b elementor-widget elementor-widget-heading\" data-id=\"6f6f95b\" data-element_type=\"widget\" data-e-type=\"widget\" data-widget_type=\"heading.default\">\n\t\t\t\t<div class=\"elementor-widget-container\">\n\t\t\t\t\t<h2 class=\"elementor-heading-title elementor-size-default\">Excursion en kayak au coucher du soleil et \u00e0 la bioluminescence<\/h2>\t\t\t\t<\/div>\n\t\t\t\t<\/div>\n\t\t\t\t<div class=\"elementor-element elementor-element-d25aa49 elementor-widget elementor-widget-text-editor\" data-id=\"d25aa49\" data-element_type=\"widget\" data-e-type=\"widget\" data-widget_type=\"text-editor.default\">\n\t\t\t\t<div class=\"elementor-widget-container\">\n\t\t\t\t\t\t\t\t\t<p>Combiner le coucher du soleil et la bioluminescence dans une excursion de trois heures en kayak est \u00e0 la fois relaxant et int\u00e9ressant.<\/p>\n\t\t\t\t\t\t\t\t<\/div>\n\t\t\t\t<\/div>\n\t\t\t\t\t<\/div>\n\t\t<\/div>\n\t\t\t\t\t<\/div>\n\t\t<\/section>\n\t\t\t\t<section class=\"elementor-section elementor-top-section elementor-element elementor-element-52d96c6 elementor-section-stretched elementor-section-full_width elementor-section-height-default elementor-section-height-default\" data-id=\"52d96c6\" data-element_type=\"section\" data-e-type=\"section\" data-settings=\"{&quot;stretch_section&quot;:&quot;section-stretched&quot;,&quot;background_background&quot;:&quot;classic&quot;,&quot;background_motion_fx_motion_fx_scrolling&quot;:&quot;yes&quot;,&quot;background_motion_fx_translateX_effect&quot;:&quot;yes&quot;,&quot;background_motion_fx_devices&quot;:[&quot;desktop&quot;,&quot;tablet&quot;],&quot;background_motion_fx_translateX_speed&quot;:{&quot;unit&quot;:&quot;px&quot;,&quot;size&quot;:4,&quot;sizes&quot;:[]},&quot;background_motion_fx_translateX_affectedRange&quot;:{&quot;unit&quot;:&quot;%&quot;,&quot;size&quot;:&quot;&quot;,&quot;sizes&quot;:{&quot;start&quot;:0,&quot;end&quot;:100}}}\">\n\t\t\t\t\t\t\t<div class=\"elementor-background-overlay\"><\/div>\n\t\t\t\t\t\t\t<div class=\"elementor-container elementor-column-gap-default\">\n\t\t\t\t\t<div class=\"elementor-column elementor-col-100 elementor-top-column elementor-element elementor-element-4e30595\" data-id=\"4e30595\" data-element_type=\"column\" data-e-type=\"column\" data-settings=\"{&quot;background_background&quot;:&quot;classic&quot;}\">\n\t\t\t<div class=\"elementor-widget-wrap elementor-element-populated\">\n\t\t\t\t\t\t<div class=\"elementor-element elementor-element-04d31a3 elementor-widget elementor-widget-heading\" data-id=\"04d31a3\" data-element_type=\"widget\" data-e-type=\"widget\" data-widget_type=\"heading.default\">\n\t\t\t\t<div class=\"elementor-widget-container\">\n\t\t\t\t\t<h1 class=\"elementor-heading-title elementor-size-default\">Excursion en kayak au coucher du soleil et \u00e0 la bioluminescence<\/h1>\t\t\t\t<\/div>\n\t\t\t\t<\/div>\n\t\t\t\t<div class=\"elementor-element elementor-element-fe52916 elementor-widget elementor-widget-text-editor\" data-id=\"fe52916\" data-element_type=\"widget\" data-e-type=\"widget\" data-widget_type=\"text-editor.default\">\n\t\t\t\t<div class=\"elementor-widget-container\">\n\t\t\t\t\t\t\t\t\t<p>Cette activit\u00e9 commence \u00e0 16:00 et dure trois heures. Le but de l&rsquo;activit\u00e9 est d&rsquo;observer la fin de journ\u00e9e et de voir le plancton briller \u00e0 la tomb\u00e9e de la nuit. Des animaux comme des singes, des serpents et des oiseaux peuvent faire partie de cette visite.<\/p>\n\t\t\t\t\t\t\t\t<\/div>\n\t\t\t\t<\/div>\n\t\t\t\t<div class=\"elementor-element elementor-element-44a5775 elementor-widget elementor-widget-toggle\" data-id=\"44a5775\" data-element_type=\"widget\" data-e-type=\"widget\" data-widget_type=\"toggle.default\">\n\t\t\t\t<div class=\"elementor-widget-container\">\n\t\t\t\t\t\t\t<div class=\"elementor-toggle\">\n\t\t\t\t\t\t\t<div class=\"elementor-toggle-item\">\n\t\t\t\t\t<div id=\"elementor-tab-title-7191\" class=\"elementor-tab-title\" data-tab=\"1\" role=\"button\" aria-controls=\"elementor-tab-content-7191\" aria-expanded=\"false\">\n\t\t\t\t\t\t\t\t\t\t\t\t<span class=\"elementor-toggle-icon elementor-toggle-icon-left\" aria-hidden=\"true\">\n\t\t\t\t\t\t\t\t\t\t\t\t\t\t\t<span class=\"elementor-toggle-icon-closed\"><svg class=\"e-font-icon-svg e-fas-caret-right\" viewBox=\"0 0 192 512\" xmlns=\"http:\/\/www.w3.org\/2000\/svg\"><path d=\"M0 384.662V127.338c0-17.818 21.543-26.741 34.142-14.142l128.662 128.662c7.81 7.81 7.81 20.474 0 28.284L34.142 398.804C21.543 411.404 0 402.48 0 384.662z\"><\/path><\/svg><\/span>\n\t\t\t\t\t\t\t\t<span class=\"elementor-toggle-icon-opened\"><svg class=\"elementor-toggle-icon-opened e-font-icon-svg e-fas-caret-up\" viewBox=\"0 0 320 512\" xmlns=\"http:\/\/www.w3.org\/2000\/svg\"><path d=\"M288.662 352H31.338c-17.818 0-26.741-21.543-14.142-34.142l128.662-128.662c7.81-7.81 20.474-7.81 28.284 0l128.662 128.662c12.6 12.599 3.676 34.142-14.142 34.142z\"><\/path><\/svg><\/span>\n\t\t\t\t\t\t\t\t\t\t\t\t\t<\/span>\n\t\t\t\t\t\t\t\t\t\t\t\t<a class=\"elementor-toggle-title\" tabindex=\"0\">Comprend<\/a>\n\t\t\t\t\t<\/div>\n\n\t\t\t\t\t<div id=\"elementor-tab-content-7191\" class=\"elementor-tab-content elementor-clearfix\" data-tab=\"1\" role=\"region\" aria-labelledby=\"elementor-tab-title-7191\"><ul>\n<li>Guide touristique bilingue (anglais et espagnol).<\/li>\n<li>Eau.<\/li>\n<li>Fruit.<\/li>\n<\/ul>\n<\/div>\n\t\t\t\t<\/div>\n\t\t\t\t\t\t\t<div class=\"elementor-toggle-item\">\n\t\t\t\t\t<div id=\"elementor-tab-title-7192\" class=\"elementor-tab-title\" data-tab=\"2\" role=\"button\" aria-controls=\"elementor-tab-content-7192\" aria-expanded=\"false\">\n\t\t\t\t\t\t\t\t\t\t\t\t<span class=\"elementor-toggle-icon elementor-toggle-icon-left\" aria-hidden=\"true\">\n\t\t\t\t\t\t\t\t\t\t\t\t\t\t\t<span class=\"elementor-toggle-icon-closed\"><svg class=\"e-font-icon-svg e-fas-caret-right\" viewBox=\"0 0 192 512\" xmlns=\"http:\/\/www.w3.org\/2000\/svg\"><path d=\"M0 384.662V127.338c0-17.818 21.543-26.741 34.142-14.142l128.662 128.662c7.81 7.81 7.81 20.474 0 28.284L34.142 398.804C21.543 411.404 0 402.48 0 384.662z\"><\/path><\/svg><\/span>\n\t\t\t\t\t\t\t\t<span class=\"elementor-toggle-icon-opened\"><svg class=\"elementor-toggle-icon-opened e-font-icon-svg e-fas-caret-up\" viewBox=\"0 0 320 512\" xmlns=\"http:\/\/www.w3.org\/2000\/svg\"><path d=\"M288.662 352H31.338c-17.818 0-26.741-21.543-14.142-34.142l128.662-128.662c7.81-7.81 20.474-7.81 28.284 0l128.662 128.662c12.6 12.599 3.676 34.142-14.142 34.142z\"><\/path><\/svg><\/span>\n\t\t\t\t\t\t\t\t\t\t\t\t\t<\/span>\n\t\t\t\t\t\t\t\t\t\t\t\t<a class=\"elementor-toggle-title\" tabindex=\"0\">Recommandations<\/a>\n\t\t\t\t\t<\/div>\n\n\t\t\t\t\t<div id=\"elementor-tab-content-7192\" class=\"elementor-tab-content elementor-clearfix\" data-tab=\"2\" role=\"region\" aria-labelledby=\"elementor-tab-title-7192\"><ul>\n<li>Chaussures \u00e0 bout ouvert.<\/li>\n<li>R\u00e9pulsif contre les moustiques (utilisez-le avant d&rsquo;arriver)<\/li>\n<li>Poncho (pendant la saison des pluies).<\/li>\n<li>Des lunettes de soleil.<\/li>\n<li>Apportez de l&rsquo;eau pour la visite.<\/li>\n<li>Chapeau.<\/li>\n<\/ul>\n<\/div>\n\t\t\t\t<\/div>\n\t\t\t\t\t\t\t<div class=\"elementor-toggle-item\">\n\t\t\t\t\t<div id=\"elementor-tab-title-7193\" class=\"elementor-tab-title\" data-tab=\"3\" role=\"button\" aria-controls=\"elementor-tab-content-7193\" aria-expanded=\"false\">\n\t\t\t\t\t\t\t\t\t\t\t\t<span class=\"elementor-toggle-icon elementor-toggle-icon-left\" aria-hidden=\"true\">\n\t\t\t\t\t\t\t\t\t\t\t\t\t\t\t<span class=\"elementor-toggle-icon-closed\"><svg class=\"e-font-icon-svg e-fas-caret-right\" viewBox=\"0 0 192 512\" xmlns=\"http:\/\/www.w3.org\/2000\/svg\"><path d=\"M0 384.662V127.338c0-17.818 21.543-26.741 34.142-14.142l128.662 128.662c7.81 7.81 7.81 20.474 0 28.284L34.142 398.804C21.543 411.404 0 402.48 0 384.662z\"><\/path><\/svg><\/span>\n\t\t\t\t\t\t\t\t<span class=\"elementor-toggle-icon-opened\"><svg class=\"elementor-toggle-icon-opened e-font-icon-svg e-fas-caret-up\" viewBox=\"0 0 320 512\" xmlns=\"http:\/\/www.w3.org\/2000\/svg\"><path d=\"M288.662 352H31.338c-17.818 0-26.741-21.543-14.142-34.142l128.662-128.662c7.81-7.81 20.474-7.81 28.284 0l128.662 128.662c12.6 12.599 3.676 34.142-14.142 34.142z\"><\/path><\/svg><\/span>\n\t\t\t\t\t\t\t\t\t\t\t\t\t<\/span>\n\t\t\t\t\t\t\t\t\t\t\t\t<a class=\"elementor-toggle-title\" tabindex=\"0\">Prix<\/a>\n\t\t\t\t\t<\/div>\n\n\t\t\t\t\t<div id=\"elementor-tab-content-7193\" class=\"elementor-tab-content elementor-clearfix\" data-tab=\"3\" role=\"region\" aria-labelledby=\"elementor-tab-title-7193\"><p>$65 par personne<\/p>\n<\/div>\n\t\t\t\t<\/div>\n\t\t\t\t\t\t\t\t<\/div>\n\t\t\t\t\t\t<\/div>\n\t\t\t\t<\/div>\n\t\t\t\t<section class=\"elementor-section elementor-inner-section elementor-element elementor-element-3987fb8 elementor-section-boxed elementor-section-height-default elementor-section-height-default\" data-id=\"3987fb8\" data-element_type=\"section\" data-e-type=\"section\">\n\t\t\t\t\t\t<div class=\"elementor-container elementor-column-gap-default\">\n\t\t\t\t\t<div class=\"elementor-column elementor-col-50 elementor-inner-column elementor-element elementor-element-e56c4e4\" data-id=\"e56c4e4\" data-element_type=\"column\" data-e-type=\"column\">\n\t\t\t<div class=\"elementor-widget-wrap elementor-element-populated\">\n\t\t\t\t\t\t<div class=\"elementor-element elementor-element-176597c elementor-widget elementor-widget-image\" data-id=\"176597c\" data-element_type=\"widget\" data-e-type=\"widget\" data-widget_type=\"image.default\">\n\t\t\t\t<div class=\"elementor-widget-container\">\n\t\t\t\t\t\t\t\t\t\t\t\t\t\t\t<img fetchpriority=\"high\" decoding=\"async\" width=\"800\" height=\"813\" src=\"https:\/\/osagreatadventure.com\/wp-content\/uploads\/2020\/02\/Puerto-Jimenez-Night-Walk-Costa-Rica.jpeg\" class=\"attachment-large size-large wp-image-12701\" alt=\"\" srcset=\"https:\/\/osagreatadventure.com\/wp-content\/uploads\/2020\/02\/Puerto-Jimenez-Night-Walk-Costa-Rica.jpeg 844w, https:\/\/osagreatadventure.com\/wp-content\/uploads\/2020\/02\/Puerto-Jimenez-Night-Walk-Costa-Rica-295x300.jpeg 295w, https:\/\/osagreatadventure.com\/wp-content\/uploads\/2020\/02\/Puerto-Jimenez-Night-Walk-Costa-Rica-768x781.jpeg 768w\" sizes=\"(max-width: 800px) 100vw, 800px\" \/>\t\t\t\t\t\t\t\t\t\t\t\t\t\t\t<\/div>\n\t\t\t\t<\/div>\n\t\t\t\t\t<\/div>\n\t\t<\/div>\n\t\t\t\t<div class=\"elementor-column elementor-col-50 elementor-inner-column elementor-element elementor-element-8524c82\" data-id=\"8524c82\" data-element_type=\"column\" data-e-type=\"column\">\n\t\t\t<div class=\"elementor-widget-wrap elementor-element-populated\">\n\t\t\t\t\t\t<div class=\"elementor-element elementor-element-6bf4bdf elementor-align-center elementor-mobile-align-center elementor-tablet-align-center elementor-widget elementor-widget-button\" data-id=\"6bf4bdf\" data-element_type=\"widget\" data-e-type=\"widget\" data-widget_type=\"button.default\">\n\t\t\t\t<div class=\"elementor-widget-container\">\n\t\t\t\t\t\t\t\t\t<div class=\"elementor-button-wrapper\">\n\t\t\t\t\t<a class=\"elementor-button elementor-button-link elementor-size-md elementor-animation-grow\" href=\"https:\/\/osagreatadventure.com\/fr\/reservations\">\n\t\t\t\t\t\t<span class=\"elementor-button-content-wrapper\">\n\t\t\t\t\t\t<span class=\"elementor-button-icon\">\n\t\t\t\t<svg aria-hidden=\"true\" class=\"e-font-icon-svg e-fas-arrow-right\" viewBox=\"0 0 448 512\" xmlns=\"http:\/\/www.w3.org\/2000\/svg\"><path d=\"M190.5 66.9l22.2-22.2c9.4-9.4 24.6-9.4 33.9 0L441 239c9.4 9.4 9.4 24.6 0 33.9L246.6 467.3c-9.4 9.4-24.6 9.4-33.9 0l-22.2-22.2c-9.5-9.5-9.3-25 .4-34.3L311.4 296H24c-13.3 0-24-10.7-24-24v-32c0-13.3 10.7-24 24-24h287.4L190.9 101.2c-9.8-9.3-10-24.8-.4-34.3z\"><\/path><\/svg>\t\t\t<\/span>\n\t\t\t\t\t\t\t\t\t<span class=\"elementor-button-text\">Envoyez-nous un e-mail<\/span>\n\t\t\t\t\t<\/span>\n\t\t\t\t\t<\/a>\n\t\t\t\t<\/div>\n\t\t\t\t\t\t\t\t<\/div>\n\t\t\t\t<\/div>\n\t\t\t\t\t<\/div>\n\t\t<\/div>\n\t\t\t\t\t<\/div>\n\t\t<\/section>\n\t\t\t\t\t<\/div>\n\t\t<\/div>\n\t\t\t\t\t<\/div>\n\t\t<\/section>\n\t\t\t\t<\/div>\n\t\t","protected":false},"excerpt":{"rendered":"<p>Excursion en kayak au coucher du soleil et \u00e0 la bioluminescence Excursion en kayak au coucher du soleil et \u00e0 la bioluminescence Combiner le coucher du soleil et la bioluminescence dans une excursion de trois heures en kayak est \u00e0 la fois relaxant et int\u00e9ressant. Excursion en kayak au coucher du soleil et \u00e0 la [&hellip;]<\/p>\n","protected":false},"author":2,"featured_media":0,"parent":0,"menu_order":0,"comment_status":"closed","ping_status":"closed","template":"elementor_header_footer","meta":{"footnotes":""},"class_list":["post-12915","page","type-page","status-publish","hentry"],"yoast_head":"<!-- This site is optimized with the Yoast SEO plugin v26.9 - https:\/\/yoast.com\/product\/yoast-seo-wordpress\/ -->\n<title>Excursion en kayak au coucher du soleil et bioluminescence-Puerto Jim\u00e9nez-Costa Rica | Osa Great Adventure<\/title>\n<meta name=\"description\" content=\"Excursion en kayak au coucher du soleil et \u00e0 la bioluminescence Excursion en kayak au coucher du soleil et \u00e0 la bioluminescence Combiner le coucher du\" \/>\n<meta name=\"robots\" content=\"index, follow, max-snippet:-1, max-image-preview:large, max-video-preview:-1\" \/>\n<link rel=\"canonical\" href=\"https:\/\/osagreatadventure.com\/fr\/excursion-en-kayak-au-coucher-du-soleil-et-bioluminescence-puerto-jimenez-costa-rica\" \/>\n<meta property=\"og:locale\" content=\"fr_FR\" \/>\n<meta property=\"og:type\" content=\"article\" \/>\n<meta property=\"og:title\" content=\"Excursion en kayak au coucher du soleil et bioluminescence-Puerto Jim\u00e9nez-Costa Rica | Osa Great Adventure\" \/>\n<meta property=\"og:description\" content=\"Excursion en kayak au coucher du soleil et \u00e0 la bioluminescence Excursion en kayak au coucher du soleil et \u00e0 la bioluminescence Combiner le coucher du\" \/>\n<meta property=\"og:url\" content=\"https:\/\/osagreatadventure.com\/fr\/excursion-en-kayak-au-coucher-du-soleil-et-bioluminescence-puerto-jimenez-costa-rica\" \/>\n<meta property=\"og:site_name\" content=\"Osa Great Adventure\" \/>\n<meta property=\"article:publisher\" content=\"https:\/\/www.facebook.com\/OsaGreatAdventure\/\" \/>\n<meta property=\"article:modified_time\" content=\"2024-03-20T03:28:57+00:00\" \/>\n<meta property=\"og:image\" content=\"https:\/\/osagreatadventure.com\/wp-content\/uploads\/2020\/02\/Puerto-Jimenez-Night-Walk-Costa-Rica.jpeg\" \/>\n\t<meta property=\"og:image:width\" content=\"844\" \/>\n\t<meta property=\"og:image:height\" content=\"858\" \/>\n\t<meta property=\"og:image:type\" content=\"image\/jpeg\" \/>\n<meta name=\"twitter:label1\" content=\"Dur\u00e9e de lecture estim\u00e9e\" \/>\n\t<meta name=\"twitter:data1\" content=\"1 minute\" \/>\n<script type=\"application\/ld+json\" class=\"yoast-schema-graph\">{\"@context\":\"https:\/\/schema.org\",\"@graph\":[{\"@type\":\"WebPage\",\"@id\":\"https:\/\/osagreatadventure.com\/fr\/excursion-en-kayak-au-coucher-du-soleil-et-bioluminescence-puerto-jimenez-costa-rica\",\"url\":\"https:\/\/osagreatadventure.com\/fr\/excursion-en-kayak-au-coucher-du-soleil-et-bioluminescence-puerto-jimenez-costa-rica\",\"name\":\"Excursion en kayak au coucher du soleil et bioluminescence-Puerto Jim\u00e9nez-Costa Rica | Osa Great Adventure\",\"isPartOf\":{\"@id\":\"https:\/\/osagreatadventure.com\/fr#website\"},\"primaryImageOfPage\":{\"@id\":\"https:\/\/osagreatadventure.com\/fr\/excursion-en-kayak-au-coucher-du-soleil-et-bioluminescence-puerto-jimenez-costa-rica#primaryimage\"},\"image\":{\"@id\":\"https:\/\/osagreatadventure.com\/fr\/excursion-en-kayak-au-coucher-du-soleil-et-bioluminescence-puerto-jimenez-costa-rica#primaryimage\"},\"thumbnailUrl\":\"https:\/\/osagreatadventure.com\/wp-content\/uploads\/2020\/02\/Puerto-Jimenez-Night-Walk-Costa-Rica.jpeg\",\"datePublished\":\"2023-04-11T14:10:10+00:00\",\"dateModified\":\"2024-03-20T03:28:57+00:00\",\"description\":\"Excursion en kayak au coucher du soleil et \u00e0 la bioluminescence Excursion en kayak au coucher du soleil et \u00e0 la bioluminescence Combiner le coucher du\",\"breadcrumb\":{\"@id\":\"https:\/\/osagreatadventure.com\/fr\/excursion-en-kayak-au-coucher-du-soleil-et-bioluminescence-puerto-jimenez-costa-rica#breadcrumb\"},\"inLanguage\":\"fr-FR\",\"potentialAction\":[{\"@type\":\"ReadAction\",\"target\":[\"https:\/\/osagreatadventure.com\/fr\/excursion-en-kayak-au-coucher-du-soleil-et-bioluminescence-puerto-jimenez-costa-rica\"]}]},{\"@type\":\"ImageObject\",\"inLanguage\":\"fr-FR\",\"@id\":\"https:\/\/osagreatadventure.com\/fr\/excursion-en-kayak-au-coucher-du-soleil-et-bioluminescence-puerto-jimenez-costa-rica#primaryimage\",\"url\":\"https:\/\/osagreatadventure.com\/wp-content\/uploads\/2020\/02\/Puerto-Jimenez-Night-Walk-Costa-Rica.jpeg\",\"contentUrl\":\"https:\/\/osagreatadventure.com\/wp-content\/uploads\/2020\/02\/Puerto-Jimenez-Night-Walk-Costa-Rica.jpeg\"},{\"@type\":\"BreadcrumbList\",\"@id\":\"https:\/\/osagreatadventure.com\/fr\/excursion-en-kayak-au-coucher-du-soleil-et-bioluminescence-puerto-jimenez-costa-rica#breadcrumb\",\"itemListElement\":[{\"@type\":\"ListItem\",\"position\":1,\"name\":\"Home\",\"item\":\"https:\/\/osagreatadventure.com\/fr\"},{\"@type\":\"ListItem\",\"position\":2,\"name\":\"Excursion en kayak au coucher du soleil et bioluminescence-Puerto Jim\u00e9nez-Costa Rica\"}]},{\"@type\":\"WebSite\",\"@id\":\"https:\/\/osagreatadventure.com\/fr#website\",\"url\":\"https:\/\/osagreatadventure.com\/fr\",\"name\":\"Osa Great Adventure\",\"description\":\"Wildlife Observation Experts\",\"publisher\":{\"@id\":\"https:\/\/osagreatadventure.com\/fr#organization\"},\"potentialAction\":[{\"@type\":\"SearchAction\",\"target\":{\"@type\":\"EntryPoint\",\"urlTemplate\":\"https:\/\/osagreatadventure.com\/fr?s={search_term_string}\"},\"query-input\":{\"@type\":\"PropertyValueSpecification\",\"valueRequired\":true,\"valueName\":\"search_term_string\"}}],\"inLanguage\":\"fr-FR\"},{\"@type\":\"Organization\",\"@id\":\"https:\/\/osagreatadventure.com\/fr#organization\",\"name\":\"Osa Great Adventure\",\"url\":\"https:\/\/osagreatadventure.com\/fr\",\"logo\":{\"@type\":\"ImageObject\",\"inLanguage\":\"fr-FR\",\"@id\":\"https:\/\/osagreatadventure.com\/fr#\/schema\/logo\/image\/\",\"url\":\"https:\/\/osagreatadventure.com\/wp-content\/uploads\/2018\/04\/logo-osa-great-adventure-1.png\",\"contentUrl\":\"https:\/\/osagreatadventure.com\/wp-content\/uploads\/2018\/04\/logo-osa-great-adventure-1.png\",\"width\":153,\"height\":151,\"caption\":\"Osa Great Adventure\"},\"image\":{\"@id\":\"https:\/\/osagreatadventure.com\/fr#\/schema\/logo\/image\/\"},\"sameAs\":[\"https:\/\/www.facebook.com\/OsaGreatAdventure\/\",\"https:\/\/x.com\/osa84488724\",\"https:\/\/www.instagram.com\/osa_great_adventure\/\",\"https:\/\/www.linkedin.com\/in\/osa-great-adventure-8624a964\/\",\"https:\/\/www.pinterest.es\/osagreatadventu\/\",\"https:\/\/www.youtube.com\/channel\/UC7AEPnai7kjfdj8JPVn7w-g?view_as=subscriber\"]}]}<\/script>\n<!-- \/ Yoast SEO plugin. -->","yoast_head_json":{"title":"Excursion en kayak au coucher du soleil et bioluminescence-Puerto Jim\u00e9nez-Costa Rica | Osa Great Adventure","description":"Excursion en kayak au coucher du soleil et \u00e0 la bioluminescence Excursion en kayak au coucher du soleil et \u00e0 la bioluminescence Combiner le coucher du","robots":{"index":"index","follow":"follow","max-snippet":"max-snippet:-1","max-image-preview":"max-image-preview:large","max-video-preview":"max-video-preview:-1"},"canonical":"https:\/\/osagreatadventure.com\/fr\/excursion-en-kayak-au-coucher-du-soleil-et-bioluminescence-puerto-jimenez-costa-rica","og_locale":"fr_FR","og_type":"article","og_title":"Excursion en kayak au coucher du soleil et bioluminescence-Puerto Jim\u00e9nez-Costa Rica | Osa Great Adventure","og_description":"Excursion en kayak au coucher du soleil et \u00e0 la bioluminescence Excursion en kayak au coucher du soleil et \u00e0 la bioluminescence Combiner le coucher du","og_url":"https:\/\/osagreatadventure.com\/fr\/excursion-en-kayak-au-coucher-du-soleil-et-bioluminescence-puerto-jimenez-costa-rica","og_site_name":"Osa Great Adventure","article_publisher":"https:\/\/www.facebook.com\/OsaGreatAdventure\/","article_modified_time":"2024-03-20T03:28:57+00:00","og_image":[{"width":844,"height":858,"url":"https:\/\/osagreatadventure.com\/wp-content\/uploads\/2020\/02\/Puerto-Jimenez-Night-Walk-Costa-Rica.jpeg","type":"image\/jpeg"}],"twitter_misc":{"Dur\u00e9e de lecture estim\u00e9e":"1 minute"},"schema":{"@context":"https:\/\/schema.org","@graph":[{"@type":"WebPage","@id":"https:\/\/osagreatadventure.com\/fr\/excursion-en-kayak-au-coucher-du-soleil-et-bioluminescence-puerto-jimenez-costa-rica","url":"https:\/\/osagreatadventure.com\/fr\/excursion-en-kayak-au-coucher-du-soleil-et-bioluminescence-puerto-jimenez-costa-rica","name":"Excursion en kayak au coucher du soleil et bioluminescence-Puerto Jim\u00e9nez-Costa Rica | Osa Great Adventure","isPartOf":{"@id":"https:\/\/osagreatadventure.com\/fr#website"},"primaryImageOfPage":{"@id":"https:\/\/osagreatadventure.com\/fr\/excursion-en-kayak-au-coucher-du-soleil-et-bioluminescence-puerto-jimenez-costa-rica#primaryimage"},"image":{"@id":"https:\/\/osagreatadventure.com\/fr\/excursion-en-kayak-au-coucher-du-soleil-et-bioluminescence-puerto-jimenez-costa-rica#primaryimage"},"thumbnailUrl":"https:\/\/osagreatadventure.com\/wp-content\/uploads\/2020\/02\/Puerto-Jimenez-Night-Walk-Costa-Rica.jpeg","datePublished":"2023-04-11T14:10:10+00:00","dateModified":"2024-03-20T03:28:57+00:00","description":"Excursion en kayak au coucher du soleil et \u00e0 la bioluminescence Excursion en kayak au coucher du soleil et \u00e0 la bioluminescence Combiner le coucher du","breadcrumb":{"@id":"https:\/\/osagreatadventure.com\/fr\/excursion-en-kayak-au-coucher-du-soleil-et-bioluminescence-puerto-jimenez-costa-rica#breadcrumb"},"inLanguage":"fr-FR","potentialAction":[{"@type":"ReadAction","target":["https:\/\/osagreatadventure.com\/fr\/excursion-en-kayak-au-coucher-du-soleil-et-bioluminescence-puerto-jimenez-costa-rica"]}]},{"@type":"ImageObject","inLanguage":"fr-FR","@id":"https:\/\/osagreatadventure.com\/fr\/excursion-en-kayak-au-coucher-du-soleil-et-bioluminescence-puerto-jimenez-costa-rica#primaryimage","url":"https:\/\/osagreatadventure.com\/wp-content\/uploads\/2020\/02\/Puerto-Jimenez-Night-Walk-Costa-Rica.jpeg","contentUrl":"https:\/\/osagreatadventure.com\/wp-content\/uploads\/2020\/02\/Puerto-Jimenez-Night-Walk-Costa-Rica.jpeg"},{"@type":"BreadcrumbList","@id":"https:\/\/osagreatadventure.com\/fr\/excursion-en-kayak-au-coucher-du-soleil-et-bioluminescence-puerto-jimenez-costa-rica#breadcrumb","itemListElement":[{"@type":"ListItem","position":1,"name":"Home","item":"https:\/\/osagreatadventure.com\/fr"},{"@type":"ListItem","position":2,"name":"Excursion en kayak au coucher du soleil et bioluminescence-Puerto Jim\u00e9nez-Costa Rica"}]},{"@type":"WebSite","@id":"https:\/\/osagreatadventure.com\/fr#website","url":"https:\/\/osagreatadventure.com\/fr","name":"Osa Great Adventure","description":"Wildlife Observation Experts","publisher":{"@id":"https:\/\/osagreatadventure.com\/fr#organization"},"potentialAction":[{"@type":"SearchAction","target":{"@type":"EntryPoint","urlTemplate":"https:\/\/osagreatadventure.com\/fr?s={search_term_string}"},"query-input":{"@type":"PropertyValueSpecification","valueRequired":true,"valueName":"search_term_string"}}],"inLanguage":"fr-FR"},{"@type":"Organization","@id":"https:\/\/osagreatadventure.com\/fr#organization","name":"Osa Great Adventure","url":"https:\/\/osagreatadventure.com\/fr","logo":{"@type":"ImageObject","inLanguage":"fr-FR","@id":"https:\/\/osagreatadventure.com\/fr#\/schema\/logo\/image\/","url":"https:\/\/osagreatadventure.com\/wp-content\/uploads\/2018\/04\/logo-osa-great-adventure-1.png","contentUrl":"https:\/\/osagreatadventure.com\/wp-content\/uploads\/2018\/04\/logo-osa-great-adventure-1.png","width":153,"height":151,"caption":"Osa Great Adventure"},"image":{"@id":"https:\/\/osagreatadventure.com\/fr#\/schema\/logo\/image\/"},"sameAs":["https:\/\/www.facebook.com\/OsaGreatAdventure\/","https:\/\/x.com\/osa84488724","https:\/\/www.instagram.com\/osa_great_adventure\/","https:\/\/www.linkedin.com\/in\/osa-great-adventure-8624a964\/","https:\/\/www.pinterest.es\/osagreatadventu\/","https:\/\/www.youtube.com\/channel\/UC7AEPnai7kjfdj8JPVn7w-g?view_as=subscriber"]}]}},"_links":{"self":[{"href":"https:\/\/osagreatadventure.com\/fr\/wp-json\/wp\/v2\/pages\/12915","targetHints":{"allow":["GET"]}}],"collection":[{"href":"https:\/\/osagreatadventure.com\/fr\/wp-json\/wp\/v2\/pages"}],"about":[{"href":"https:\/\/osagreatadventure.com\/fr\/wp-json\/wp\/v2\/types\/page"}],"author":[{"embeddable":true,"href":"https:\/\/osagreatadventure.com\/fr\/wp-json\/wp\/v2\/users\/2"}],"replies":[{"embeddable":true,"href":"https:\/\/osagreatadventure.com\/fr\/wp-json\/wp\/v2\/comments?post=12915"}],"version-history":[{"count":4,"href":"https:\/\/osagreatadventure.com\/fr\/wp-json\/wp\/v2\/pages\/12915\/revisions"}],"predecessor-version":[{"id":14094,"href":"https:\/\/osagreatadventure.com\/fr\/wp-json\/wp\/v2\/pages\/12915\/revisions\/14094"}],"wp:attachment":[{"href":"https:\/\/osagreatadventure.com\/fr\/wp-json\/wp\/v2\/media?parent=12915"}],"curies":[{"name":"wp","href":"https:\/\/api.w.org\/{rel}","templated":true}]}}