{"id":14577,"date":"2024-12-15T09:42:59","date_gmt":"2024-12-15T15:42:59","guid":{"rendered":"https:\/\/osagreatadventure.com\/page-de-remerciement-tour-du-corcovado"},"modified":"2026-02-03T09:17:16","modified_gmt":"2026-02-03T15:17:16","slug":"page-de-remerciement-tour-du-corcovado","status":"publish","type":"page","link":"https:\/\/osagreatadventure.com\/fr\/page-de-remerciement-tour-du-corcovado","title":{"rendered":"Page de remerciement Tour du Corcovado"},"content":{"rendered":"\t\t<div data-elementor-type=\"wp-page\" data-elementor-id=\"14577\" class=\"elementor elementor-14577 elementor-14566\" data-elementor-post-type=\"page\">\n\t\t\t\t<div class=\"elementor-element elementor-element-a7f5a36 e-flex e-con-boxed e-con e-parent\" data-id=\"a7f5a36\" data-element_type=\"container\" data-e-type=\"container\">\n\t\t\t\t\t<div class=\"e-con-inner\">\n\t\t\t\t<div class=\"elementor-element elementor-element-1d297a4 elementor-widget elementor-widget-heading\" data-id=\"1d297a4\" data-element_type=\"widget\" data-e-type=\"widget\" data-widget_type=\"heading.default\">\n\t\t\t\t<div class=\"elementor-widget-container\">\n\t\t\t\t\t<h2 class=\"elementor-heading-title elementor-size-default\">Merci d'avoir contact\u00e9 Osa Great Adventure, nous allons travailler aussi vite que possible pour nous assurer que vous ne manquiez pas cette formidable exp\u00e9rience.<\/h2>\t\t\t\t<\/div>\n\t\t\t\t<\/div>\n\t\t\t\t<div class=\"elementor-element elementor-element-dcc32c4 elementor-align-center elementor-widget elementor-widget-button\" data-id=\"dcc32c4\" data-element_type=\"widget\" data-e-type=\"widget\" data-widget_type=\"button.default\">\n\t\t\t\t<div class=\"elementor-widget-container\">\n\t\t\t\t\t\t\t\t\t<div class=\"elementor-button-wrapper\">\n\t\t\t\t\t<a class=\"elementor-button elementor-button-link elementor-size-sm\" href=\"https:\/\/wa.me\/50661025934?text=Salut%20%21%20Je%20viens%20de%20soumettre%20le%20formulaire%20pour%20une%20excursion%20%C3%A0%20Corcovado.Point%20de%20d%C3%A9part%20%3A%20____Dates%20%3A%20____Personnes%20%3A%20____Jours%20%3A%20____Source%20%3A%20Landing%20Thank%20You\">\n\t\t\t\t\t\t<span class=\"elementor-button-content-wrapper\">\n\t\t\t\t\t\t<span class=\"elementor-button-icon\">\n\t\t\t\t<svg aria-hidden=\"true\" class=\"e-font-icon-svg e-fab-whatsapp\" viewBox=\"0 0 448 512\" xmlns=\"http:\/\/www.w3.org\/2000\/svg\"><path d=\"M380.9 97.1C339 55.1 283.2 32 223.9 32c-122.4 0-222 99.6-222 222 0 39.1 10.2 77.3 29.6 111L0 480l117.7-30.9c32.4 17.7 68.9 27 106.1 27h.1c122.3 0 224.1-99.6 224.1-222 0-59.3-25.2-115-67.1-157zm-157 341.6c-33.2 0-65.7-8.9-94-25.7l-6.7-4-69.8 18.3L72 359.2l-4.4-7c-18.5-29.4-28.2-63.3-28.2-98.2 0-101.7 82.8-184.5 184.6-184.5 49.3 0 95.6 19.2 130.4 54.1 34.8 34.9 56.2 81.2 56.1 130.5 0 101.8-84.9 184.6-186.6 184.6zm101.2-138.2c-5.5-2.8-32.8-16.2-37.9-18-5.1-1.9-8.8-2.8-12.5 2.8-3.7 5.6-14.3 18-17.6 21.8-3.2 3.7-6.5 4.2-12 1.4-32.6-16.3-54-29.1-75.5-66-5.7-9.8 5.7-9.1 16.3-30.3 1.8-3.7.9-6.9-.5-9.7-1.4-2.8-12.5-30.1-17.1-41.2-4.5-10.8-9.1-9.3-12.5-9.5-3.2-.2-6.9-.2-10.6-.2-3.7 0-9.7 1.4-14.8 6.9-5.1 5.6-19.4 19-19.4 46.3 0 27.3 19.9 53.7 22.6 57.4 2.8 3.7 39.1 59.7 94.8 83.8 35.2 15.2 49 16.5 66.6 13.9 10.7-1.6 32.8-13.4 37.4-26.4 4.6-13 4.6-24.1 3.2-26.4-1.3-2.5-5-3.9-10.5-6.6z\"><\/path><\/svg>\t\t\t<\/span>\n\t\t\t\t\t\t\t\t\t<span class=\"elementor-button-text\">Envoyez ceci sur WhatsApp pour confirmer la meilleure option pour vous<\/span>\n\t\t\t\t\t<\/span>\n\t\t\t\t\t<\/a>\n\t\t\t\t<\/div>\n\t\t\t\t\t\t\t\t<\/div>\n\t\t\t\t<\/div>\n\t\t\t\t<div class=\"elementor-element elementor-element-26ae774 elementor-widget elementor-widget-heading\" data-id=\"26ae774\" data-element_type=\"widget\" data-e-type=\"widget\" data-widget_type=\"heading.default\">\n\t\t\t\t<div class=\"elementor-widget-container\">\n\t\t\t\t\t<h3 class=\"elementor-heading-title elementor-size-default\">R\u00e9ponse plus rapide. Nous vous recommanderons le meilleur tour \u00e0 Corcovado en fonction de vos informations.<\/h3>\t\t\t\t<\/div>\n\t\t\t\t<\/div>\n\t\t\t\t\t<\/div>\n\t\t\t\t<\/div>\n\t\t\t\t<\/div>\n\t\t","protected":false},"excerpt":{"rendered":"<p>Merci d&rsquo;avoir contact\u00e9 Osa Great Adventure, nous allons travailler aussi vite que possible pour nous assurer que vous ne manquiez pas cette formidable exp\u00e9rience. Envoyez ceci sur WhatsApp pour confirmer la meilleure option pour vous R\u00e9ponse plus rapide. Nous vous recommanderons le meilleur tour \u00e0 Corcovado en fonction de vos informations.<\/p>\n","protected":false},"author":2,"featured_media":0,"parent":0,"menu_order":0,"comment_status":"closed","ping_status":"closed","template":"elementor_header_footer","meta":{"footnotes":""},"class_list":["post-14577","page","type-page","status-publish","hentry"],"yoast_head":"<!-- This site is optimized with the Yoast SEO plugin v26.9 - https:\/\/yoast.com\/product\/yoast-seo-wordpress\/ -->\n<title>Page de remerciement Tour du Corcovado | Osa Great Adventure<\/title>\n<meta name=\"description\" content=\"Merci d&#039;avoir contact\u00e9 Osa Great Adventure, nous allons travailler aussi vite que possible pour nous assurer que vous ne manquiez pas cette formidable\" \/>\n<meta name=\"robots\" content=\"index, follow, max-snippet:-1, max-image-preview:large, max-video-preview:-1\" \/>\n<link rel=\"canonical\" href=\"https:\/\/osagreatadventure.com\/fr\/page-de-remerciement-tour-du-corcovado\" \/>\n<meta property=\"og:locale\" content=\"fr_FR\" \/>\n<meta property=\"og:type\" content=\"article\" \/>\n<meta property=\"og:title\" content=\"Page de remerciement Tour du Corcovado | Osa Great Adventure\" \/>\n<meta property=\"og:description\" content=\"Merci d&#039;avoir contact\u00e9 Osa Great Adventure, nous allons travailler aussi vite que possible pour nous assurer que vous ne manquiez pas cette formidable\" \/>\n<meta property=\"og:url\" content=\"https:\/\/osagreatadventure.com\/fr\/page-de-remerciement-tour-du-corcovado\" \/>\n<meta property=\"og:site_name\" content=\"Osa Great Adventure\" \/>\n<meta property=\"article:publisher\" content=\"https:\/\/www.facebook.com\/OsaGreatAdventure\/\" \/>\n<meta property=\"article:modified_time\" content=\"2026-02-03T15:17:16+00:00\" \/>\n<script type=\"application\/ld+json\" class=\"yoast-schema-graph\">{\"@context\":\"https:\/\/schema.org\",\"@graph\":[{\"@type\":\"WebPage\",\"@id\":\"https:\/\/osagreatadventure.com\/fr\/page-de-remerciement-tour-du-corcovado\",\"url\":\"https:\/\/osagreatadventure.com\/fr\/page-de-remerciement-tour-du-corcovado\",\"name\":\"Page de remerciement Tour du Corcovado | Osa Great Adventure\",\"isPartOf\":{\"@id\":\"https:\/\/osagreatadventure.com\/fr#website\"},\"datePublished\":\"2024-12-15T15:42:59+00:00\",\"dateModified\":\"2026-02-03T15:17:16+00:00\",\"description\":\"Merci d'avoir contact\u00e9 Osa Great Adventure, nous allons travailler aussi vite que possible pour nous assurer que vous ne manquiez pas cette formidable\",\"breadcrumb\":{\"@id\":\"https:\/\/osagreatadventure.com\/fr\/page-de-remerciement-tour-du-corcovado#breadcrumb\"},\"inLanguage\":\"fr-FR\",\"potentialAction\":[{\"@type\":\"ReadAction\",\"target\":[\"https:\/\/osagreatadventure.com\/fr\/page-de-remerciement-tour-du-corcovado\"]}]},{\"@type\":\"BreadcrumbList\",\"@id\":\"https:\/\/osagreatadventure.com\/fr\/page-de-remerciement-tour-du-corcovado#breadcrumb\",\"itemListElement\":[{\"@type\":\"ListItem\",\"position\":1,\"name\":\"Home\",\"item\":\"https:\/\/osagreatadventure.com\/fr\"},{\"@type\":\"ListItem\",\"position\":2,\"name\":\"Page de remerciement Tour du Corcovado\"}]},{\"@type\":\"WebSite\",\"@id\":\"https:\/\/osagreatadventure.com\/fr#website\",\"url\":\"https:\/\/osagreatadventure.com\/fr\",\"name\":\"Osa Great Adventure\",\"description\":\"Wildlife Observation Experts\",\"publisher\":{\"@id\":\"https:\/\/osagreatadventure.com\/fr#organization\"},\"potentialAction\":[{\"@type\":\"SearchAction\",\"target\":{\"@type\":\"EntryPoint\",\"urlTemplate\":\"https:\/\/osagreatadventure.com\/fr?s={search_term_string}\"},\"query-input\":{\"@type\":\"PropertyValueSpecification\",\"valueRequired\":true,\"valueName\":\"search_term_string\"}}],\"inLanguage\":\"fr-FR\"},{\"@type\":\"Organization\",\"@id\":\"https:\/\/osagreatadventure.com\/fr#organization\",\"name\":\"Osa Great Adventure\",\"url\":\"https:\/\/osagreatadventure.com\/fr\",\"logo\":{\"@type\":\"ImageObject\",\"inLanguage\":\"fr-FR\",\"@id\":\"https:\/\/osagreatadventure.com\/fr#\/schema\/logo\/image\/\",\"url\":\"https:\/\/osagreatadventure.com\/wp-content\/uploads\/2018\/04\/logo-osa-great-adventure-1.png\",\"contentUrl\":\"https:\/\/osagreatadventure.com\/wp-content\/uploads\/2018\/04\/logo-osa-great-adventure-1.png\",\"width\":153,\"height\":151,\"caption\":\"Osa Great Adventure\"},\"image\":{\"@id\":\"https:\/\/osagreatadventure.com\/fr#\/schema\/logo\/image\/\"},\"sameAs\":[\"https:\/\/www.facebook.com\/OsaGreatAdventure\/\",\"https:\/\/x.com\/osa84488724\",\"https:\/\/www.instagram.com\/osa_great_adventure\/\",\"https:\/\/www.linkedin.com\/in\/osa-great-adventure-8624a964\/\",\"https:\/\/www.pinterest.es\/osagreatadventu\/\",\"https:\/\/www.youtube.com\/channel\/UC7AEPnai7kjfdj8JPVn7w-g?view_as=subscriber\"]}]}<\/script>\n<!-- \/ Yoast SEO plugin. -->","yoast_head_json":{"title":"Page de remerciement Tour du Corcovado | Osa Great Adventure","description":"Merci d'avoir contact\u00e9 Osa Great Adventure, nous allons travailler aussi vite que possible pour nous assurer que vous ne manquiez pas cette formidable","robots":{"index":"index","follow":"follow","max-snippet":"max-snippet:-1","max-image-preview":"max-image-preview:large","max-video-preview":"max-video-preview:-1"},"canonical":"https:\/\/osagreatadventure.com\/fr\/page-de-remerciement-tour-du-corcovado","og_locale":"fr_FR","og_type":"article","og_title":"Page de remerciement Tour du Corcovado | Osa Great Adventure","og_description":"Merci d'avoir contact\u00e9 Osa Great Adventure, nous allons travailler aussi vite que possible pour nous assurer que vous ne manquiez pas cette formidable","og_url":"https:\/\/osagreatadventure.com\/fr\/page-de-remerciement-tour-du-corcovado","og_site_name":"Osa Great Adventure","article_publisher":"https:\/\/www.facebook.com\/OsaGreatAdventure\/","article_modified_time":"2026-02-03T15:17:16+00:00","schema":{"@context":"https:\/\/schema.org","@graph":[{"@type":"WebPage","@id":"https:\/\/osagreatadventure.com\/fr\/page-de-remerciement-tour-du-corcovado","url":"https:\/\/osagreatadventure.com\/fr\/page-de-remerciement-tour-du-corcovado","name":"Page de remerciement Tour du Corcovado | Osa Great Adventure","isPartOf":{"@id":"https:\/\/osagreatadventure.com\/fr#website"},"datePublished":"2024-12-15T15:42:59+00:00","dateModified":"2026-02-03T15:17:16+00:00","description":"Merci d'avoir contact\u00e9 Osa Great Adventure, nous allons travailler aussi vite que possible pour nous assurer que vous ne manquiez pas cette formidable","breadcrumb":{"@id":"https:\/\/osagreatadventure.com\/fr\/page-de-remerciement-tour-du-corcovado#breadcrumb"},"inLanguage":"fr-FR","potentialAction":[{"@type":"ReadAction","target":["https:\/\/osagreatadventure.com\/fr\/page-de-remerciement-tour-du-corcovado"]}]},{"@type":"BreadcrumbList","@id":"https:\/\/osagreatadventure.com\/fr\/page-de-remerciement-tour-du-corcovado#breadcrumb","itemListElement":[{"@type":"ListItem","position":1,"name":"Home","item":"https:\/\/osagreatadventure.com\/fr"},{"@type":"ListItem","position":2,"name":"Page de remerciement Tour du Corcovado"}]},{"@type":"WebSite","@id":"https:\/\/osagreatadventure.com\/fr#website","url":"https:\/\/osagreatadventure.com\/fr","name":"Osa Great Adventure","description":"Wildlife Observation Experts","publisher":{"@id":"https:\/\/osagreatadventure.com\/fr#organization"},"potentialAction":[{"@type":"SearchAction","target":{"@type":"EntryPoint","urlTemplate":"https:\/\/osagreatadventure.com\/fr?s={search_term_string}"},"query-input":{"@type":"PropertyValueSpecification","valueRequired":true,"valueName":"search_term_string"}}],"inLanguage":"fr-FR"},{"@type":"Organization","@id":"https:\/\/osagreatadventure.com\/fr#organization","name":"Osa Great Adventure","url":"https:\/\/osagreatadventure.com\/fr","logo":{"@type":"ImageObject","inLanguage":"fr-FR","@id":"https:\/\/osagreatadventure.com\/fr#\/schema\/logo\/image\/","url":"https:\/\/osagreatadventure.com\/wp-content\/uploads\/2018\/04\/logo-osa-great-adventure-1.png","contentUrl":"https:\/\/osagreatadventure.com\/wp-content\/uploads\/2018\/04\/logo-osa-great-adventure-1.png","width":153,"height":151,"caption":"Osa Great Adventure"},"image":{"@id":"https:\/\/osagreatadventure.com\/fr#\/schema\/logo\/image\/"},"sameAs":["https:\/\/www.facebook.com\/OsaGreatAdventure\/","https:\/\/x.com\/osa84488724","https:\/\/www.instagram.com\/osa_great_adventure\/","https:\/\/www.linkedin.com\/in\/osa-great-adventure-8624a964\/","https:\/\/www.pinterest.es\/osagreatadventu\/","https:\/\/www.youtube.com\/channel\/UC7AEPnai7kjfdj8JPVn7w-g?view_as=subscriber"]}]}},"_links":{"self":[{"href":"https:\/\/osagreatadventure.com\/fr\/wp-json\/wp\/v2\/pages\/14577","targetHints":{"allow":["GET"]}}],"collection":[{"href":"https:\/\/osagreatadventure.com\/fr\/wp-json\/wp\/v2\/pages"}],"about":[{"href":"https:\/\/osagreatadventure.com\/fr\/wp-json\/wp\/v2\/types\/page"}],"author":[{"embeddable":true,"href":"https:\/\/osagreatadventure.com\/fr\/wp-json\/wp\/v2\/users\/2"}],"replies":[{"embeddable":true,"href":"https:\/\/osagreatadventure.com\/fr\/wp-json\/wp\/v2\/comments?post=14577"}],"version-history":[{"count":2,"href":"https:\/\/osagreatadventure.com\/fr\/wp-json\/wp\/v2\/pages\/14577\/revisions"}],"predecessor-version":[{"id":19656,"href":"https:\/\/osagreatadventure.com\/fr\/wp-json\/wp\/v2\/pages\/14577\/revisions\/19656"}],"wp:attachment":[{"href":"https:\/\/osagreatadventure.com\/fr\/wp-json\/wp\/v2\/media?parent=14577"}],"curies":[{"name":"wp","href":"https:\/\/api.w.org\/{rel}","templated":true}]}}